{"id":16,"date":"2021-05-05T15:37:18","date_gmt":"2021-05-05T12:37:18","guid":{"rendered":"https:\/\/xxbet-company.com\/?page_id=16"},"modified":"2021-05-17T16:06:19","modified_gmt":"2021-05-17T13:06:19","slug":"22bet-online-sports-betting-and-best-odds","status":"publish","type":"page","link":"https:\/\/xxbet-company.com\/de\/","title":{"rendered":"22Bet &#8211; the best conditions for betting"},"content":{"rendered":"<div id=\"ez-toc-container\" class=\"ez-toc-v2_0_34 counter-flat ez-toc-counter ez-toc-transparent ez-toc-container-direction\">\n<div class=\"ez-toc-title-container\">\n<p class=\"ez-toc-title\">Inhaltsverzeichnis<\/p>\n<span class=\"ez-toc-title-toggle\"><\/span><\/div>\n<nav><ul class='ez-toc-list ez-toc-list-level-1'><li class='ez-toc-page-1'><a class=\"ez-toc-link ez-toc-heading-1\" href=\"https:\/\/xxbet-company.com\/de\/#Pros_of_22bet\" title=\"Vorteile von 22bet\">Vorteile von 22bet<\/a><\/li><li class='ez-toc-page-1'><a class=\"ez-toc-link ez-toc-heading-2\" href=\"https:\/\/xxbet-company.com\/de\/#Registration_and_bonuses_at_22Bet\" title=\"Registrierung und Bonusse bei 22Bet\">Registrierung und Bonusse bei 22Bet<\/a><\/li><li class='ez-toc-page-1'><a class=\"ez-toc-link ez-toc-heading-3\" href=\"https:\/\/xxbet-company.com\/de\/#Line_and_painting\" title=\"Linie und Malerei\">Linie und Malerei<\/a><\/li><li class='ez-toc-page-1'><a class=\"ez-toc-link ez-toc-heading-4\" href=\"https:\/\/xxbet-company.com\/de\/#Mobile_app_22Bet\" title=\"Mobile App 22Bet\">Mobile App 22Bet<\/a><\/li><li class='ez-toc-page-1'><a class=\"ez-toc-link ez-toc-heading-5\" href=\"https:\/\/xxbet-company.com\/de\/#Deposit_and_withdrawal_of_money\" title=\"Einzahlen und Abheben von Geld\">Einzahlen und Abheben von Geld<\/a><\/li><li class='ez-toc-page-1'><a class=\"ez-toc-link ez-toc-heading-6\" href=\"https:\/\/xxbet-company.com\/de\/#22Bet_Support\" title=\"22Bet Unterst\u00fctzung\">22Bet Unterst\u00fctzung<\/a><\/li><\/ul><\/nav><\/div>\n\n<p>Der Buchmacher 22Bet wurde 2017 in Gro\u00dfbritannien gegr\u00fcndet und hat seinen Hauptsitz in Zypern. 22Bet operiert unter einer offiziellen Lizenz von Curacao und hat auch lokale Lizenzen in vielen afrikanischen L\u00e4ndern wie Nigeria und Kenia. Die Marke hat ihren Bekanntheitsgrad mit den ehemaligen Fu\u00dfballern Nuno Gomes und Kevin Kuranyi als Botschafter erweitert. In diesem 22Bet Testbericht erfahren Sie alles \u00fcber die hohen Quoten des Buchmachers, eine gro\u00dfe Auswahl an Zahlungsmethoden und sehr attraktive und profitable Promotionen.<\/p>\n\n\n\n<figure class=\"wp-block-image size-full\"><img loading=\"lazy\" width=\"1358\" height=\"724\" src=\"https:\/\/xxbet-company.com\/wp-content\/uploads\/2021\/05\/22bet-site-en.png\" alt=\"Official site 22Bet\" class=\"wp-image-73\" srcset=\"https:\/\/xxbet-company.com\/wp-content\/uploads\/2021\/05\/22bet-site-en.png 1358w, https:\/\/xxbet-company.com\/wp-content\/uploads\/2021\/05\/22bet-site-en-300x160.png 300w, https:\/\/xxbet-company.com\/wp-content\/uploads\/2021\/05\/22bet-site-en-1024x546.png 1024w, https:\/\/xxbet-company.com\/wp-content\/uploads\/2021\/05\/22bet-site-en-16x9.png 16w\" sizes=\"(max-width: 1358px) 100vw, 1358px\" title=\"\"><figcaption>Offizielle Seite 22Bet<\/figcaption><\/figure>\n\n\n\n<h2><span class=\"ez-toc-section\" id=\"Pros_of_22bet\"><\/span><strong>Vorteile von 22bet<\/strong><span class=\"ez-toc-section-end\"><\/span><\/h2>\n\n\n\n<ul><li>40+ Sportarten verf\u00fcgbar<\/li><li>mehr als 2.000 Pre-Match-Events t\u00e4glich<\/li><li>95% Auszahlung auf die ersten 5 Ligen<\/li><li>450+ Seitenwetten<\/li><li>sofortige Auszahlung<\/li><li>Zahlreiche Live-Streams<\/li><li>Schnelles Gebot \/ Mein Gebot bearbeiten<\/li><li>Mobile Anwendungen<\/li><li>100+ Zahlungsarten<\/li><\/ul>\n\n\n\n<h2><span class=\"ez-toc-section\" id=\"Registration_and_bonuses_at_22Bet\"><\/span><strong>Registrierung und Bonusse bei 22Bet<\/strong><span class=\"ez-toc-section-end\"><\/span><\/h2>\n\n\n\n<p>Neue Kunden k\u00f6nnen sich auf \u20ac 122 auf ihre erste Einzahlung in ein Sportwettenkonto und \u20ac 300 auf eine Casino-Einzahlung freuen, sowie auf einen \u20ac 50 Bonus auf wiederholte Einzahlungen. 22bet kann als eine neue Welle von Buchmachern eingestuft werden, von denen es mittlerweile viele gibt und \u00e4hnelt in seiner Software wie \u00fcblich einem der Marktf\u00fchrer. Ein sehr schnelles, aber nicht regenbogenartiges Design, eine gro\u00dfe <a href=\"https:\/\/en.wikipedia.org\/wiki\/Payment_system#:~:text=A%20payment%20system%20is%20any,that%20make%20its%20exchange%20possible.\" class=\"rank-math-link\" rel=\"nofollow noopener\" target=\"_blank\">Auswahl der Zahlungsarten<\/a>, Mid-Market-Quoten und ein unendlicher Spread - so l\u00e4sst sich 22bet kurz und b\u00fcndig zusammenfassen.<\/p>\n\n\n\n<h2><span class=\"ez-toc-section\" id=\"Line_and_painting\"><\/span><strong>Linie und Malerei<\/strong><span class=\"ez-toc-section-end\"><\/span><\/h2>\n\n\n\n<p>Der Sportwettenbereich von 22Bet bietet 95% + Auszahlungen auf die wichtigsten Sportarten wie Fu\u00dfball, Basketball und Tennis.<\/p>\n\n\n\n<p>Online-Sportwetten 22Bet bietet \u00fcber 60.000 Pre-Match-Events pro Monat aus \u00fcber 40 Sportarten. Der Buchmacher bietet auch \u00fcber 450 Nebenwetten auf jedes Fu\u00dfballspiel, wie ein Unentschieden in einer der beiden H\u00e4lften, Summen und mehr. Basketball- und Tennisfans finden viele alternative Events sowie 100+ exotische Wetten wie z.B. Periodenwetten, 1.\/2. Halbzeit und Rennen auf bestimmte Punkte. Funktionen wie \"Edit Bet\" und \"Redemption Bet\" erm\u00f6glichen es Ihnen, online fast ohne Risiko zu wetten, was besonders f\u00fcr Anf\u00e4nger interessant ist.<\/p>\n\n\n\n<figure class=\"wp-block-image size-full\"><img loading=\"lazy\" width=\"1040\" height=\"725\" src=\"https:\/\/xxbet-company.com\/wp-content\/uploads\/2021\/05\/22bet-sport.png\" alt=\"22Bet sports\" class=\"wp-image-75\" srcset=\"https:\/\/xxbet-company.com\/wp-content\/uploads\/2021\/05\/22bet-sport.png 1040w, https:\/\/xxbet-company.com\/wp-content\/uploads\/2021\/05\/22bet-sport-300x209.png 300w, https:\/\/xxbet-company.com\/wp-content\/uploads\/2021\/05\/22bet-sport-1024x714.png 1024w, https:\/\/xxbet-company.com\/wp-content\/uploads\/2021\/05\/22bet-sport-16x12.png 16w\" sizes=\"(max-width: 1040px) 100vw, 1040px\" title=\"\"><figcaption>Alle Top-Events bei 22Bet<\/figcaption><\/figure>\n\n\n\n<p>Der Wettbereich von 22Bet Live ist mehr als konkurrenzf\u00e4hig und bietet monatlich \u00fcber 1000 Live-Events aus einer breiten Palette von Sportarten. Neben den Hauptsportarten k\u00f6nnen die Spieler auch auf eher exotische wetten: Pferderennen, Cricket und Unihockey. In allen Hauptm\u00e4rkten erwarten die Spieler Auszahlungen \u00fcber dem Durchschnitt von 95%, und es gibt mehr als 250 Nebenwetten f\u00fcr jedes Fu\u00dfballspiel, wie z.B. asiatische Handicaps und Summen, n\u00e4chstes Tor und welches Team das letzte Tor schie\u00dft.<\/p>\n\n\n\n<p>Der Live-Stream von 22Bet beinhaltet viele Spiele aus den besten Ligen wie Serie A, La Liga und Bundesliga, sowie die Multi Live Funktion.<\/p>\n\n\n\n<h2><span class=\"ez-toc-section\" id=\"Mobile_app_22Bet\"><\/span><strong>Mobile App 22Bet<\/strong><span class=\"ez-toc-section-end\"><\/span><\/h2>\n\n\n\n<p>Bei 22Bet k\u00f6nnen Sie Wetten nicht nur auf der Website, sondern auch in der Anwendung f\u00fcr Ger\u00e4te auf Basis von Android und iOS sowie \u00fcber eine optimierte mobile Website platzieren.<\/p>\n\n\n\n<p>Es ist sogar noch einfacher und bequemer, Wetten \u00fcber die mobile Version zu platzieren. In Bezug auf die Funktionalit\u00e4t steht sie der Hauptseite in nichts nach. Die BK 22Bet mobile Anwendung, die f\u00fcr Android- und IOS-Ger\u00e4te entwickelt wurde, erm\u00f6glicht es den Benutzern,:<\/p>\n\n\n\n<ul><li>platzieren Sie Wetten auf Live-Events, Linien und 22Bet Super Express;<\/li><li>Ereignisse zu den Favoriten hinzuf\u00fcgen;<\/li><li>Sportstatistiken und Spielergebnisse studieren;<\/li><li>Aktivieren Sie Promotion-Codes im Bereich und gewinnen Sie noch mehr;<\/li><li>Laden Sie Ihr Konto mit allen g\u00e4ngigen Zahlungsmitteln auf;<\/li><li>kontaktieren Sie den Support.<\/li><\/ul>\n\n\n\n<figure class=\"wp-block-image size-full\"><img loading=\"lazy\" width=\"833\" height=\"511\" src=\"https:\/\/xxbet-company.com\/wp-content\/uploads\/2021\/05\/22bet-mob-en.png\" alt=\"22Bet mobile\" class=\"wp-image-78\" srcset=\"https:\/\/xxbet-company.com\/wp-content\/uploads\/2021\/05\/22bet-mob-en.png 833w, https:\/\/xxbet-company.com\/wp-content\/uploads\/2021\/05\/22bet-mob-en-300x184.png 300w, https:\/\/xxbet-company.com\/wp-content\/uploads\/2021\/05\/22bet-mob-en-16x10.png 16w\" sizes=\"(max-width: 833px) 100vw, 833px\" title=\"\"><figcaption>Mobile App 22Bet<\/figcaption><\/figure>\n\n\n\n<p><a href=\"https:\/\/xxbet-company.com\/de\/app\/\" class=\"rank-math-link\">So laden Sie 22Bet kostenlos herunter<\/a> auf Ihrem mobilen Ger\u00e4t zu installieren, m\u00fcssen Sie ein paar einfache Schritte befolgen - der gesamte Installationsvorgang dauert 2 Minuten.<\/p>\n\n\n\n<h2><span class=\"ez-toc-section\" id=\"Deposit_and_withdrawal_of_money\"><\/span><strong>Einzahlen und Abheben von Geld<\/strong><span class=\"ez-toc-section-end\"><\/span><\/h2>\n\n\n\n<p>Spieler k\u00f6nnen ihr Konto mit \u00fcber 100 Zahlungsmethoden aufladen. Neben den g\u00e4ngigen wie Karten, Bank\u00fcberweisungen und E-Wallets geht es auch um lokale Systeme wie Qiwi und Yandex sowie um eine breite Palette von Kryptow\u00e4hrungen. Auszahlungen werden innerhalb weniger Minuten durchgef\u00fchrt, vor allem wenn es um E-Wallets und Kryptow\u00e4hrungen geht.<\/p>\n\n\n\n<h2><span class=\"ez-toc-section\" id=\"22Bet_Support\"><\/span><strong>22Bet Unterst\u00fctzung<\/strong><span class=\"ez-toc-section-end\"><\/span><\/h2>\n\n\n\n<p>Der 22BET-Kundensupport steht Ihnen 24 Stunden am Tag, 7 Tage die Woche zur Verf\u00fcgung. Sie k\u00f6nnen den Online-Chat auf unserer Website nutzen oder uns per E-Mail kontaktieren. Eine vollst\u00e4ndige Liste der M\u00f6glichkeiten, 22BET zu kontaktieren, finden Sie auf der Seite KONTAKTE. Wir freuen uns jederzeit auf Ihre Fragen und Anregungen.<\/p>\n\n\n\n<figure class=\"wp-block-table\"><table><tbody><tr><td>\u00d6ffnungszeit<\/td><td>24\/7<\/td><\/tr><tr><td>So erreichen Sie uns<\/td><td>E-Mail, Telefon, Online-Chat<\/td><\/tr><tr><td>E-Mail Adresse<\/td><td>support-en@22bet.com<\/td><\/tr><tr><td>Verf\u00fcgbare Sprachen<\/td><td>Russisch, Aserbaidschanisch, Spanisch, Japanisch, Deutsch, Englisch, Polnisch, etc.<\/td><\/tr><\/tbody><\/table><\/figure>","protected":false},"excerpt":{"rendered":"<p>Bookmaker 22Bet was founded in 2017 in the UK and is headquartered in Cyprus. 22Bet operates under an official license from Curacao and also has local licenses in many African countries such as Nigeria and Kenya. The brand expanded its notoriety with the addition of former footballers Nuno Gomes and Kevin Kuranyi as ambassadors. This <a href=\"https:\/\/xxbet-company.com\/de\/\" class=\"more-link\">&#8230;<\/a><\/p>","protected":false},"author":1,"featured_media":0,"parent":0,"menu_order":0,"comment_status":"closed","ping_status":"closed","template":"","meta":[],"amp_enabled":true,"_links":{"self":[{"href":"https:\/\/xxbet-company.com\/de\/wp-json\/wp\/v2\/pages\/16"}],"collection":[{"href":"https:\/\/xxbet-company.com\/de\/wp-json\/wp\/v2\/pages"}],"about":[{"href":"https:\/\/xxbet-company.com\/de\/wp-json\/wp\/v2\/types\/page"}],"author":[{"embeddable":true,"href":"https:\/\/xxbet-company.com\/de\/wp-json\/wp\/v2\/users\/1"}],"replies":[{"embeddable":true,"href":"https:\/\/xxbet-company.com\/de\/wp-json\/wp\/v2\/comments?post=16"}],"version-history":[{"count":0,"href":"https:\/\/xxbet-company.com\/de\/wp-json\/wp\/v2\/pages\/16\/revisions"}],"wp:attachment":[{"href":"https:\/\/xxbet-company.com\/de\/wp-json\/wp\/v2\/media?parent=16"}],"curies":[{"name":"wp","href":"https:\/\/api.w.org\/{rel}","templated":true}]}}