{"id":38,"date":"2021-05-07T00:46:13","date_gmt":"2021-05-06T21:46:13","guid":{"rendered":"https:\/\/xxbet-company.com\/?page_id=38"},"modified":"2021-05-07T00:46:14","modified_gmt":"2021-05-06T21:46:14","slug":"faq","status":"publish","type":"page","link":"https:\/\/xxbet-company.com\/de\/faq\/","title":{"rendered":"Questions and answers 22Bet"},"content":{"rendered":"<div id=\"ez-toc-container\" class=\"ez-toc-v2_0_34 counter-flat ez-toc-counter ez-toc-transparent ez-toc-container-direction\">\n<div class=\"ez-toc-title-container\">\n<p class=\"ez-toc-title\">Inhaltsverzeichnis<\/p>\n<span class=\"ez-toc-title-toggle\"><\/span><\/div>\n<nav><ul class='ez-toc-list ez-toc-list-level-1'><li class='ez-toc-page-1'><a class=\"ez-toc-link ez-toc-heading-1\" href=\"https:\/\/xxbet-company.com\/de\/faq\/#I_made_a_payment_but_the_money_did_not_come_What_happened\" title=\"Ich habe eine Zahlung geleistet, aber das Geld ist nicht gekommen. Was ist passiert?\">Ich habe eine Zahlung geleistet, aber das Geld ist nicht gekommen. Was ist passiert?<\/a><\/li><li class='ez-toc-page-1'><a class=\"ez-toc-link ez-toc-heading-2\" href=\"https:\/\/xxbet-company.com\/de\/faq\/#Why_was_my_withdrawal_request_rejected\" title=\"Warum wurde mein Abhebungsantrag abgelehnt?\">Warum wurde mein Abhebungsantrag abgelehnt?<\/a><\/li><li class='ez-toc-page-1'><a class=\"ez-toc-link ez-toc-heading-3\" href=\"https:\/\/xxbet-company.com\/de\/faq\/#Do_I_need_to_go_through_verification_to_withdraw_money\" title=\"Muss ich eine Verifizierung durchlaufen, um Geld abzuheben?\">Muss ich eine Verifizierung durchlaufen, um Geld abzuheben?<\/a><\/li><li class='ez-toc-page-1'><a class=\"ez-toc-link ez-toc-heading-4\" href=\"https:\/\/xxbet-company.com\/de\/faq\/#How_long_after_the_withdrawal_request_will_I_receive_my_money\" title=\"Wie lange nach dem Auszahlungsantrag erhalte ich mein Geld?\">Wie lange nach dem Auszahlungsantrag erhalte ich mein Geld?<\/a><\/li><li class='ez-toc-page-1'><a class=\"ez-toc-link ez-toc-heading-5\" href=\"https:\/\/xxbet-company.com\/de\/faq\/#I_made_a_wrong_bet_can_I_cancel_it\" title=\"Ich habe eine falsche Wette abgeschlossen, kann ich sie stornieren?\">Ich habe eine falsche Wette abgeschlossen, kann ich sie stornieren?<\/a><\/li><li class='ez-toc-page-1'><a class=\"ez-toc-link ez-toc-heading-6\" href=\"https:\/\/xxbet-company.com\/de\/faq\/#Are_there_any_fees_or_taxes_on_winnings\" title=\"Gibt es irgendwelche Geb\u00fchren oder Steuern auf Gewinne?\">Gibt es irgendwelche Geb\u00fchren oder Steuern auf Gewinne?<\/a><\/li><li class='ez-toc-page-1'><a class=\"ez-toc-link ez-toc-heading-7\" href=\"https:\/\/xxbet-company.com\/de\/faq\/#How_can_I_view_the_history_of_my_bets\" title=\"Wie kann ich die Historie meiner Wetten einsehen?\">Wie kann ich die Historie meiner Wetten einsehen?<\/a><\/li><li class='ez-toc-page-1'><a class=\"ez-toc-link ez-toc-heading-8\" href=\"https:\/\/xxbet-company.com\/de\/faq\/#Why_didnt_I_receive_my_registration_bonus\" title=\"Warum habe ich meinen Registrierungsbonus nicht erhalten?\">Warum habe ich meinen Registrierungsbonus nicht erhalten?<\/a><\/li><\/ul><\/nav><\/div>\n<div id=\"rank-math-faq\" class=\"rank-math-block\">\n<div class=\"rank-math-list\">\n<div id=\"faq-question-1620337313020\" class=\"rank-math-list-item\">\n<h3 class=\"rank-math-question\"><span class=\"ez-toc-section\" id=\"I_made_a_payment_but_the_money_did_not_come_What_happened\"><\/span>Ich habe eine Zahlung geleistet, aber das Geld ist nicht gekommen. Was ist passiert?<span class=\"ez-toc-section-end\"><\/span><\/h3>\n<div class=\"rank-math-answer\">\n\n<p>Das Geld wird Ihrem Konto fast sofort gutgeschrieben, nachdem Sie eine Einzahlung \u00fcber eine elektronische Geldb\u00f6rse vorgenommen haben. Die maximale Bearbeitungszeit f\u00fcr diese Einzahlungsmethode betr\u00e4gt 15 Minuten.<br \/>Es kann jedoch etwas l\u00e4nger dauern, Einzahlungen mit anderen Zahlungsmethoden vorzunehmen. Einzahlungen mit Kryptow\u00e4hrungen, Kredit- oder Debitkarten k\u00f6nnen bis zu 24 Stunden Bearbeitungszeit in Anspruch nehmen. Einzahlungen mit einem Mobiltelefon oder M-Pesa sind dagegen viel schneller und k\u00f6nnen bis zu einer Stunde dauern.<br \/>\u00c4nderungen in der Bearbeitungszeit einer Einzahlung sind auf die Zahlungsarten zur\u00fcckzuf\u00fchren. Wenn seit der Einzahlung mehr als 24 Stunden vergangen sind und Ihr Guthaben nicht wieder aufgef\u00fcllt wurde, wenden Sie sich mit einer Best\u00e4tigung der Zahlung an unseren Support-Service.<\/p>\n\n<\/div>\n<\/div>\n<div id=\"faq-question-1620337338028\" class=\"rank-math-list-item\">\n<h3 class=\"rank-math-question\"><span class=\"ez-toc-section\" id=\"Why_was_my_withdrawal_request_rejected\"><\/span>Warum wurde mein Abhebungsantrag abgelehnt?<span class=\"ez-toc-section-end\"><\/span><\/h3>\n<div class=\"rank-math-answer\">\n\n<p>Es gibt verschiedene Gr\u00fcnde, warum eine Auszahlungsanforderung abgelehnt worden sein kann. In den meisten F\u00e4llen werden Abhebungen mit der von Ihnen gew\u00e4hlten Zahlungsmethode storniert.<\/p>\n<p>Stellen Sie zun\u00e4chst sicher, dass Sie dieselbe Zahlungsmethode f\u00fcr Abhebungen und Einzahlungen verwendet haben. Vergewissern Sie sich dann, dass Sie alle Informationen angegeben haben, die f\u00fcr die Abhebung von Geldern mit der von Ihnen gew\u00e4hlten Methode erforderlich sind, und dass diese Informationen genau und korrekt sind.<\/p>\n<p>Wenn alle oben genannten Schritte wie erwartet durchgef\u00fchrt wurden, die Ausgabe aber immer noch abgelehnt wird, versuchen Sie, Ihren Browser-Cache\/Cookie zu l\u00f6schen und sich bei Ihrem Konto ab- und wieder anzumelden. Wenn nichts davon hilft, kontaktieren Sie bitte den Support in dieser Angelegenheit.<\/p>\n\n<\/div>\n<\/div>\n<div id=\"faq-question-1620337372617\" class=\"rank-math-list-item\">\n<h3 class=\"rank-math-question\"><span class=\"ez-toc-section\" id=\"Do_I_need_to_go_through_verification_to_withdraw_money\"><\/span>Muss ich eine Verifizierung durchlaufen, um Geld abzuheben?<span class=\"ez-toc-section-end\"><\/span><\/h3>\n<div class=\"rank-math-answer\">\n\n<p>Um einige der Auszahlungsmethoden nutzen zu k\u00f6nnen, m\u00fcssen Sie nicht immer eine Verifizierung durchlaufen. Wenn Sie das Verifizierungsverfahren durchlaufen m\u00fcssen, wird sich unser Support-Service mit Ihnen in Verbindung setzen, um die erforderlichen Dokumente anzufordern.<\/p>\n\n<\/div>\n<\/div>\n<div id=\"faq-question-1620337398679\" class=\"rank-math-list-item\">\n<h3 class=\"rank-math-question\"><span class=\"ez-toc-section\" id=\"How_long_after_the_withdrawal_request_will_I_receive_my_money\"><\/span>Wie lange nach dem Auszahlungsantrag erhalte ich mein Geld?<span class=\"ez-toc-section-end\"><\/span><\/h3>\n<div class=\"rank-math-answer\">\n\n<p>Da die Transaktionen \u00fcber Zahlungsanbieter abgewickelt werden, h\u00e4ngt die Auszahlungsdauer von der gew\u00e4hlten Zahlungsmethode ab.<\/p>\n<p>Wenn Sie ein elektronisches Portemonnaie verwenden, sollte es nicht mehr als 15 Minuten dauern, bis wir die Transaktion genehmigen, wonach das Geld sofort gutgeschrieben wird. Wenn Sie jedoch eine Kredit- oder Debitkarte verwenden, k\u00f6nnen Abhebungen bis zu 7 Werktage dauern, w\u00e4hrend Abhebungen mit Kryptow\u00e4hrungen bis zu 24 Stunden dauern k\u00f6nnen.<\/p>\n\n<\/div>\n<\/div>\n<div id=\"faq-question-1620337427957\" class=\"rank-math-list-item\">\n<h3 class=\"rank-math-question\"><span class=\"ez-toc-section\" id=\"I_made_a_wrong_bet_can_I_cancel_it\"><\/span>Ich habe eine falsche Wette abgeschlossen, kann ich sie stornieren?<span class=\"ez-toc-section-end\"><\/span><\/h3>\n<div class=\"rank-math-answer\">\n\n<p>Sie k\u00f6nnen eine Wette, die Sie bereits abgegeben haben, nicht stornieren. Sie k\u00f6nnen jedoch versuchen, Ihr Gebot zu verkaufen, indem Sie die Funktion Coupons verkaufen verwenden, die in Ihrem Konto oder auf der Registerkarte Meine Wetten verf\u00fcgbar ist. Weitere Informationen finden Sie in unseren Allgemeinen Gesch\u00e4ftsbedingungen.<\/p>\n\n<\/div>\n<\/div>\n<div id=\"faq-question-1620337456230\" class=\"rank-math-list-item\">\n<h3 class=\"rank-math-question\"><span class=\"ez-toc-section\" id=\"Are_there_any_fees_or_taxes_on_winnings\"><\/span>Gibt es irgendwelche Geb\u00fchren oder Steuern auf Gewinne?<span class=\"ez-toc-section-end\"><\/span><\/h3>\n<div class=\"rank-math-answer\">\n\n<p>22Bet berechnet den Benutzern keine Provision. Es kann jedoch sein, dass die lokalen Steuerbeh\u00f6rden in Ihrem Land Gesetze bez\u00fcglich Gewinnen aus bestimmten Tarifen oder Kapitalgewinnen im Allgemeinen haben, die vorschreiben, dass Sie Ihre Gewinne versteuern m\u00fcssen.<\/p>\n<p>Bitte beachten Sie, dass Sie f\u00fcr die Einhaltung der Steuergesetze in Ihrem Land in Bezug auf Gewinne oder Auszahlungen verantwortlich sind.<\/p>\n\n<\/div>\n<\/div>\n<div id=\"faq-question-1620337494947\" class=\"rank-math-list-item\">\n<h3 class=\"rank-math-question\"><span class=\"ez-toc-section\" id=\"How_can_I_view_the_history_of_my_bets\"><\/span>Wie kann ich die Historie meiner Wetten einsehen?<span class=\"ez-toc-section-end\"><\/span><\/h3>\n<div class=\"rank-math-answer\">\n\n<p>Sie k\u00f6nnen die Historie Ihrer Wetten in Ihrem Konto einsehen, indem Sie den Bereich \"Mein Konto - Wettverlauf\" aufrufen. Dar\u00fcber hinaus k\u00f6nnen Sie regelm\u00e4\u00dfig Berichte \u00fcber Ihre Aktivit\u00e4ten per E-Mail erhalten.<\/p>\n\n<\/div>\n<\/div>\n<div id=\"faq-question-1620337524765\" class=\"rank-math-list-item\">\n<h3 class=\"rank-math-question\"><span class=\"ez-toc-section\" id=\"Why_didnt_I_receive_my_registration_bonus\"><\/span>Warum habe ich meinen Registrierungsbonus nicht erhalten?<span class=\"ez-toc-section-end\"><\/span><\/h3>\n<div class=\"rank-math-answer\">\n\n<p>Es kann mehrere Gr\u00fcnde geben, warum Sie Ihren Ersteinzahlungsbonus nicht erhalten haben.<\/p>\n<p>Bitte stellen Sie zuallererst sicher, dass Sie alle erforderlichen Felder in Ihrem Konto ausf\u00fcllen. Andernfalls werden Sie den Bonus nicht erhalten.<\/p>\n<p>Zweitens, stellen Sie sicher, dass Sie den Mindestbetrag von $ 1 einzahlen, um sich f\u00fcr den Bonus zu qualifizieren.<br \/>Stellen Sie dann sicher, dass Sie in Ihren Kontoeinstellungen kein H\u00e4kchen bei \"Ich m\u00f6chte keine Boni erhalten\" gesetzt haben<\/p>\n\n<\/div>\n<\/div>\n<\/div>\n<\/div>","protected":false},"excerpt":{"rendered":"","protected":false},"author":1,"featured_media":0,"parent":0,"menu_order":0,"comment_status":"closed","ping_status":"closed","template":"","meta":[],"amp_enabled":true,"_links":{"self":[{"href":"https:\/\/xxbet-company.com\/de\/wp-json\/wp\/v2\/pages\/38"}],"collection":[{"href":"https:\/\/xxbet-company.com\/de\/wp-json\/wp\/v2\/pages"}],"about":[{"href":"https:\/\/xxbet-company.com\/de\/wp-json\/wp\/v2\/types\/page"}],"author":[{"embeddable":true,"href":"https:\/\/xxbet-company.com\/de\/wp-json\/wp\/v2\/users\/1"}],"replies":[{"embeddable":true,"href":"https:\/\/xxbet-company.com\/de\/wp-json\/wp\/v2\/comments?post=38"}],"version-history":[{"count":0,"href":"https:\/\/xxbet-company.com\/de\/wp-json\/wp\/v2\/pages\/38\/revisions"}],"wp:attachment":[{"href":"https:\/\/xxbet-company.com\/de\/wp-json\/wp\/v2\/media?parent=38"}],"curies":[{"name":"wp","href":"https:\/\/api.w.org\/{rel}","templated":true}]}}