{"id":43,"date":"2021-05-07T00:58:22","date_gmt":"2021-05-06T21:58:22","guid":{"rendered":"https:\/\/xxbet-company.com\/?page_id=43"},"modified":"2021-05-17T12:52:43","modified_gmt":"2021-05-17T09:52:43","slug":"access","status":"publish","type":"page","link":"https:\/\/xxbet-company.com\/de\/access\/","title":{"rendered":"22Bet mirror"},"content":{"rendered":"<div id=\"ez-toc-container\" class=\"ez-toc-v2_0_34 counter-flat ez-toc-counter ez-toc-transparent ez-toc-container-direction\">\n<div class=\"ez-toc-title-container\">\n<p class=\"ez-toc-title\">Inhaltsverzeichnis<\/p>\n<span class=\"ez-toc-title-toggle\"><\/span><\/div>\n<nav><ul class='ez-toc-list ez-toc-list-level-1'><li class='ez-toc-page-1'><a class=\"ez-toc-link ez-toc-heading-1\" href=\"https:\/\/xxbet-company.com\/de\/access\/#Why_use_22Bet_mirror\" title=\"Warum 22Bet Spiegel benutzen?\">Warum 22Bet Spiegel benutzen?<\/a><\/li><li class='ez-toc-page-1'><a class=\"ez-toc-link ez-toc-heading-2\" href=\"https:\/\/xxbet-company.com\/de\/access\/#How_to_find_a_22bet_working_mirror\" title=\"Wie findet man einen funktionierenden 22bet-Spiegel?\">Wie findet man einen funktionierenden 22bet-Spiegel?<\/a><\/li><\/ul><\/nav><\/div>\n\n<p>In vielen L\u00e4ndern kommt es h\u00e4ufig vor, dass Seiten mit Gl\u00fccksspielen und Sportwetten gesperrt sind. Sportwetten-Enthusiasten sind an dieses Problem bereits gew\u00f6hnt. Zum Gl\u00fcck gibt es eine L\u00f6sung: Verwenden Sie einen 22Bet-Spiegel, um eventuelle Blockaden zu umgehen. Wir erkl\u00e4ren Ihnen, was eine Mirror-Site ist und wie Sie einen 22Bet Mirror finden und nutzen k\u00f6nnen.<\/p>\n\n\n\n<div class=\"wp-block-image\"><figure class=\"aligncenter size-full\"><img loading=\"lazy\" width=\"1369\" height=\"721\" src=\"https:\/\/xxbet-company.com\/wp-content\/uploads\/2021\/05\/22bet-mirror.png\" alt=\"22Bet mirror website\" class=\"wp-image-132\" srcset=\"https:\/\/xxbet-company.com\/wp-content\/uploads\/2021\/05\/22bet-mirror.png 1369w, https:\/\/xxbet-company.com\/wp-content\/uploads\/2021\/05\/22bet-mirror-300x158.png 300w, https:\/\/xxbet-company.com\/wp-content\/uploads\/2021\/05\/22bet-mirror-1024x539.png 1024w, https:\/\/xxbet-company.com\/wp-content\/uploads\/2021\/05\/22bet-mirror-16x8.png 16w\" sizes=\"(max-width: 1369px) 100vw, 1369px\" title=\"\"><figcaption>Sportwetten, Statistiken und Ergebnisse - auf dem 22Bet-Spiegel<\/figcaption><\/figure><\/div>\n\n\n\n<p>Mirror 22bet ist die gleiche Seite wie das Projekt des offiziellen Online-Buchmachers <a href=\"https:\/\/xxbet-company.com\/de\/official-site\/\" class=\"rank-math-link\">22bet com<\/a>mit denselben Wettlinien, Quoten, Abschnitten, Struktur und Design, aber mit einem Unterschied - sie befindet sich an einer anderen Adresse.<\/p>\n\n\n\n<p>Der 22Bet Mirror bietet dem Nutzer die gleichen Features und Funktionen wie das offizielle Portal. Der Haupt- und einzige Unterschied zwischen dem 22Bet Mirror und der offiziellen Website des Buchmachers ist, dass der Mirror unter einer anderen Webadresse zu finden ist, die in der Adressleiste Ihres Browsers zu sehen ist.<\/p>\n\n\n\n<h2><span class=\"ez-toc-section\" id=\"Why_use_22Bet_mirror\"><\/span><strong>Warum 22Bet Spiegel benutzen?<\/strong><span class=\"ez-toc-section-end\"><\/span><\/h2>\n\n\n\n<p>Bei der Erstellung von Spiegeln von Buchmachern, die im Internet t\u00e4tig sind, verfolgen diese in der Regel mehrere Ziele und Absichten:<\/p>\n\n\n\n<ul><li>Erm\u00f6glicht einen breiteren Zugang zum Gel\u00e4nde.<\/li><li>Reduzierung der Last auf dem Server des Hauptprojekts.<\/li><li>Umgehung verschiedener Arten von Beschr\u00e4nkungen (Sperren) des Zugriffs auf die offizielle Ressource.<\/li><\/ul>\n\n\n\n<p>All dies geschieht, um einen konstanten und stabilen Benutzerzugriff auf das Online-Portal des Gl\u00fccksspielanbieters zu gew\u00e4hrleisten, was im Bereich der Wetten und des Wettens extrem wichtig ist.<\/p>\n\n\n\n<p>Um den Zugang seiner Nutzer und den stabilen Betrieb des Buchmacherb\u00fcros zu gew\u00e4hrleisten, wurden aktuelle 22bet-Spiegel erstellt, die von anderen Webadressen aus eingeloggt werden.<\/p>\n\n\n\n<p>Nach dem Studium der obigen Ausf\u00fchrungen stellt sich jeder die Frage: \"Wo kann ich einen 22beta-Spiegel finden?\" Diese Frage ist nicht einfach zu beantworten, da Buchmacher-Spiegel in der \u00d6ffentlichkeit nur schwer zu finden sind, was ist sonst der Sinn einer solchen Alternativadresse. Wenn die Mirrors frei zug\u00e4nglich sind, werden auch sie schnell den zust\u00e4ndigen Beh\u00f6rden auffallen und gesperrt werden.<\/p>\n\n\n\n<h2><span class=\"ez-toc-section\" id=\"How_to_find_a_22bet_working_mirror\"><\/span><strong>Wie findet man einen funktionierenden 22bet-Spiegel?<\/strong><span class=\"ez-toc-section-end\"><\/span><\/h2>\n\n\n\n<p>Es gibt mehrere M\u00f6glichkeiten, einen 22bet-Spiegel zu finden:<\/p>\n\n\n\n<ul><li>Kontaktieren Sie den Support \u00fcber Ihre zuvor gespeicherten Kontakte.<\/li><li>Suchen Sie nach Informationen in spezialisierten Foren und Diskussionen.<\/li><li>Nehmen Sie Kontakt mit den offiziellen Seiten und sozialen Netzwerken des Buchmachers auf.<\/li><li>Verwenden Sie . <a href=\"https:\/\/en.wikipedia.org\/wiki\/Web_search_query\" class=\"rank-math-link\" rel=\"nofollow noopener\" target=\"_blank\">Suchdienste<\/a> wie Yandex und Google.<\/li><\/ul>\n\n\n\n<p>Im Allgemeinen m\u00fcssen Sie nicht nach einem Mirror suchen, um auf die gesperrte Seite zuzugreifen. \u00c4ndern Sie einfach Ihre IP-Adresse in ein anderes Land, verwenden Sie Proxy-Server, Anonymisierer, vpn-Systeme usw. Dies ist jedoch ein fortgeschrittener Weg und erfordert einige F\u00e4higkeiten. Wenn dies schwierig ist, ist es am besten, doppelte Mirrors zu verwenden.<\/p>","protected":false},"excerpt":{"rendered":"<p>In vielen L\u00e4ndern kommt es h\u00e4ufig vor, dass Seiten mit Gl\u00fccksspielen und Sportwetten gesperrt sind. Sportwetten-Enthusiasten sind an dieses Problem bereits gew\u00f6hnt. Zum Gl\u00fcck gibt es eine L\u00f6sung: Verwenden Sie einen 22Bet-Spiegel, um eventuelle Blockaden zu umgehen. Wir erkl\u00e4ren Ihnen, was eine Mirror-Site ist und wie Sie einen 22Bet Mirror finden und nutzen k\u00f6nnen. <a href=\"https:\/\/xxbet-company.com\/de\/access\/\" class=\"more-link\">&#8230;<\/a><\/p>","protected":false},"author":1,"featured_media":0,"parent":0,"menu_order":0,"comment_status":"closed","ping_status":"closed","template":"","meta":[],"amp_enabled":true,"_links":{"self":[{"href":"https:\/\/xxbet-company.com\/de\/wp-json\/wp\/v2\/pages\/43"}],"collection":[{"href":"https:\/\/xxbet-company.com\/de\/wp-json\/wp\/v2\/pages"}],"about":[{"href":"https:\/\/xxbet-company.com\/de\/wp-json\/wp\/v2\/types\/page"}],"author":[{"embeddable":true,"href":"https:\/\/xxbet-company.com\/de\/wp-json\/wp\/v2\/users\/1"}],"replies":[{"embeddable":true,"href":"https:\/\/xxbet-company.com\/de\/wp-json\/wp\/v2\/comments?post=43"}],"version-history":[{"count":0,"href":"https:\/\/xxbet-company.com\/de\/wp-json\/wp\/v2\/pages\/43\/revisions"}],"wp:attachment":[{"href":"https:\/\/xxbet-company.com\/de\/wp-json\/wp\/v2\/media?parent=43"}],"curies":[{"name":"wp","href":"https:\/\/api.w.org\/{rel}","templated":true}]}}