{"id":45,"date":"2021-05-07T01:02:42","date_gmt":"2021-05-06T22:02:42","guid":{"rendered":"https:\/\/xxbet-company.com\/?page_id=45"},"modified":"2021-05-17T13:18:24","modified_gmt":"2021-05-17T10:18:24","slug":"responsible-game","status":"publish","type":"page","link":"https:\/\/xxbet-company.com\/de\/responsible-game\/","title":{"rendered":"22bet Responsible Gaming"},"content":{"rendered":"<div id=\"ez-toc-container\" class=\"ez-toc-v2_0_34 counter-flat ez-toc-counter ez-toc-transparent ez-toc-container-direction\">\n<div class=\"ez-toc-title-container\">\n<p class=\"ez-toc-title\">Inhaltsverzeichnis<\/p>\n<span class=\"ez-toc-title-toggle\"><\/span><\/div>\n<nav><ul class='ez-toc-list ez-toc-list-level-1'><li class='ez-toc-page-1'><a class=\"ez-toc-link ez-toc-heading-1\" href=\"https:\/\/xxbet-company.com\/de\/responsible-game\/#22bet_Responsible_Gaming_self-control\" title=\"22bet Responsible Gaming: Selbstkontrolle\">22bet Responsible Gaming: Selbstkontrolle<\/a><\/li><li class='ez-toc-page-1'><a class=\"ez-toc-link ez-toc-heading-2\" href=\"https:\/\/xxbet-company.com\/de\/responsible-game\/#Refusal_to_gamble_and_self-restraint\" title=\"Ablehnung von Gl\u00fccksspiel und Selbstbeschr\u00e4nkung\">Ablehnung von Gl\u00fccksspiel und Selbstbeschr\u00e4nkung<\/a><\/li><\/ul><\/nav><\/div>\n\n<p>Was ist 22Bet Responsible Gaming?<\/p>\n\n\n\n<p>Unser Weltklasse-Team von Fachleuten ist bestrebt, 22BET zu einem sicheren Ort zu machen, an dem Sie jederzeit Spa\u00df und Unterhaltung haben k\u00f6nnen. Doch manchmal kann das Spielen im Casino, anstatt Spa\u00df zu machen, Sie in ziemlich ernste Schwierigkeiten bringen. Um dies zu verhindern und um Ihnen zu helfen, Spielsucht und damit verbundene Probleme zu vermeiden, m\u00f6chten wir Ihnen einige Ratschl\u00e4ge zu diesem Thema geben.<\/p>\n\n\n\n<p>Wenn Sie anfangs wissen, dass Sie Probleme mit dem Gl\u00fccksspiel haben werden, oder einfach Angst haben, dass Sie nicht mehr den Mittelweg zwischen dem Betrag, den Sie f\u00fcr das Gl\u00fccksspiel ausgeben wollen, und dem Betrag, den Sie sich wirklich leisten k\u00f6nnen, finden k\u00f6nnen, dann sollten Sie wahrscheinlich davon absehen, in unserem Casino zu spielen. Sie k\u00f6nnen diese Pr\u00e4ventivma\u00dfnahme aktivieren, indem Sie unseren Kundensupport per Live-Chat kontaktieren. Wenn Sie sich Sorgen machen, dass jemand, der Ihnen nahe steht, beim Spielen die Kontrolle \u00fcber sich verlieren k\u00f6nnte, dann kontaktieren Sie bitte unseren Kundensupport und wir werden versuchen, eine L\u00f6sung zu finden. Der Kundensupport ist 24 Stunden am Tag, sieben Tage die Woche erreichbar und kann \u00fcber den Live-Chat kontaktiert werden.<\/p>\n\n\n\n<p>Es ist gro\u00dfartig, wenn Sie kontrollieren k\u00f6nnen, wie viel Zeit und Geld Sie jeden Tag aufwenden. Andernfalls w\u00e4re es eine gute Idee, professionelle Hilfe zu suchen, um Probleme zu l\u00f6sen, mit denen Spieler konfrontiert werden k\u00f6nnten.<\/p>\n\n\n\n<h2><span class=\"ez-toc-section\" id=\"22bet_Responsible_Gaming_self-control\"><\/span>22bet Verantwortungsvolles Spielen: s<strong>Elfen-Steuerung<\/strong><span class=\"ez-toc-section-end\"><\/span><\/h2>\n\n\n\n<p>Wir empfehlen Ihnen, eine ehrliche Selbsteinsch\u00e4tzung vorzunehmen. Bitte beantworten Sie die folgenden Fragen. Wenn Sie alle oder zumindest die meisten Fragen mit \"Ja\" beantworten, besteht die M\u00f6glichkeit, dass Sie ein Problem mit Spielsucht haben.<\/p>\n\n\n\n<ul><li>F\u00e4llt es Ihnen schwer, zu kontrollieren, wie viel Geld Sie f\u00fcr Gl\u00fccksspiele ausgeben?<\/li><li>Haben Sie sich Geld geliehen oder gestohlen, um zu spielen?<\/li><li>Haben Sie bemerkt, dass Sie weniger Zeit mit Familie und Freunden verbringen, um mehr Zeit f\u00fcr das Spielen zu haben?<\/li><li>Reagieren Sie negativ auf die Kommentare anderer Leute \u00fcber Ihr Spielen?<\/li><li>Haben Sie das Interesse an Hobbys oder regelm\u00e4\u00dfigen Freizeitaktivit\u00e4ten verloren?<\/li><li>F\u00fchlen Sie sich deprimiert oder sogar selbstmordgef\u00e4hrdet, weil Sie beim Spielen verloren haben?<\/li><li>Haben Sie jemals gelogen, um den Geldbetrag oder die Zeit zu verbergen, die Sie beim Spielen verbracht haben?<\/li><\/ul>\n\n\n\n<p>Es ist nie zu sp\u00e4t, sich einzugestehen, dass man eine <a href=\"https:\/\/en.wikipedia.org\/wiki\/Problem_gambling\" class=\"rank-math-link\" rel=\"nofollow noopener\" target=\"_blank\">Gl\u00fccksspielsucht<\/a> und Hilfe suchen, um sie loszuwerden. Wir sch\u00e4tzen unsere Kunden und werden niemals zu dieser Abh\u00e4ngigkeit beitragen. Lesen Sie die folgenden Informationen, um Ihr Risiko zu verringern, eine Spielsucht zu entwickeln oder zu bew\u00e4ltigen.<\/p>\n\n\n\n<ol><li>Betrachten Sie das Gl\u00fccksspiel nicht als Einnahmequelle.<\/li><li>Begrenzen Sie die Zeit und das Geld, das Sie ausgeben k\u00f6nnen. Verletzen Sie diese Einschr\u00e4nkungen nicht. Wenden Sie sich an unseren Kundendienst, um Grenzen festzulegen f\u00fcr <a href=\"https:\/\/xxbet-company.com\/de\/registration\/\" class=\"rank-math-link\">Ihr Konto<\/a>.<\/li><li>Verwenden Sie nur das Geld, das Sie sich leisten k\u00f6nnen, ohne dass Sie versuchen, Ihre t\u00e4glichen Lebenskosten zu decken.<\/li><li>Versuchen Sie nicht, sich zu amortisieren.<\/li><\/ol>\n\n\n\n<p>Spielen Sie nicht, wenn:<\/p>\n\n\n\n<ol><li>Sie unter dem Einfluss von Alkohol oder einer anderen Substanz stehen;<\/li><li>Sie sind deprimiert.<\/li><\/ol>\n\n\n\n<h2><span class=\"ez-toc-section\" id=\"Refusal_to_gamble_and_self-restraint\"><\/span><strong>Ablehnung von Gl\u00fccksspiel und Selbstbeschr\u00e4nkung<\/strong><span class=\"ez-toc-section-end\"><\/span><\/h2>\n\n\n\n<p>Sie k\u00f6nnen unseren Kundenservice per Live-Chat kontaktieren und uns \u00fcber Ihre Entscheidung informieren, f\u00fcr einen bestimmten Zeitraum nicht mehr auf der Website zu spielen. Wir werden Ma\u00dfnahmen ergreifen, um Ihren Zugang zu Ihrem Konto zu sperren und sicherzustellen, dass Sie kein Werbematerial erhalten.<\/p>\n\n\n\n<p>22BET garantiert, dass Personen, die sich freiwillig oder unwissentlich vom Gl\u00fccksspiel abmelden, keine gezielten Newsletter, Telemarketing-Werbung, Spielerclub-Materialien oder andere Werbematerialien im Zusammenhang mit Gl\u00fccksspielaktivit\u00e4ten auf unserer Website erhalten werden.<\/p>\n\n\n\n<p>Wir werden unser Bestes tun, um sicherzustellen, dass Sie keine neuen Konten erstellen und diese sperren. Ihr Konto wird nach der gew\u00e4hlten Zeitspanne automatisch freigeschaltet. Um diese Option zu aktivieren, w\u00e4hlen Sie bitte <a href=\"https:\/\/xxbet-company.com\/de\/contacts\/\" class=\"rank-math-link\">Kontakt zum Support<\/a> unter block@22bet.com. Sie d\u00fcrfen nicht versuchen, w\u00e4hrend des Selbstsperrungszeitraums ein neues Konto zu er\u00f6ffnen, und m\u00fcssen zustimmen, dass das Unternehmen weder finanziell noch anderweitig haftbar gemacht werden kann, wenn Sie weiterhin spielen oder ein neues Konto im Dienst mit einem anderen Namen oder einer anderen Adresse verwenden.<\/p>","protected":false},"excerpt":{"rendered":"<p>What is 22Bet Responsible gaming? Our world-class team of professionals is committed to making 22BET a safe and secure place to have fun and entertainment at all times. However, sometimes playing in the casino, instead of being fun, can get you into pretty serious trouble. To prevent this from happening and to help you avoid <a href=\"https:\/\/xxbet-company.com\/de\/responsible-game\/\" class=\"more-link\">&#8230;<\/a><\/p>","protected":false},"author":1,"featured_media":0,"parent":0,"menu_order":0,"comment_status":"closed","ping_status":"closed","template":"","meta":[],"amp_enabled":true,"_links":{"self":[{"href":"https:\/\/xxbet-company.com\/de\/wp-json\/wp\/v2\/pages\/45"}],"collection":[{"href":"https:\/\/xxbet-company.com\/de\/wp-json\/wp\/v2\/pages"}],"about":[{"href":"https:\/\/xxbet-company.com\/de\/wp-json\/wp\/v2\/types\/page"}],"author":[{"embeddable":true,"href":"https:\/\/xxbet-company.com\/de\/wp-json\/wp\/v2\/users\/1"}],"replies":[{"embeddable":true,"href":"https:\/\/xxbet-company.com\/de\/wp-json\/wp\/v2\/comments?post=45"}],"version-history":[{"count":0,"href":"https:\/\/xxbet-company.com\/de\/wp-json\/wp\/v2\/pages\/45\/revisions"}],"wp:attachment":[{"href":"https:\/\/xxbet-company.com\/de\/wp-json\/wp\/v2\/media?parent=45"}],"curies":[{"name":"wp","href":"https:\/\/api.w.org\/{rel}","templated":true}]}}