{"id":47,"date":"2021-05-07T01:05:57","date_gmt":"2021-05-06T22:05:57","guid":{"rendered":"https:\/\/xxbet-company.com\/?page_id=47"},"modified":"2021-05-17T13:06:36","modified_gmt":"2021-05-17T10:06:36","slug":"reviews","status":"publish","type":"page","link":"https:\/\/xxbet-company.com\/de\/reviews\/","title":{"rendered":"22Bet review"},"content":{"rendered":"<div id=\"ez-toc-container\" class=\"ez-toc-v2_0_34 counter-flat ez-toc-counter ez-toc-transparent ez-toc-container-direction\">\n<div class=\"ez-toc-title-container\">\n<p class=\"ez-toc-title\">Inhaltsverzeichnis<\/p>\n<span class=\"ez-toc-title-toggle\"><\/span><\/div>\n<nav><ul class='ez-toc-list ez-toc-list-level-1'><li class='ez-toc-page-1'><a class=\"ez-toc-link ez-toc-heading-1\" href=\"https:\/\/xxbet-company.com\/de\/reviews\/#Positive_feedback_from_players\" title=\"Positives Feedback von Spielern\">Positives Feedback von Spielern<\/a><\/li><li class='ez-toc-page-1'><a class=\"ez-toc-link ez-toc-heading-2\" href=\"https:\/\/xxbet-company.com\/de\/reviews\/#Negative_22Bet_reviews\" title=\"Negative 22Bet Bewertungen \">Negative 22Bet Bewertungen <\/a><\/li><li class='ez-toc-page-1'><a class=\"ez-toc-link ez-toc-heading-3\" href=\"https:\/\/xxbet-company.com\/de\/reviews\/#22Bet_reviews_feedback_on_withdrawing\" title=\"22Bet Bewertungen: Feedback zum Abheben\">22Bet Bewertungen: Feedback zum Abheben<\/a><\/li><\/ul><\/nav><\/div>\n\n<p>22Bet Bewertungen sind auf verschiedenen Seiten verf\u00fcgbar und werden analysiert. Dies wird Ihnen helfen, die Vor- und Nachteile von 22Bet objektiv zu beurteilen.<\/p>\n\n\n\n<p><a href=\"https:\/\/xxbet-company.com\/de\/\" class=\"rank-math-link\">22Bet ist super beliebt <\/a>mit erfahrenen Spielern und Sportwetten-Enthusiasten. Echte Bewertungen des Buchmachers zeigen, wie zuverl\u00e4ssig und ehrlich er ist. Bei der Auswahl des B\u00fcros eines Buchmachers ist es sehr wichtig, die Meinung der regelm\u00e4\u00dfigen Spieler zu kennen, um kein Geld zu verlieren und so viel wie m\u00f6glich zu verdienen. <\/p>\n\n\n\n<p>Sie k\u00f6nnen auch Ihre eigene Bewertung des Buchmachers 22Bet selbst hinterlassen. Die Verwaltung \u00fcberwacht ihren Ruf, wenn also etwas schief gelaufen ist, werde ich mich auf jeden Fall um mein Problem k\u00fcmmern.<\/p>\n\n\n\n<h2><span class=\"ez-toc-section\" id=\"Positive_feedback_from_players\"><\/span><strong>Positives Feedback von Spielern<\/strong><span class=\"ez-toc-section-end\"><\/span><\/h2>\n\n\n\n<p>Eine Analyse der offenen Bewertungen hat zu dem Ergebnis gef\u00fchrt, dass regelm\u00e4\u00dfige Nutzer von Betwinner besonders sch\u00e4tzen:<\/p>\n\n\n\n<ul><li>eine gro\u00dfe Auswahl an Veranstaltungen und deren detaillierte Berichterstattung;<\/li><li>eine Vielzahl von Live-Wetten;<\/li><li>komfortable und gut durchdachte Oberfl\u00e4che der Website und der mobilen Anwendung;<\/li><li>Hochwertiger Support, der immer bereit ist, jedes Problem zu l\u00f6sen;<\/li><li>ein attraktives Bonusprogramm, mit dem Sie Ihre Gewinne erh\u00f6hen k\u00f6nnen;<\/li><li>geringe Mindesteinlage, die besonders bei Anf\u00e4ngern beliebt ist.<\/li><\/ul>\n\n\n\n<p>Wenn Sie thematische Foren und Gruppen studieren, k\u00f6nnen Sie verstehen, dass mehr positive Bewertungen \u00fcber 22Bet hinterlassen werden. Laut den Rezensionen ist das wichtigste Plus des Buchmachers seine Ehrlichkeit. Es gab keinen einzigen nachgewiesenen Fall von Betrug seitens der Spielplattform.<\/p>\n\n\n\n<h2><span class=\"ez-toc-section\" id=\"Negative_22Bet_reviews\"><\/span>Negativ <strong>22Bet Bewertungen <\/strong><span class=\"ez-toc-section-end\"><\/span><\/h2>\n\n\n\n<p>Unter den positiven 22Bet Bewertungen gibt es auch negative, aber das ist eher die Ausnahme. Die meisten negativen Bewertungen beziehen sich auf regionale Sperrungen (Gl\u00fccksspielseiten sind oft gesperrt in <a href=\"https:\/\/en.wikipedia.org\/wiki\/Commonwealth_of_Independent_States\" class=\"rank-math-link\" rel=\"nofollow noopener\" target=\"_blank\">viele GUS-Staaten<\/a>), aber 22Bet \u00fcberwacht Blocker und hat immer einen Spiegel bereit, um sie zu umgehen.<\/p>\n\n\n\n<p>Dar\u00fcber hinaus wird die Notwendigkeit einer Benutzerverifizierung oft negativ kommentiert, aber dies ist eine \u00fcbliche Anforderung aller gro\u00dfen Buchmacherfirmen. Das h\u00e4ufigste negative Feedback ist, dass es lange dauert, gro\u00dfe Gewinne auszuzahlen. Aber es dauert, bis ein Buchmacher gro\u00dfe Betr\u00e4ge auszahlen kann. Dies wird die Arbeit des Gl\u00fccksspielvereins nicht aufhalten. Der Rest des Portals ist v\u00f6llig zufrieden mit den Spielern.<\/p>\n\n\n\n<h2><span class=\"ez-toc-section\" id=\"22Bet_reviews_feedback_on_withdrawing\"><\/span><strong>22Wette<\/strong> Bewertungen<strong>: R\u00fcckmeldung beim Zur\u00fcckziehen<\/strong><span class=\"ez-toc-section-end\"><\/span><\/h2>\n\n\n\n<p>Ein Buchmacher ist nicht nur eine M\u00f6glichkeit zum Gl\u00fccksspiel, sondern auch eine sehr reale M\u00f6glichkeit, Geld zu verdienen. Deshalb sind die Meinungen der Spieler \u00fcber die Ehrlichkeit und die Geschwindigkeit der Auszahlung von Gewinnen f\u00fcr alle anderen sehr wichtig.<\/p>\n\n\n\n<p>22Bet hat Standardregeln f\u00fcr Einzahlungsums\u00e4tze und Auszahlungen von Gewinnen. In der Regel wird der Geldverkehr auf hohem Niveau abgewickelt. Alle Einzahlungen werden sofort get\u00e4tigt, und auch Auszahlungen werden schnell durchgef\u00fchrt. Obwohl die Regeln besagen, dass die Gewinne innerhalb von zwei Arbeitstagen abgehoben werden, aber in der Regel sind die Transaktionen schneller - innerhalb von ein paar Stunden. Wenn es eine Verz\u00f6gerung gibt, ist das sehr selten. Dies geschieht meist aufgrund von Fehlern beim Ausf\u00fcllen der Daten w\u00e4hrend der Benutzerregistrierung. Daher ist es wichtig, die pers\u00f6nlichen Daten sorgf\u00e4ltig zu \u00fcberpr\u00fcfen.<\/p>\n\n\n\n<p>Sie sollten auch daran denken, dass Sie f\u00fcr Ein- und Auszahlungen das gleiche Zahlungssystem verwenden. Dies ist eine wichtige Voraussetzung, die Ihnen in Zukunft Zeit sparen wird.<\/p>","protected":false},"excerpt":{"rendered":"<p>22Bet reviews are available on various sites and analyzed. This will help you to objectively assess the pros and cons of 22Bet. 22Bet is super popular with experienced players and sports betting enthusiasts. Real reviews of the bookmaker show how reliable and honest it is. When choosing a bookmaker&#8217;s office, it is very important to <a href=\"https:\/\/xxbet-company.com\/de\/reviews\/\" class=\"more-link\">&#8230;<\/a><\/p>","protected":false},"author":1,"featured_media":0,"parent":0,"menu_order":0,"comment_status":"closed","ping_status":"closed","template":"","meta":[],"amp_enabled":true,"_links":{"self":[{"href":"https:\/\/xxbet-company.com\/de\/wp-json\/wp\/v2\/pages\/47"}],"collection":[{"href":"https:\/\/xxbet-company.com\/de\/wp-json\/wp\/v2\/pages"}],"about":[{"href":"https:\/\/xxbet-company.com\/de\/wp-json\/wp\/v2\/types\/page"}],"author":[{"embeddable":true,"href":"https:\/\/xxbet-company.com\/de\/wp-json\/wp\/v2\/users\/1"}],"replies":[{"embeddable":true,"href":"https:\/\/xxbet-company.com\/de\/wp-json\/wp\/v2\/comments?post=47"}],"version-history":[{"count":0,"href":"https:\/\/xxbet-company.com\/de\/wp-json\/wp\/v2\/pages\/47\/revisions"}],"wp:attachment":[{"href":"https:\/\/xxbet-company.com\/de\/wp-json\/wp\/v2\/media?parent=47"}],"curies":[{"name":"wp","href":"https:\/\/api.w.org\/{rel}","templated":true}]}}