{"id":51,"date":"2021-05-07T01:09:55","date_gmt":"2021-05-06T22:09:55","guid":{"rendered":"https:\/\/xxbet-company.com\/?page_id=51"},"modified":"2021-05-17T11:56:27","modified_gmt":"2021-05-17T08:56:27","slug":"privacy-policy","status":"publish","type":"page","link":"https:\/\/xxbet-company.com\/de\/privacy-policy\/","title":{"rendered":"Privacy Policy 22Bet"},"content":{"rendered":"<div id=\"ez-toc-container\" class=\"ez-toc-v2_0_34 counter-flat ez-toc-counter ez-toc-transparent ez-toc-container-direction\">\n<div class=\"ez-toc-title-container\">\n<p class=\"ez-toc-title\">Inhaltsverzeichnis<\/p>\n<span class=\"ez-toc-title-toggle\"><\/span><\/div>\n<nav><ul class='ez-toc-list ez-toc-list-level-1'><li class='ez-toc-page-1'><a class=\"ez-toc-link ez-toc-heading-1\" href=\"https:\/\/xxbet-company.com\/de\/privacy-policy\/#Collection_and_use_of_information\" title=\"Sammlung und Verwendung von Informationen\">Sammlung und Verwendung von Informationen<\/a><\/li><li class='ez-toc-page-1'><a class=\"ez-toc-link ez-toc-heading-2\" href=\"https:\/\/xxbet-company.com\/de\/privacy-policy\/#Data_security\" title=\"Datensicherheit\">Datensicherheit<\/a><\/li><li class='ez-toc-page-1'><a class=\"ez-toc-link ez-toc-heading-3\" href=\"https:\/\/xxbet-company.com\/de\/privacy-policy\/#Cookie_Policy\" title=\"Cookie-Richtlinie\">Cookie-Richtlinie<\/a><\/li><\/ul><\/nav><\/div>\n\n<p>Diese Datenschutzrichtlinie beschreibt, wie 22bet die von Ihnen zur Verf\u00fcgung gestellten Informationen und Daten nutzt, um Ihre Beziehung zu 22bet zu verwalten.<\/p>\n\n\n\n<p>Wir verarbeiten personenbezogene Daten, die Sie uns \u00fcber die 22bet-Website (die \"Website\") oder anderweitig zur Verf\u00fcgung stellen, wie in dieser Datenschutzrichtlinie beschrieben. Indem Sie uns \u00fcber die Website Informationen \u00fcbermitteln, erkl\u00e4ren Sie sich mit der Verwendung Ihrer pers\u00f6nlichen Daten wie in dieser Datenschutzrichtlinie beschrieben einverstanden. Wenn Sie mit den Bedingungen dieser Datenschutzrichtlinie nicht einverstanden sind, nutzen Sie bitte die Website nicht und stellen Sie uns Ihre pers\u00f6nlichen Daten nicht auf andere Weise zur Verf\u00fcgung.<\/p>\n\n\n\n<h2><span class=\"ez-toc-section\" id=\"Collection_and_use_of_information\"><\/span>Sammlung und Verwendung von Informationen<span class=\"ez-toc-section-end\"><\/span><\/h2>\n\n\n\n<ol><li>Zu den Informationen und Daten, die wir \u00fcber Sie sammeln und verwenden k\u00f6nnen, geh\u00f6ren die folgenden:<\/li><li>Informationen, die Sie uns beim Ausf\u00fcllen von Formularen auf der Website zur Verf\u00fcgung stellen, oder alle anderen Informationen, die Sie uns \u00fcber die Website oder per E-Mail zur Verf\u00fcgung stellen.<\/li><li>Korrespondenz \u00fcber Website, E-Mail, Telefon oder andere Kommunikationsmittel.<\/li><li>Details zu Zahlungen, die Sie \u00fcber die Website, per Telefon oder anderweitig get\u00e4tigt haben.<\/li><li>Detaillierte Informationen \u00fcber Ihre Besuche auf der Website, einschlie\u00dflich Verkehrsdaten, Standortdaten, Login-Daten und andere Daten.<\/li><li>Wir k\u00f6nnen Ihre pers\u00f6nlichen Informationen und Daten in Verbindung mit anderen Informationen \u00fcber Sie verwenden, um:<\/li><li>um Ihre Wetten und Bankkartenzahlungen sowie Online-Zahlungen zu verarbeiten;<\/li><li>um Ihr Konto einzurichten und zu verwalten;<\/li><li>Kontrollen zur Einhaltung der Gesetzgebung durchf\u00fchren;<\/li><li>f\u00fchren analytische Operationen durch;<\/li><li>Sie mit Informationen \u00fcber Werbeaktionen, unsere Produkte und Dienstleistungen zu versorgen, die Sie nutzen k\u00f6nnen, und Transaktionen zu verfolgen, um Betrug, illegale Wetten und Geldw\u00e4sche zu verhindern.<\/li><li>Sie k\u00f6nnen sich von unerw\u00fcnschten E-Mails abmelden, indem Sie die verf\u00fcgbaren Funktionen nutzen.<\/li><\/ol>\n\n\n\n<h2><span class=\"ez-toc-section\" id=\"Data_security\"><\/span>Datensicherheit<span class=\"ez-toc-section-end\"><\/span><\/h2>\n\n\n\n<p>Wir ergreifen alle angemessenen, gesetzlich vorgeschriebenen Ma\u00dfnahmen, um sicherzustellen, dass Ihre pers\u00f6nlichen Daten korrekt und sicher aufgezeichnet werden. Alle personenbezogenen Daten werden vernichtet, wenn ihre Speicherung nicht mehr erforderlich ist oder wenn dies gesetzlich vorgeschrieben ist.<\/p>\n\n\n\n<p>Wir \u00fcbernehmen keine Garantie f\u00fcr die Sicherheit von Informationen, die \u00fcber das Internet an uns \u00fcbermittelt werden. Alle Informationen werden auf Ihr eigenes Risiko \u00fcbertragen. Sobald wir jedoch die \u00fcbermittelten Informationen erhalten haben, werden wir alle angemessenen Ma\u00dfnahmen ergreifen, um Ihre pers\u00f6nlichen Daten vor Missbrauch, Verlust oder unbefugtem Zugriff zu sch\u00fctzen.<\/p>\n\n\n\n<h2><span class=\"ez-toc-section\" id=\"Cookie_Policy\"><\/span>Cookie-Richtlinie<span class=\"ez-toc-section-end\"><\/span><\/h2>\n\n\n\n<p>Wenn Sie auf unsere Dienste zugreifen, k\u00f6nnen wir mit Ihrer Erlaubnis Informationen auf Ihrem Ger\u00e4t speichern. Diese Informationen werden COOKIES genannt. Dabei handelt es sich um kleine Textdateien mit Buchstaben und Zahlen, die auf Ihrem Ger\u00e4t gespeichert werden, w\u00e4hrend Sie unsere Dienste nutzen, wenn Sie unsere Websites und Online-Seiten besuchen und sich Ihre Pr\u00e4ferenzen merken.<\/p>\n\n\n\n<p>Wir verwenden auch Local Shared Objects oder \"Flash Cookies\". Flash-Cookies sind \u00e4hnlich wie Browser-Cookies. Sie erm\u00f6glichen es uns, Ihre Besuche auf unseren Websites zu speichern.<\/p>\n\n\n\n<p>Weder Cookie noch Flash-Cookie k\u00f6nnen verwendet werden, um auf Ihr Ger\u00e4t zuzugreifen oder Informationen auf Ihrem Computer zu nutzen.<\/p>\n\n\n\n<p>Wir verwenden Cookies und Flash-Cookies nur zu Kontrollzwecken.<\/p>\n\n\n\n<p>Wir verwenden diese Steuerelemente nur, um Ihre Nutzung unserer Dienste zu verfolgen, indem wir uns Ihre Pr\u00e4ferenzen merken.<\/p>\n\n\n\n<p>Flash-Cookies helfen uns, Ihren Besuch auf unserer Website zu verfolgen, unsere Dienstleistungen f\u00fcr Sie zu verbessern und Ihren Zugang zu erleichtern und Ihr Interesse an unseren Dienstleistungen zu steigern.<\/p>\n\n\n\n<p>Wir verwenden Flash-Cookies und andere Cookies, um Ihnen relevantere und w\u00fcnschenswertere Werbung zu zeigen.<\/p>\n\n\n\n<p>Wir verwenden wesentliche und notwendige Cookies, um jedem Nutzer unserer Informations- oder Spieleseite die Navigation und die Nutzung der Funktionen der Website zu erm\u00f6glichen, wie z. B. den Zugriff auf sichere Bereiche der Website oder die Durchf\u00fchrung finanzieller Transaktionen. Ohne diese Cookies sind Sie nicht in der Lage, effizient auf unseren Seiten zu arbeiten.<\/p>","protected":false},"excerpt":{"rendered":"<p>This Privacy Policy describes how 22bet uses the information and data you provide to enable us to manage your relationship with 22bet. We will process personal information provided by you through the 22bet website (the \u201cSite\u201d) or otherwise as set out in this Privacy Policy. By submitting information to us through the Website, you agree <a href=\"https:\/\/xxbet-company.com\/de\/privacy-policy\/\" class=\"more-link\">&#8230;<\/a><\/p>","protected":false},"author":1,"featured_media":0,"parent":0,"menu_order":0,"comment_status":"closed","ping_status":"closed","template":"","meta":[],"amp_enabled":true,"_links":{"self":[{"href":"https:\/\/xxbet-company.com\/de\/wp-json\/wp\/v2\/pages\/51"}],"collection":[{"href":"https:\/\/xxbet-company.com\/de\/wp-json\/wp\/v2\/pages"}],"about":[{"href":"https:\/\/xxbet-company.com\/de\/wp-json\/wp\/v2\/types\/page"}],"author":[{"embeddable":true,"href":"https:\/\/xxbet-company.com\/de\/wp-json\/wp\/v2\/users\/1"}],"replies":[{"embeddable":true,"href":"https:\/\/xxbet-company.com\/de\/wp-json\/wp\/v2\/comments?post=51"}],"version-history":[{"count":0,"href":"https:\/\/xxbet-company.com\/de\/wp-json\/wp\/v2\/pages\/51\/revisions"}],"wp:attachment":[{"href":"https:\/\/xxbet-company.com\/de\/wp-json\/wp\/v2\/media?parent=51"}],"curies":[{"name":"wp","href":"https:\/\/api.w.org\/{rel}","templated":true}]}}