{"id":53,"date":"2021-05-07T01:15:26","date_gmt":"2021-05-06T22:15:26","guid":{"rendered":"https:\/\/xxbet-company.com\/?page_id=53"},"modified":"2021-05-17T12:58:31","modified_gmt":"2021-05-17T09:58:31","slug":"app","status":"publish","type":"page","link":"https:\/\/xxbet-company.com\/de\/app\/","title":{"rendered":"22Bet mobile app"},"content":{"rendered":"<div id=\"ez-toc-container\" class=\"ez-toc-v2_0_34 counter-flat ez-toc-counter ez-toc-transparent ez-toc-container-direction\">\n<div class=\"ez-toc-title-container\">\n<p class=\"ez-toc-title\">Inhaltsverzeichnis<\/p>\n<span class=\"ez-toc-title-toggle\"><\/span><\/div>\n<nav><ul class='ez-toc-list ez-toc-list-level-1'><li class='ez-toc-page-1'><a class=\"ez-toc-link ez-toc-heading-1\" href=\"https:\/\/xxbet-company.com\/de\/app\/#Why_do_I_need_the_22Bet_mobile\" title=\"Warum brauche ich die 22Bet mobile?\">Warum brauche ich die 22Bet mobile?<\/a><\/li><li class='ez-toc-page-1'><a class=\"ez-toc-link ez-toc-heading-2\" href=\"https:\/\/xxbet-company.com\/de\/app\/#How_to_download_22BET_on_IOS\" title=\"Wie man 22BET auf IOS herunterl\u00e4dt\">Wie man 22BET auf IOS herunterl\u00e4dt<\/a><\/li><li class='ez-toc-page-1'><a class=\"ez-toc-link ez-toc-heading-3\" href=\"https:\/\/xxbet-company.com\/de\/app\/#22BET_download_for_ANDROID\" title=\"22BET herunterladen f\u00fcr ANDROID\">22BET herunterladen f\u00fcr ANDROID<\/a><\/li><\/ul><\/nav><\/div>\n\n<p>Spieler k\u00f6nnen ihre Wetten schnell und bequem \u00fcber die offizielle 22Bet Handy-App platzieren. Laden Sie dazu einfach die 22Bet-App auf Ihr Mobiltelefon herunter. Dank der Anwendung k\u00f6nnen Sie in jeder Umgebung \u00fcber den Browser Ihres Smartphones oder Tablets Wetten platzieren.<\/p>\n\n\n\n<div class=\"wp-block-image\"><figure class=\"aligncenter size-full is-resized\"><img loading=\"lazy\" src=\"https:\/\/xxbet-company.com\/wp-content\/uploads\/2021\/05\/IMG_20210430_124441.jpg\" alt=\"22Bet Mobile App\" class=\"wp-image-93\" width=\"399\" height=\"600\" title=\"\"><figcaption>Mobile 22Bet<\/figcaption><\/figure><\/div>\n\n\n\n<h2><span class=\"ez-toc-section\" id=\"Why_do_I_need_the_22Bet_mobile\"><\/span><strong>Warum brauche ich die 22Bet mobile?<\/strong><span class=\"ez-toc-section-end\"><\/span><\/h2>\n\n\n\n<p>Es ist nicht immer m\u00f6glich, den Browser auf einem Computer oder Laptop zu \u00f6ffnen. Es ist f\u00fcr solche F\u00e4lle, dass 22Bet Entwickler die mobile Version der Hauptseite ins Leben gerufen. Jetzt k\u00f6nnen Sie von Ihrem Telefon aus von \u00fcberall aus auf Sport wetten - auch wenn Sie im Stau stehen oder in einem Caf\u00e9 zu Mittag essen. Wetten wird schneller, einfacher und bequemer mit der 22Bet Mobile App!<\/p>\n\n\n\n<h2><span class=\"ez-toc-section\" id=\"How_to_download_22BET_on_IOS\"><\/span><strong>Wie man 22BET auf IOS herunterl\u00e4dt<\/strong><span class=\"ez-toc-section-end\"><\/span><\/h2>\n\n\n\n<p>Sie k\u00f6nnen die 22 Bet-App direkt aus dem App Store auf Ihr Mobiltelefon herunterladen. Wenn der Download fehlschl\u00e4gt, liegt das Problem wahrscheinlich in Ihrem Wohnsitzgebiet. Wenn Sie in einem Land leben, in dem internationale Sportwetten zu Hause aus irgendeinem Grund verboten sind, folgen Sie diesen Schritten, um 22 Wetten auf iOS herunterzuladen.<\/p>\n\n\n\n<ul><li>\u00d6ffnen Sie die iTunes- und App Store-Einstellungen auf Ihrem Ger\u00e4t.<\/li><li>W\u00e4hlen Sie den Abschnitt Apple ID (Ihre Apple ID).<\/li><li>Klicken Sie auf Apple ID anzeigen und geben Sie Ihr Passwort ein.<\/li><li>W\u00e4hlen Sie Ihr Land \/ Ihre Region und klicken Sie dann auf Land oder Region \u00e4ndern.<\/li><li>W\u00e4hlen Sie ein Land, in dem Sportwetten erlaubt sind.<\/li><\/ul>\n\n\n\n<div class=\"wp-block-image\"><figure class=\"aligncenter size-full is-resized\"><img loading=\"lazy\" src=\"https:\/\/xxbet-company.com\/wp-content\/uploads\/2021\/05\/Screenshot_2021-04-30-12-45-07-495_com.android.chrome.jpg\" alt=\"22Bet mobile\" class=\"wp-image-97\" width=\"400\" height=\"600\" title=\"\"><figcaption>W\u00e4hlen Sie Ihr Ger\u00e4t, um 22Bet herunterzuladen<\/figcaption><\/figure><\/div>\n\n\n\n<p>Jetzt k\u00f6nnen Sie 22Bet herunterladen f\u00fcr <a href=\"https:\/\/www.apple.com\/ios\/ios-14\/\" class=\"rank-math-link\" rel=\"nofollow noopener\" target=\"_blank\">iOS<\/a> kostenlos. Akzeptieren Sie vor der Installation die Bedingungen der Nutzungsvereinbarung. Wenn Sie fertig sind, melden Sie sich mit dem zuvor angegebenen Benutzernamen und Passwort bei Ihrem pers\u00f6nlichen Konto an oder erstellen Sie direkt von Ihrem Mobiltelefon aus ein Spielkonto.<\/p>\n\n\n\n<h2><span class=\"ez-toc-section\" id=\"22BET_download_for_ANDROID\"><\/span><strong>22BET herunterladen f\u00fcr ANDROID<\/strong><span class=\"ez-toc-section-end\"><\/span><\/h2>\n\n\n\n<p>Android ist eines der beliebtesten mobilen Betriebssysteme, f\u00fcr das auch eine Sportwetten-Software entwickelt wurde. Sie k\u00f6nnen 22Bet f\u00fcr Android direkt von der offiziellen Website des Buchmachers herunterladen. Der Aktionsplan ist wie folgt:<\/p>\n\n\n\n<ul><li>Gehen Sie von Ihrem mobilen Gadget auf die Website des Buchmachers und klicken Sie auf 22Bet Mobile Apps (auf der Hauptseite rechts und oben).<\/li><li>Klicken Sie auf die Schaltfl\u00e4che \"22Bet f\u00fcr Android herunterladen\".<\/li><li>Klicken Sie zum Herunterladen auf \"OK\" in dem Fenster, das erscheint, wenn der Download nicht automatisch gestartet wurde. Wenn der Download abgeschlossen ist, klicken Sie auf \"\u00d6ffnen\".<\/li><\/ul>\n\n\n\n<p>In den meisten F\u00e4llen erfolgt die Installation automatisch und es sind keine weiteren Ma\u00dfnahmen erforderlich.<\/p>\n\n\n\n<p>Wenn Ihr Ger\u00e4t die Installation von Apps aus unbekannten Quellen blockiert, folgen Sie diesen Schritten, um 22Bet mobile erfolgreich herunterzuladen auf <a href=\"https:\/\/www.android.com\/\" class=\"rank-math-link\" rel=\"nofollow noopener\" target=\"_blank\">Android<\/a>:<\/p>\n\n\n\n<ul><li>Gehen Sie in die Telefoneinstellungen und erlauben Sie die Installation von Anwendungen aus unbekannten Quellen (in den meisten F\u00e4llen befindet sich die Funktion im Sicherheitsmodus).<\/li><li>Gehen Sie zur\u00fcck zu der heruntergeladenen Datei und klicken Sie auf Installieren.<\/li><li>Wenn es bereit ist und eine Meldung mit einer Schaltfl\u00e4che \"\u00d6ffnen\" auf dem Bildschirm erscheint, bedeutet dies, dass 22Bet erfolgreich geladen wurde.<\/li><\/ul>\n\n\n\n<p>F\u00fchlen Sie sich frei, die Anwendung zu betreten, sich in Ihr pers\u00f6nliches Konto einzuloggen oder <a href=\"https:\/\/xxbet-company.com\/de\/registration\/\" class=\"rank-math-link\">ein Spielkonto erstellen<\/a>.<\/p>","protected":false},"excerpt":{"rendered":"<p>Players can place their bets quickly and conveniently on the official 22Bet mobile app. To do this, simply download the 22Bet app on your mobile phone. Thanks to the application, you can place bets in any environment using the browser of your smartphone or tablet. Why do I need the 22Bet mobile? It is not <a href=\"https:\/\/xxbet-company.com\/de\/app\/\" class=\"more-link\">&#8230;<\/a><\/p>","protected":false},"author":1,"featured_media":0,"parent":0,"menu_order":0,"comment_status":"closed","ping_status":"closed","template":"","meta":[],"amp_enabled":true,"_links":{"self":[{"href":"https:\/\/xxbet-company.com\/de\/wp-json\/wp\/v2\/pages\/53"}],"collection":[{"href":"https:\/\/xxbet-company.com\/de\/wp-json\/wp\/v2\/pages"}],"about":[{"href":"https:\/\/xxbet-company.com\/de\/wp-json\/wp\/v2\/types\/page"}],"author":[{"embeddable":true,"href":"https:\/\/xxbet-company.com\/de\/wp-json\/wp\/v2\/users\/1"}],"replies":[{"embeddable":true,"href":"https:\/\/xxbet-company.com\/de\/wp-json\/wp\/v2\/comments?post=53"}],"version-history":[{"count":0,"href":"https:\/\/xxbet-company.com\/de\/wp-json\/wp\/v2\/pages\/53\/revisions"}],"wp:attachment":[{"href":"https:\/\/xxbet-company.com\/de\/wp-json\/wp\/v2\/media?parent=53"}],"curies":[{"name":"wp","href":"https:\/\/api.w.org\/{rel}","templated":true}]}}