{"id":55,"date":"2021-05-07T01:19:33","date_gmt":"2021-05-06T22:19:33","guid":{"rendered":"https:\/\/xxbet-company.com\/?page_id=55"},"modified":"2021-05-17T11:55:50","modified_gmt":"2021-05-17T08:55:50","slug":"registration","status":"publish","type":"page","link":"https:\/\/xxbet-company.com\/de\/registration\/","title":{"rendered":"22Bet login and registration on the official website"},"content":{"rendered":"<div id=\"ez-toc-container\" class=\"ez-toc-v2_0_34 counter-flat ez-toc-counter ez-toc-transparent ez-toc-container-direction\">\n<div class=\"ez-toc-title-container\">\n<p class=\"ez-toc-title\">Inhaltsverzeichnis<\/p>\n<span class=\"ez-toc-title-toggle\"><\/span><\/div>\n<nav><ul class='ez-toc-list ez-toc-list-level-1'><li class='ez-toc-page-1'><a class=\"ez-toc-link ez-toc-heading-1\" href=\"https:\/\/xxbet-company.com\/de\/registration\/#Instructions_registration_22Bet\" title=\"Anleitung: Registrierung 22Bet&nbsp;\">Anleitung: Registrierung 22Bet&nbsp;<\/a><\/li><li class='ez-toc-page-1'><a class=\"ez-toc-link ez-toc-heading-2\" href=\"https:\/\/xxbet-company.com\/de\/registration\/#How_to_register_at_22Bet_via_social_networks\" title=\"Wie man sich bei 22Bet \u00fcber soziale Netzwerke registriert\">Wie man sich bei 22Bet \u00fcber soziale Netzwerke registriert<\/a><\/li><\/ul><\/nav><\/div>\n\n<p>22bet Login und Registrierung ist eine Voraussetzung f\u00fcr die Nutzung der Website. Sobald Sie eingeloggt sind, k\u00f6nnen Sie kostenlos und um echtes Geld spielen. Das Einrichten eines Wettkontos ist der erste Schritt in Richtung Sportwetten bei einem Buchmacher. In diesem Artikel erkl\u00e4ren wir Ihnen, wie Sie sich bei 22Bet registrieren und analysieren alle Feinheiten und Regeln f\u00fcr die Aktivierung Ihres Kontos.<\/p>\n\n\n\n<div class=\"wp-block-image\"><figure class=\"aligncenter size-full\"><img loading=\"lazy\" width=\"643\" height=\"231\" src=\"https:\/\/xxbet-company.com\/wp-content\/uploads\/2021\/05\/22bet-bonus-en.png\" alt=\"Welcome bonus 22Bet\" class=\"wp-image-82\" srcset=\"https:\/\/xxbet-company.com\/wp-content\/uploads\/2021\/05\/22bet-bonus-en.png 643w, https:\/\/xxbet-company.com\/wp-content\/uploads\/2021\/05\/22bet-bonus-en-300x108.png 300w, https:\/\/xxbet-company.com\/wp-content\/uploads\/2021\/05\/22bet-bonus-en-16x6.png 16w\" sizes=\"(max-width: 643px) 100vw, 643px\" title=\"\"><figcaption>Anmeldebonus 22Bet<\/figcaption><\/figure><\/div>\n\n\n\n<h2><span class=\"ez-toc-section\" id=\"Instructions_registration_22Bet\"><\/span><strong>Anleitung: Registrierung 22Bet&nbsp;<\/strong><span class=\"ez-toc-section-end\"><\/span><\/h2>\n\n\n\n<p>Es gibt zwei Registrierungsmethoden auf der 22Bet-Sportwetten-Website: vollst\u00e4ndige Registrierung und \u00fcber soziale Netzwerke. Beginnen wir mit der ersten Option zur Erstellung eines Spielkontos.<\/p>\n\n\n\n<figure class=\"wp-block-image size-full\"><img loading=\"lazy\" width=\"1329\" height=\"88\" src=\"https:\/\/xxbet-company.com\/wp-content\/uploads\/2021\/05\/reg-22bet.png\" alt=\"22bet login and register\" class=\"wp-image-85\" srcset=\"https:\/\/xxbet-company.com\/wp-content\/uploads\/2021\/05\/reg-22bet.png 1329w, https:\/\/xxbet-company.com\/wp-content\/uploads\/2021\/05\/reg-22bet-300x20.png 300w, https:\/\/xxbet-company.com\/wp-content\/uploads\/2021\/05\/reg-22bet-1024x68.png 1024w, https:\/\/xxbet-company.com\/wp-content\/uploads\/2021\/05\/reg-22bet-16x1.png 16w\" sizes=\"(max-width: 1329px) 100vw, 1329px\" title=\"\"><figcaption>Klicken Sie auf die Schaltfl\u00e4che \"Registrieren\".<\/figcaption><\/figure>\n\n\n\n<p>Um ein Spielkonto zu er\u00f6ffnen, klicken Sie auf die Schaltfl\u00e4che \"Registrierung\" auf der Seite <a href=\"https:\/\/xxbet-company.com\/de\/official-site\/\" class=\"rank-math-link\">22Bet Website<\/a> oder <a href=\"https:\/\/en.wikipedia.org\/wiki\/Mirror_site\" class=\"rank-math-link\" rel=\"nofollow noopener\" target=\"_blank\">Spiegel<\/a>. Danach sehen Sie ein Formular mit den folgenden Feldern:<\/p>\n\n\n\n<ul><li>E-Mail;<\/li><li>W\u00e4hlen Sie ein Passwort;<\/li><li>Nachname und Vorname<\/li><li>das Land, in dem Sie leben;<\/li><li>Kontow\u00e4hrung.<\/li><\/ul>\n\n\n\n<div class=\"wp-block-image\"><figure class=\"aligncenter size-full\"><img loading=\"lazy\" width=\"738\" height=\"476\" src=\"https:\/\/xxbet-company.com\/wp-content\/uploads\/2021\/05\/22bet-reg-en.png\" alt=\"22Bet login\" class=\"wp-image-87\" srcset=\"https:\/\/xxbet-company.com\/wp-content\/uploads\/2021\/05\/22bet-reg-en.png 738w, https:\/\/xxbet-company.com\/wp-content\/uploads\/2021\/05\/22bet-reg-en-300x193.png 300w, https:\/\/xxbet-company.com\/wp-content\/uploads\/2021\/05\/22bet-reg-en-16x10.png 16w\" sizes=\"(max-width: 738px) 100vw, 738px\" title=\"\"><figcaption>Anmeldeformular bei 22Bet<\/figcaption><\/figure><\/div>\n\n\n\n<p>Das Ausf\u00fcllen der Zeilen sollte einfach sein. Wir empfehlen, dass Sie auf das Feld f\u00fcr die Eingabe einer E-Mail-Adresse achten. Es wird nicht empfohlen, eine zuf\u00e4llige E-Mail-Adresse einzugeben, da die Registrierung von 22Bet nur der erste Schritt zur Platzierung von Wetten ist. Nachdem Sie das Formular ausgef\u00fcllt haben, erhalten Sie eine Nachricht mit einem Link, um Ihr Konto zu aktivieren. Wenn Sie diesen nicht nutzen, wird Ihr Konto ung\u00fcltig.<\/p>\n\n\n\n<p>Achten Sie auf die Wahl der W\u00e4hrung: in welcher W\u00e4hrung w\u00e4re es einfacher, Transaktionen durchzuf\u00fchren und Gewinne zu erhalten, da es nicht m\u00f6glich sein wird, die Wahl zu \u00e4ndern.<\/p>\n\n\n\n<h2><span class=\"ez-toc-section\" id=\"How_to_register_at_22Bet_via_social_networks\"><\/span><strong>Wie man sich bei 22Bet \u00fcber soziale Netzwerke registriert<\/strong><span class=\"ez-toc-section-end\"><\/span><\/h2>\n\n\n\n<p>Die zweite M\u00f6glichkeit, ein Konto zu erstellen: die Registrierung bei 22bet \u00fcber soziale Netzwerke und Instant Messenger. Um ein Konto auf diese Weise zu aktivieren, muss der Spieler ein soziales Netzwerk ausw\u00e4hlen und die Erlaubnis best\u00e4tigen, die Daten zu lesen und als Registrierung zu verwenden. Die Registrierung bei 22Bet ist derzeit auf den folgenden Plattformen m\u00f6glich:<\/p>\n\n\n\n<ul><li>In Kontakt mit;<\/li><li>Mitsch\u00fcler;<\/li><li>Google+;<\/li><li>Yandex;<\/li><li>Mail.ru<\/li><\/ul>\n\n\n\n<p>Bevor Sie ein soziales Netzwerk ausw\u00e4hlen, geben Sie die Kontow\u00e4hrung an. Klicken Sie dann auf Sign Up (Anmelden), wodurch eine Weiterleitung erstellt und eine neue Registerkarte ge\u00f6ffnet wird. Melden Sie sich bei Ihrem Konto an und stimmen Sie den Bedingungen zu. Wenn alles fertig ist, wird der Buchmacher einen Benutzernamen und ein Passwort f\u00fcr Sie generieren, mit denen Sie sich in Ihr Konto einloggen k\u00f6nnen. Wie bei der vorherigen Methode wird die 22Bet-Registrierung als abgeschlossen betrachtet, sobald Sie Ihre E-Mail-Adresse verifiziert haben. 22bet-Login kann \u00fcber das soziale Netzwerk Ihrer Wahl erfolgen <\/p>\n\n\n\n<div class=\"wp-block-image\"><figure class=\"aligncenter size-full\"><img loading=\"lazy\" width=\"1347\" height=\"611\" src=\"https:\/\/xxbet-company.com\/wp-content\/uploads\/2021\/05\/lk-22bet.png\" alt=\"22bet account setting\" class=\"wp-image-90\" srcset=\"https:\/\/xxbet-company.com\/wp-content\/uploads\/2021\/05\/lk-22bet.png 1347w, https:\/\/xxbet-company.com\/wp-content\/uploads\/2021\/05\/lk-22bet-300x136.png 300w, https:\/\/xxbet-company.com\/wp-content\/uploads\/2021\/05\/lk-22bet-1024x464.png 1024w, https:\/\/xxbet-company.com\/wp-content\/uploads\/2021\/05\/lk-22bet-16x7.png 16w\" sizes=\"(max-width: 1347px) 100vw, 1347px\" title=\"\"><figcaption>Geben Sie alle Ihre Daten in Ihrem pers\u00f6nlichen Konto ein<\/figcaption><\/figure><\/div>\n\n\n\n<p>Wenn die grundlegenden Schritte abgeschlossen sind, gehen Sie zu Ihrem echten Konto und geben Sie Ihre Daten ein. Alle Daten werden n\u00fctzlich sein, wenn Sie Ihre Identit\u00e4t verifizieren, wenn Sie Geld abheben oder an B\u00fcro-Aktionen teilnehmen m\u00f6chten. Sie k\u00f6nnen auch eine Zwei-Faktor-Authentifizierung in Ihrem Konto einrichten, um Ihr Konto vor unbefugten Besuchern zu sch\u00fctzen.<\/p>\n\n\n\n<p>Der Buchmacher 22 Bet bietet eine sch\u00f6ne <a href=\"https:\/\/xxbet-company.com\/de\/bonus\/\" class=\"rank-math-link\">Willkommensbonus<\/a> f\u00fcr jeden neuen Spieler. Nach der Anmeldung und Registrierung bei 22bet erh\u00e4lt ein neuer Spieler garantiert 100% des Einzahlungsbetrags. Das maximale Geschenk, mit dem ein Anf\u00e4nger rechnen kann, ist 122 \u20ac.<\/p>","protected":false},"excerpt":{"rendered":"<p>22bet login and registration is a prerequisite for using the website. Once logged in, you can play for free and for real money. Setting up a betting account is the first step towards sports betting at a bookmaker. In this article, we will tell you how to register at 22Bet and analyze all the subtleties <a href=\"https:\/\/xxbet-company.com\/de\/registration\/\" class=\"more-link\">&#8230;<\/a><\/p>","protected":false},"author":1,"featured_media":0,"parent":0,"menu_order":0,"comment_status":"closed","ping_status":"closed","template":"","meta":[],"amp_enabled":true,"_links":{"self":[{"href":"https:\/\/xxbet-company.com\/de\/wp-json\/wp\/v2\/pages\/55"}],"collection":[{"href":"https:\/\/xxbet-company.com\/de\/wp-json\/wp\/v2\/pages"}],"about":[{"href":"https:\/\/xxbet-company.com\/de\/wp-json\/wp\/v2\/types\/page"}],"author":[{"embeddable":true,"href":"https:\/\/xxbet-company.com\/de\/wp-json\/wp\/v2\/users\/1"}],"replies":[{"embeddable":true,"href":"https:\/\/xxbet-company.com\/de\/wp-json\/wp\/v2\/comments?post=55"}],"version-history":[{"count":0,"href":"https:\/\/xxbet-company.com\/de\/wp-json\/wp\/v2\/pages\/55\/revisions"}],"wp:attachment":[{"href":"https:\/\/xxbet-company.com\/de\/wp-json\/wp\/v2\/media?parent=55"}],"curies":[{"name":"wp","href":"https:\/\/api.w.org\/{rel}","templated":true}]}}