{"id":57,"date":"2021-05-07T01:25:07","date_gmt":"2021-05-06T22:25:07","guid":{"rendered":"https:\/\/xxbet-company.com\/?page_id=57"},"modified":"2021-05-17T13:08:25","modified_gmt":"2021-05-17T10:08:25","slug":"official-site","status":"publish","type":"page","link":"https:\/\/xxbet-company.com\/de\/official-site\/","title":{"rendered":"22Bet Website"},"content":{"rendered":"<div id=\"ez-toc-container\" class=\"ez-toc-v2_0_34 counter-flat ez-toc-counter ez-toc-transparent ez-toc-container-direction\">\n<div class=\"ez-toc-title-container\">\n<p class=\"ez-toc-title\">Inhaltsverzeichnis<\/p>\n<span class=\"ez-toc-title-toggle\"><\/span><\/div>\n<nav><ul class='ez-toc-list ez-toc-list-level-1'><li class='ez-toc-page-1'><a class=\"ez-toc-link ez-toc-heading-1\" href=\"https:\/\/xxbet-company.com\/de\/official-site\/#22Bet_account\" title=\"22Bet-Konto\">22Bet-Konto<\/a><\/li><li class='ez-toc-page-1'><a class=\"ez-toc-link ez-toc-heading-2\" href=\"https:\/\/xxbet-company.com\/de\/official-site\/#What_to_do_if_22Bet_website_is_blocked\" title=\"Was tun, wenn die 22Bet-Website gesperrt ist?\">Was tun, wenn die 22Bet-Website gesperrt ist?<\/a><\/li><li class='ez-toc-page-1'><a class=\"ez-toc-link ez-toc-heading-3\" href=\"https:\/\/xxbet-company.com\/de\/official-site\/#Payment_systems_on_22Bet_website\" title=\"Zahlungssysteme auf der 22Bet-Website\">Zahlungssysteme auf der 22Bet-Website<\/a><\/li><\/ul><\/nav><\/div>\n\n<p>Die <a href=\"https:\/\/xxbet-company.com\/de\/\" class=\"rank-math-link\">22Wette<\/a> Website ist ausgewogen, es gibt keine unn\u00f6tigen Details, die die Aufmerksamkeit ablenken w\u00fcrden. Die Navigation ist einfach und geradlinig - die Spalte auf der linken Seite enth\u00e4lt die Sportarten, auf die Sie wetten k\u00f6nnen, und die Mitte der Seite ist den aktuellen Chancen der wichtigsten Spiele und Ereignisse gewidmet. Der Coupon befindet sich auf der rechten Seite, so dass Sie nur noch die Felder ausf\u00fcllen m\u00fcssen. So bietet die Startseite vollen Zugriff auf alle notwendigen Aktionen, ohne dass eine gr\u00fcndliche Suche erforderlich ist.<\/p>\n\n\n\n<figure class=\"wp-block-image size-full\"><img loading=\"lazy\" width=\"1358\" height=\"724\" src=\"https:\/\/xxbet-company.com\/wp-content\/uploads\/2021\/05\/22bet-site-en.png\" alt=\"22bet website\" class=\"wp-image-73\" srcset=\"https:\/\/xxbet-company.com\/wp-content\/uploads\/2021\/05\/22bet-site-en.png 1358w, https:\/\/xxbet-company.com\/wp-content\/uploads\/2021\/05\/22bet-site-en-300x160.png 300w, https:\/\/xxbet-company.com\/wp-content\/uploads\/2021\/05\/22bet-site-en-1024x546.png 1024w, https:\/\/xxbet-company.com\/wp-content\/uploads\/2021\/05\/22bet-site-en-16x9.png 16w\" sizes=\"(max-width: 1358px) 100vw, 1358px\" title=\"\"><figcaption>Startseite 22bet Website<\/figcaption><\/figure>\n\n\n\n<p>Die 22Bet Webseite l\u00e4dt schnell genug, sie friert nicht ein. Die Schnittstelle der Liste der Spiele selbst ist gelungen, und in diesem Fall ist es wichtig, weil die Auswahl an Wetten riesig und leicht zu finden ist - alle Ergebnisse sind in Gruppen unterteilt, und Sie k\u00f6nnen die gew\u00fcnschte aus dem Dropdown-Men\u00fc ausw\u00e4hlen. ... Wie \u00fcblich sind die wichtigsten Ereignisse des Tages in einer separaten Spalte hervorgehoben. Es gibt einen gro\u00dfen Abschnitt \u00fcber Casinos und Online-Spiele.<\/p>\n\n\n\n<p>Die Sportwettenseite ist gut organisiert, sodass Besucher schnell ein Ereignis ausw\u00e4hlen und eine Wette platzieren k\u00f6nnen. Das Design der Seite ist einfach und \u00fcbersichtlich, aber das ist ein Pluspunkt: Es gibt keine Ablenkungen, die die Seite verlangsamen.<\/p>\n\n\n\n<div class=\"wp-block-image\"><figure class=\"aligncenter size-full\"><img loading=\"lazy\" width=\"314\" height=\"602\" src=\"https:\/\/xxbet-company.com\/wp-content\/uploads\/2021\/05\/22bet-top-events.png\" alt=\"22bet online\" class=\"wp-image-107\" srcset=\"https:\/\/xxbet-company.com\/wp-content\/uploads\/2021\/05\/22bet-top-events.png 314w, https:\/\/xxbet-company.com\/wp-content\/uploads\/2021\/05\/22bet-top-events-156x300.png 156w, https:\/\/xxbet-company.com\/wp-content\/uploads\/2021\/05\/22bet-top-events-6x12.png 6w\" sizes=\"(max-width: 314px) 100vw, 314px\" title=\"\"><figcaption>Sie k\u00f6nnen Wetten auf Top-Events mit 1 Klick platzieren<\/figcaption><\/figure><\/div>\n\n\n\n<p>Auf der Homepage von 22 Bet com finden Sie eine Auswahl der interessantesten Sportereignisse, und in der oberen rechten Ecke befindet sich ein Wettgutschein. An den Seiten befinden sich Informationsbanner: Anleitungen zur Installation der mobilen Applikation des Buchmachers und die Unterhaltungsangebote des Unternehmens. Im Untergeschoss der Seite finden Sie Hilfeinformationen. In der Kopfzeile der Seite bietet der Buchmacher einen schnellen Zugriff auf die wichtigsten Dienstleistungen des Unternehmens, es gibt Abschnitte wie:<\/p>\n\n\n\n<ul><li>Zeile;<\/li><li>live;<\/li><li>Kasino;<\/li><li>Zahlungen;<\/li><li>Boni;<\/li><li>Autorisierung und Registrierung von Kunden.<\/li><\/ul>\n\n\n\n<p>Wenn man von der offiziellen Website von 22Bet spricht, kann man nicht umhin, die Unterhaltungsabschnitte der offiziellen Website des Unternehmens zu erw\u00e4hnen. Zus\u00e4tzlich zu den Sportwetten bietet der Buchmacher an, Zeit damit zu verbringen, durch verschiedene Slots oder Spiele mit Live-Dealern von den besten Anbietern der Welt zu scrollen.<\/p>\n\n\n\n<div class=\"wp-block-image\"><figure class=\"aligncenter size-full\"><img loading=\"lazy\" width=\"992\" height=\"622\" src=\"https:\/\/xxbet-company.com\/wp-content\/uploads\/2021\/05\/22bet-line-en.png\" alt=\"22 bet sport line\" class=\"wp-image-110\" srcset=\"https:\/\/xxbet-company.com\/wp-content\/uploads\/2021\/05\/22bet-line-en.png 992w, https:\/\/xxbet-company.com\/wp-content\/uploads\/2021\/05\/22bet-line-en-300x188.png 300w, https:\/\/xxbet-company.com\/wp-content\/uploads\/2021\/05\/22bet-line-en-16x10.png 16w\" sizes=\"(max-width: 992px) 100vw, 992px\" title=\"\"><figcaption>Bequem nach Veranstaltungen suchen und Wetten bei 22Bet platzieren<\/figcaption><\/figure><\/div>\n\n\n\n<h2><span class=\"ez-toc-section\" id=\"22Bet_account\"><\/span><strong>22Bet-Konto<\/strong><span class=\"ez-toc-section-end\"><\/span><\/h2>\n\n\n\n<p>Die offizielle 22Bet-Webseite hebt sich von der Konkurrenz durch schnelles Laden, einfaches Interface und Benutzerfreundlichkeit ab.<\/p>\n\n\n\n<p>Das pers\u00f6nliche Konto enth\u00e4lt folgende Funktionen: erweiterte Einstellungen (Zahnrad in der oberen rechten Ecke), Systemmeldungen, Anrufverwaltung, Informationen \u00fcber den aktuellen Arbeitsspiegel, Herunterladen der Anwendung auf einen PC und ein Mobiltelefon. Die letzten drei Optionen befinden sich in der oberen linken Ecke der Startseite. Neben dem pers\u00f6nlichen Konto gibt es auch ein Support-Chat-Panel (unten rechts).<\/p>\n\n\n\n<h2><span class=\"ez-toc-section\" id=\"What_to_do_if_22Bet_website_is_blocked\"><\/span><strong>Was tun, wenn die 22Bet-Website gesperrt ist?<\/strong><span class=\"ez-toc-section-end\"><\/span><\/h2>\n\n\n\n<p>F\u00fcr russische Spieler ist die Website des Buchmachers 22Bet von Roskomnadzor gesperrt. Wenn Sie auf dem Service spielen m\u00f6chten, verwenden Sie alternative Methoden, um die Sperrung zu umgehen. Wir empfehlen nicht, Seiten von illegalen Buchmachern f\u00fcr Wetten zu verwenden.<\/p>\n\n\n\n<p>\u2753 Die Seite ist gesperrt. Wie kann man bei 22Bet wetten?<\/p>\n\n\n\n<p>Verwenden Sie eine der folgenden Methoden:<\/p>\n\n\n\n<ul><li>herunterladen <a href=\"https:\/\/en.wikipedia.org\/wiki\/Tor_(anonymity_network)\" class=\"rank-math-link\" rel=\"nofollow noopener\" target=\"_blank\">TOR<\/a> Browser,<\/li><li>22Bet verwenden <a href=\"https:\/\/xxbet-company.com\/de\/access\/\" class=\"rank-math-link\">Spiegel<\/a>,<\/li><li>\u00e4ndern Sie den Proxy und den Port in den Verbindungseinstellungen auf \"anonym\";<\/li><li>Verwenden Sie ein VPN f\u00fcr den Browser.<\/li><\/ul>\n\n\n\n<div class=\"wp-block-image\"><figure class=\"aligncenter size-full\"><img loading=\"lazy\" width=\"1347\" height=\"611\" src=\"https:\/\/xxbet-company.com\/wp-content\/uploads\/2021\/05\/lk-22bet.png\" alt=\"\" class=\"wp-image-90\" srcset=\"https:\/\/xxbet-company.com\/wp-content\/uploads\/2021\/05\/lk-22bet.png 1347w, https:\/\/xxbet-company.com\/wp-content\/uploads\/2021\/05\/lk-22bet-300x136.png 300w, https:\/\/xxbet-company.com\/wp-content\/uploads\/2021\/05\/lk-22bet-1024x464.png 1024w, https:\/\/xxbet-company.com\/wp-content\/uploads\/2021\/05\/lk-22bet-16x7.png 16w\" sizes=\"(max-width: 1347px) 100vw, 1347px\" title=\"\"><figcaption>Vergessen Sie nicht, Ihr Konto einzurichten<\/figcaption><\/figure><\/div>\n\n\n\n<h2><span class=\"ez-toc-section\" id=\"Payment_systems_on_22Bet_website\"><\/span><strong>Zahlungssysteme auf der 22Bet-Website<\/strong><span class=\"ez-toc-section-end\"><\/span><\/h2>\n\n\n\n<p>22BET arbeitet sorgf\u00e4ltig, um sicherzustellen, dass Ihre Geldtransaktionen bequem und schnell sind. Es wird Ihnen eine riesige Liste von Geldern angeboten, um Ihr Konto aufzuf\u00fcllen, und Auszahlungen werden so schnell wie m\u00f6glich durchgef\u00fchrt. Au\u00dferdem sind alle Transaktionen absolut sicher und durch mehrfache elektronische Verschl\u00fcsselung gesch\u00fctzt.<\/p>\n\n\n\n<p>Auszahlungsantr\u00e4ge werden rund um die Uhr bearbeitet. Sie k\u00f6nnen Gelder nur mit der gleichen Zahlungsmethode abheben, mit der Sie Gelder auf Ihr Konto eingezahlt haben. Wenn Sie verschiedene Einzahlungsmethoden verwenden, sollten die Abhebungen im Verh\u00e4ltnis zu den mit dieser Methode get\u00e4tigten Investitionen stehen.<\/p>\n\n\n\n<div class=\"wp-block-image\"><figure class=\"aligncenter size-full\"><img loading=\"lazy\" width=\"769\" height=\"473\" src=\"https:\/\/xxbet-company.com\/wp-content\/uploads\/2021\/05\/22bet-payment.png\" alt=\"Payment on 22Bet\" class=\"wp-image-114\" srcset=\"https:\/\/xxbet-company.com\/wp-content\/uploads\/2021\/05\/22bet-payment.png 769w, https:\/\/xxbet-company.com\/wp-content\/uploads\/2021\/05\/22bet-payment-300x185.png 300w, https:\/\/xxbet-company.com\/wp-content\/uploads\/2021\/05\/22bet-payment-16x10.png 16w\" sizes=\"(max-width: 769px) 100vw, 769px\" title=\"\"><figcaption>Beliebte Zahlungssysteme auf der 22Bet-Website<\/figcaption><\/figure><\/div>","protected":false},"excerpt":{"rendered":"<p>The 22Bet website is balanced, there are no unnecessary details that would distract attention. The navigation is simple and straightforward &#8211; the column on the left contains the sports you can bet on, and the center of the page is dedicated to the current chances of the most important games and events. The coupon is <a href=\"https:\/\/xxbet-company.com\/de\/official-site\/\" class=\"more-link\">&#8230;<\/a><\/p>","protected":false},"author":1,"featured_media":0,"parent":0,"menu_order":0,"comment_status":"closed","ping_status":"closed","template":"","meta":[],"amp_enabled":true,"_links":{"self":[{"href":"https:\/\/xxbet-company.com\/de\/wp-json\/wp\/v2\/pages\/57"}],"collection":[{"href":"https:\/\/xxbet-company.com\/de\/wp-json\/wp\/v2\/pages"}],"about":[{"href":"https:\/\/xxbet-company.com\/de\/wp-json\/wp\/v2\/types\/page"}],"author":[{"embeddable":true,"href":"https:\/\/xxbet-company.com\/de\/wp-json\/wp\/v2\/users\/1"}],"replies":[{"embeddable":true,"href":"https:\/\/xxbet-company.com\/de\/wp-json\/wp\/v2\/comments?post=57"}],"version-history":[{"count":0,"href":"https:\/\/xxbet-company.com\/de\/wp-json\/wp\/v2\/pages\/57\/revisions"}],"wp:attachment":[{"href":"https:\/\/xxbet-company.com\/de\/wp-json\/wp\/v2\/media?parent=57"}],"curies":[{"name":"wp","href":"https:\/\/api.w.org\/{rel}","templated":true}]}}