{"id":16,"date":"2021-05-05T15:37:18","date_gmt":"2021-05-05T12:37:18","guid":{"rendered":"https:\/\/xxbet-company.com\/?page_id=16"},"modified":"2021-05-17T16:06:19","modified_gmt":"2021-05-17T13:06:19","slug":"22bet-online-sports-betting-and-best-odds","status":"publish","type":"page","link":"https:\/\/xxbet-company.com\/es\/","title":{"rendered":"22Bet &#8211; the best conditions for betting"},"content":{"rendered":"<div id=\"ez-toc-container\" class=\"ez-toc-v2_0_34 counter-flat ez-toc-counter ez-toc-transparent ez-toc-container-direction\">\n<div class=\"ez-toc-title-container\">\n<p class=\"ez-toc-title\">Tabla de contenidos<\/p>\n<span class=\"ez-toc-title-toggle\"><\/span><\/div>\n<nav><ul class='ez-toc-list ez-toc-list-level-1'><li class='ez-toc-page-1'><a class=\"ez-toc-link ez-toc-heading-1\" href=\"https:\/\/xxbet-company.com\/es\/#Pros_of_22bet\" title=\"Ventajas de 22bet\">Ventajas de 22bet<\/a><\/li><li class='ez-toc-page-1'><a class=\"ez-toc-link ez-toc-heading-2\" href=\"https:\/\/xxbet-company.com\/es\/#Registration_and_bonuses_at_22Bet\" title=\"Registro y bonos en 22Bet\">Registro y bonos en 22Bet<\/a><\/li><li class='ez-toc-page-1'><a class=\"ez-toc-link ez-toc-heading-3\" href=\"https:\/\/xxbet-company.com\/es\/#Line_and_painting\" title=\"L\u00ednea y pintura\">L\u00ednea y pintura<\/a><\/li><li class='ez-toc-page-1'><a class=\"ez-toc-link ez-toc-heading-4\" href=\"https:\/\/xxbet-company.com\/es\/#Mobile_app_22Bet\" title=\"Aplicaci\u00f3n m\u00f3vil 22Bet\">Aplicaci\u00f3n m\u00f3vil 22Bet<\/a><\/li><li class='ez-toc-page-1'><a class=\"ez-toc-link ez-toc-heading-5\" href=\"https:\/\/xxbet-company.com\/es\/#Deposit_and_withdrawal_of_money\" title=\"Dep\u00f3sito y retirada de dinero\">Dep\u00f3sito y retirada de dinero<\/a><\/li><li class='ez-toc-page-1'><a class=\"ez-toc-link ez-toc-heading-6\" href=\"https:\/\/xxbet-company.com\/es\/#22Bet_Support\" title=\"Soporte de 22Bet\">Soporte de 22Bet<\/a><\/li><\/ul><\/nav><\/div>\n\n<p>La casa de apuestas 22Bet fue fundada en 2017 en el Reino Unido y tiene su sede en Chipre. 22Bet opera con una licencia oficial de Curazao y tambi\u00e9n tiene licencias locales en muchos pa\u00edses africanos como Nigeria y Kenia. La marca ampli\u00f3 su notoriedad con la incorporaci\u00f3n de los ex futbolistas Nuno Gomes y Kevin Kuranyi como embajadores. Esta rese\u00f1a de 22Bet le informar\u00e1 sobre las altas probabilidades de la casa de apuestas, una amplia selecci\u00f3n de m\u00e9todos de pago y promociones muy atractivas y rentables.<\/p>\n\n\n\n<figure class=\"wp-block-image size-full\"><img loading=\"lazy\" width=\"1358\" height=\"724\" src=\"https:\/\/xxbet-company.com\/wp-content\/uploads\/2021\/05\/22bet-site-en.png\" alt=\"Official site 22Bet\" class=\"wp-image-73\" srcset=\"https:\/\/xxbet-company.com\/wp-content\/uploads\/2021\/05\/22bet-site-en.png 1358w, https:\/\/xxbet-company.com\/wp-content\/uploads\/2021\/05\/22bet-site-en-300x160.png 300w, https:\/\/xxbet-company.com\/wp-content\/uploads\/2021\/05\/22bet-site-en-1024x546.png 1024w, https:\/\/xxbet-company.com\/wp-content\/uploads\/2021\/05\/22bet-site-en-16x9.png 16w\" sizes=\"(max-width: 1358px) 100vw, 1358px\" title=\"\"><figcaption>Sitio oficial de 22Bet<\/figcaption><\/figure>\n\n\n\n<h2><span class=\"ez-toc-section\" id=\"Pros_of_22bet\"><\/span><strong>Ventajas de 22bet<\/strong><span class=\"ez-toc-section-end\"><\/span><\/h2>\n\n\n\n<ul><li>M\u00e1s de 40 deportes disponibles<\/li><li>m\u00e1s de 2.000 eventos diarios antes de los partidos<\/li><li>95% de pago en las 5 primeras ligas<\/li><li>M\u00e1s de 450 apuestas laterales<\/li><li>retirada instant\u00e1nea<\/li><li>Numerosas transmisiones en directo<\/li><li>Oferta r\u00e1pida \/ Editar mi oferta<\/li><li>Aplicaciones m\u00f3viles<\/li><li>M\u00e1s de 100 m\u00e9todos de pago<\/li><\/ul>\n\n\n\n<h2><span class=\"ez-toc-section\" id=\"Registration_and_bonuses_at_22Bet\"><\/span><strong>Registro y bonos en 22Bet<\/strong><span class=\"ez-toc-section-end\"><\/span><\/h2>\n\n\n\n<p>Los nuevos clientes pueden esperar 122 euros en su primer dep\u00f3sito en una cuenta de apuestas deportivas y 300 euros en un dep\u00f3sito de casino, as\u00ed como un bono de 50 euros en los dep\u00f3sitos repetidos. 22bet se puede clasificar como una nueva ola de casas de apuestas, de las cuales hay muchas ahora y, como siempre, en su software se asemeja a uno de los l\u00edderes del mercado. Un dise\u00f1o muy r\u00e1pido pero no arco iris, un enorme <a href=\"https:\/\/en.wikipedia.org\/wiki\/Payment_system#:~:text=A%20payment%20system%20is%20any,that%20make%20its%20exchange%20possible.\" class=\"rank-math-link\" rel=\"nofollow noopener\" target=\"_blank\">selecci\u00f3n de m\u00e9todos de pago<\/a>Las probabilidades del mercado medio y un spread infinito - as\u00ed es como se puede resumir 22bet en pocas palabras.<\/p>\n\n\n\n<h2><span class=\"ez-toc-section\" id=\"Line_and_painting\"><\/span><strong>L\u00ednea y pintura<\/strong><span class=\"ez-toc-section-end\"><\/span><\/h2>\n\n\n\n<p>La secci\u00f3n de apuestas deportivas de 22Bet ofrece 95% + pagos en los deportes m\u00e1s importantes como el f\u00fatbol, el baloncesto y el tenis.<\/p>\n\n\n\n<p>La casa de apuestas deportivas online 22Bet ofrece m\u00e1s de 60.000 eventos previos a los partidos al mes de m\u00e1s de 40 deportes. La casa de apuestas tambi\u00e9n ofrece m\u00e1s de 450 apuestas laterales en cada partido de f\u00fatbol, como el empate en cualquiera de las dos mitades, los totales y mucho m\u00e1s. Los aficionados al baloncesto y al tenis encontrar\u00e1n muchos eventos alternativos, as\u00ed como m\u00e1s de 100 apuestas ex\u00f3ticas, como apuestas de periodo, de 1\u00aa \/ 2\u00aa parte y de carrera a ciertos puntos. Funciones como \"Editar apuesta\" y \"Apuesta de reembolso\" le permiten apostar por dinero en l\u00ednea sin apenas riesgo, lo que atraer\u00e1 especialmente a los principiantes.<\/p>\n\n\n\n<figure class=\"wp-block-image size-full\"><img loading=\"lazy\" width=\"1040\" height=\"725\" src=\"https:\/\/xxbet-company.com\/wp-content\/uploads\/2021\/05\/22bet-sport.png\" alt=\"22Bet sports\" class=\"wp-image-75\" srcset=\"https:\/\/xxbet-company.com\/wp-content\/uploads\/2021\/05\/22bet-sport.png 1040w, https:\/\/xxbet-company.com\/wp-content\/uploads\/2021\/05\/22bet-sport-300x209.png 300w, https:\/\/xxbet-company.com\/wp-content\/uploads\/2021\/05\/22bet-sport-1024x714.png 1024w, https:\/\/xxbet-company.com\/wp-content\/uploads\/2021\/05\/22bet-sport-16x12.png 16w\" sizes=\"(max-width: 1040px) 100vw, 1040px\" title=\"\"><figcaption>Todos los eventos principales en 22Bet<\/figcaption><\/figure>\n\n\n\n<p>La secci\u00f3n de apuestas de 22Bet Live es m\u00e1s que competitiva, ya que ofrece m\u00e1s de 1.000 eventos en directo al mes de una amplia gama de deportes. Adem\u00e1s de los deportes principales, los jugadores pueden apostar en otros m\u00e1s bien ex\u00f3ticos: carreras de caballos, cricket y floorball. En todos los mercados principales, los jugadores esperan pagos superiores a la media de 95%, y hay m\u00e1s de 250 apuestas secundarias disponibles para cada partido de f\u00fatbol, como h\u00e1ndicaps y totales asi\u00e1ticos, pr\u00f3ximo gol y qu\u00e9 equipo marcar\u00e1 el \u00faltimo gol.<\/p>\n\n\n\n<p>La transmisi\u00f3n en directo de 22Bet incluye muchos partidos de las mejores ligas como la Serie A, la Liga y la Bundesliga, as\u00ed como la funci\u00f3n Multi Live.<\/p>\n\n\n\n<h2><span class=\"ez-toc-section\" id=\"Mobile_app_22Bet\"><\/span><strong>Aplicaci\u00f3n m\u00f3vil 22Bet<\/strong><span class=\"ez-toc-section-end\"><\/span><\/h2>\n\n\n\n<p>En 22Bet, puedes realizar apuestas no solo en el sitio web, sino en la aplicaci\u00f3n para dispositivos basados en Android e iOS, adem\u00e1s de utilizar un sitio m\u00f3vil optimizado.<\/p>\n\n\n\n<p>Es incluso m\u00e1s f\u00e1cil y c\u00f3modo realizar apuestas a trav\u00e9s de la versi\u00f3n m\u00f3vil. En t\u00e9rminos de funcionalidad, no tiene nada que envidiar al sitio principal. La aplicaci\u00f3n m\u00f3vil de BK 22Bet, desarrollada para dispositivos Android e IOS, permite a los usuarios:<\/p>\n\n\n\n<ul><li>Realice apuestas en eventos en vivo, l\u00edneas y 22Bet super express;<\/li><li>a\u00f1adir eventos a los favoritos;<\/li><li>estudiar las estad\u00edsticas deportivas y los resultados de los partidos;<\/li><li>active los c\u00f3digos promocionales en la secci\u00f3n y gane a\u00fan m\u00e1s;<\/li><li>recargue su cuenta con todos los m\u00e9todos de pago habituales;<\/li><li>contactar con el servicio de asistencia.<\/li><\/ul>\n\n\n\n<figure class=\"wp-block-image size-full\"><img loading=\"lazy\" width=\"833\" height=\"511\" src=\"https:\/\/xxbet-company.com\/wp-content\/uploads\/2021\/05\/22bet-mob-en.png\" alt=\"22Bet mobile\" class=\"wp-image-78\" srcset=\"https:\/\/xxbet-company.com\/wp-content\/uploads\/2021\/05\/22bet-mob-en.png 833w, https:\/\/xxbet-company.com\/wp-content\/uploads\/2021\/05\/22bet-mob-en-300x184.png 300w, https:\/\/xxbet-company.com\/wp-content\/uploads\/2021\/05\/22bet-mob-en-16x10.png 16w\" sizes=\"(max-width: 833px) 100vw, 833px\" title=\"\"><figcaption>Aplicaci\u00f3n m\u00f3vil 22Bet<\/figcaption><\/figure>\n\n\n\n<p><a href=\"https:\/\/xxbet-company.com\/es\/app\/\" class=\"rank-math-link\">Para descargar 22Bet gratis<\/a> en tu dispositivo m\u00f3vil, tienes que seguir unos sencillos pasos: todo el procedimiento de instalaci\u00f3n dura 2 minutos.<\/p>\n\n\n\n<h2><span class=\"ez-toc-section\" id=\"Deposit_and_withdrawal_of_money\"><\/span><strong>Dep\u00f3sito y retirada de dinero<\/strong><span class=\"ez-toc-section-end\"><\/span><\/h2>\n\n\n\n<p>Los jugadores pueden financiar su cuenta utilizando m\u00e1s de 100 m\u00e9todos de pago. Adem\u00e1s de los m\u00e1s comunes, como las tarjetas, las transferencias bancarias y los monederos electr\u00f3nicos, tambi\u00e9n est\u00e1n en juego sistemas locales como Qiwi y Yandex, as\u00ed como una amplia gama de criptodivisas. Las retiradas se realizan en pocos minutos, especialmente cuando se trata de monederos electr\u00f3nicos y criptodivisas.<\/p>\n\n\n\n<h2><span class=\"ez-toc-section\" id=\"22Bet_Support\"><\/span><strong>Soporte de 22Bet<\/strong><span class=\"ez-toc-section-end\"><\/span><\/h2>\n\n\n\n<p>El servicio de atenci\u00f3n al cliente de 22BET est\u00e1 a su disposici\u00f3n las 24 horas del d\u00eda, los 7 d\u00edas de la semana. Puede utilizar el chat en l\u00ednea de nuestro sitio web o ponerse en contacto con nosotros por correo electr\u00f3nico. Puede encontrar una lista completa de formas de contactar con 22BET en la p\u00e1gina de CONTACTOS. Estaremos encantados de escuchar sus preguntas y sugerencias en cualquier momento.<\/p>\n\n\n\n<figure class=\"wp-block-table\"><table><tbody><tr><td>Horarios de apertura<\/td><td>24\/7<\/td><\/tr><tr><td>C\u00f3mo contactar<\/td><td>correo electr\u00f3nico, tel\u00e9fono, chat en l\u00ednea<\/td><\/tr><tr><td>Direcci\u00f3n de correo electr\u00f3nico<\/td><td>support-en@22bet.com<\/td><\/tr><tr><td>Idiomas disponibles<\/td><td>Ruso, azerbaiyano, espa\u00f1ol, japon\u00e9s, alem\u00e1n, ingl\u00e9s, polaco, etc.<\/td><\/tr><\/tbody><\/table><\/figure>","protected":false},"excerpt":{"rendered":"<p>Bookmaker 22Bet was founded in 2017 in the UK and is headquartered in Cyprus. 22Bet operates under an official license from Curacao and also has local licenses in many African countries such as Nigeria and Kenya. The brand expanded its notoriety with the addition of former footballers Nuno Gomes and Kevin Kuranyi as ambassadors. This <a href=\"https:\/\/xxbet-company.com\/es\/\" class=\"more-link\">&#8230;<\/a><\/p>","protected":false},"author":1,"featured_media":0,"parent":0,"menu_order":0,"comment_status":"closed","ping_status":"closed","template":"","meta":[],"amp_enabled":true,"_links":{"self":[{"href":"https:\/\/xxbet-company.com\/es\/wp-json\/wp\/v2\/pages\/16"}],"collection":[{"href":"https:\/\/xxbet-company.com\/es\/wp-json\/wp\/v2\/pages"}],"about":[{"href":"https:\/\/xxbet-company.com\/es\/wp-json\/wp\/v2\/types\/page"}],"author":[{"embeddable":true,"href":"https:\/\/xxbet-company.com\/es\/wp-json\/wp\/v2\/users\/1"}],"replies":[{"embeddable":true,"href":"https:\/\/xxbet-company.com\/es\/wp-json\/wp\/v2\/comments?post=16"}],"version-history":[{"count":0,"href":"https:\/\/xxbet-company.com\/es\/wp-json\/wp\/v2\/pages\/16\/revisions"}],"wp:attachment":[{"href":"https:\/\/xxbet-company.com\/es\/wp-json\/wp\/v2\/media?parent=16"}],"curies":[{"name":"wp","href":"https:\/\/api.w.org\/{rel}","templated":true}]}}