{"id":51,"date":"2021-05-07T01:09:55","date_gmt":"2021-05-06T22:09:55","guid":{"rendered":"https:\/\/xxbet-company.com\/?page_id=51"},"modified":"2021-05-17T11:56:27","modified_gmt":"2021-05-17T08:56:27","slug":"privacy-policy","status":"publish","type":"page","link":"https:\/\/xxbet-company.com\/es\/privacy-policy\/","title":{"rendered":"Privacy Policy 22Bet"},"content":{"rendered":"<div id=\"ez-toc-container\" class=\"ez-toc-v2_0_34 counter-flat ez-toc-counter ez-toc-transparent ez-toc-container-direction\">\n<div class=\"ez-toc-title-container\">\n<p class=\"ez-toc-title\">Tabla de contenidos<\/p>\n<span class=\"ez-toc-title-toggle\"><\/span><\/div>\n<nav><ul class='ez-toc-list ez-toc-list-level-1'><li class='ez-toc-page-1'><a class=\"ez-toc-link ez-toc-heading-1\" href=\"https:\/\/xxbet-company.com\/es\/privacy-policy\/#Collection_and_use_of_information\" title=\"Recogida y uso de la informaci\u00f3n\">Recogida y uso de la informaci\u00f3n<\/a><\/li><li class='ez-toc-page-1'><a class=\"ez-toc-link ez-toc-heading-2\" href=\"https:\/\/xxbet-company.com\/es\/privacy-policy\/#Data_security\" title=\"Seguridad de los datos\">Seguridad de los datos<\/a><\/li><li class='ez-toc-page-1'><a class=\"ez-toc-link ez-toc-heading-3\" href=\"https:\/\/xxbet-company.com\/es\/privacy-policy\/#Cookie_Policy\" title=\"Pol\u00edtica de cookies\">Pol\u00edtica de cookies<\/a><\/li><\/ul><\/nav><\/div>\n\n<p>Esta pol\u00edtica de privacidad describe c\u00f3mo 22bet utiliza la informaci\u00f3n y los datos que usted proporciona para permitirnos gestionar su relaci\u00f3n con 22bet.<\/p>\n\n\n\n<p>Trataremos la informaci\u00f3n personal que nos proporcione a trav\u00e9s del sitio web de 22bet (el \"Sitio\") o de otra manera, seg\u00fan lo establecido en esta pol\u00edtica de privacidad. Al enviarnos informaci\u00f3n a trav\u00e9s del Sitio, usted acepta el uso de sus datos personales tal y como se describe en esta pol\u00edtica de privacidad. Si no est\u00e1 de acuerdo con los t\u00e9rminos de esta pol\u00edtica de privacidad, le rogamos que no utilice el Sitio ni nos facilite sus datos personales de ninguna otra forma.<\/p>\n\n\n\n<h2><span class=\"ez-toc-section\" id=\"Collection_and_use_of_information\"><\/span>Recogida y uso de la informaci\u00f3n<span class=\"ez-toc-section-end\"><\/span><\/h2>\n\n\n\n<ol><li>La informaci\u00f3n y los datos que podemos recopilar y utilizar sobre usted incluyen lo siguiente:<\/li><li>La informaci\u00f3n que nos proporcione al rellenar los formularios del Sitio, o cualquier otra informaci\u00f3n que nos proporcione a trav\u00e9s del Sitio o por correo electr\u00f3nico.<\/li><li>Correspondencia a trav\u00e9s de la p\u00e1gina web, el correo electr\u00f3nico, el tel\u00e9fono u otros medios de comunicaci\u00f3n.<\/li><li>Datos de los pagos que haya realizado a trav\u00e9s del sitio web, por tel\u00e9fono o de otra forma.<\/li><li>Informaci\u00f3n detallada sobre sus visitas al sitio web, incluyendo datos de tr\u00e1fico, datos de localizaci\u00f3n, datos de inicio de sesi\u00f3n y otros datos.<\/li><li>Podemos utilizar su informaci\u00f3n y datos personales junto con otra informaci\u00f3n sobre usted para<\/li><li>para procesar sus apuestas y pagos con tarjeta bancaria y pagos en l\u00ednea;<\/li><li>para configurar y administrar su cuenta;<\/li><li>realizar controles de cumplimiento de la legislaci\u00f3n;<\/li><li>realizar operaciones de an\u00e1lisis;<\/li><li>proporcionarle informaci\u00f3n sobre promociones, nuestros productos y servicios que puede utilizar, y hacer un seguimiento de las transacciones para evitar el fraude, las apuestas ilegales y el blanqueo de dinero.<\/li><li>Puede darse de baja de los correos electr\u00f3nicos no solicitados utilizando las funciones disponibles.<\/li><\/ol>\n\n\n\n<h2><span class=\"ez-toc-section\" id=\"Data_security\"><\/span>Seguridad de los datos<span class=\"ez-toc-section-end\"><\/span><\/h2>\n\n\n\n<p>Tomamos todas las medidas razonables que exige la ley para garantizar que su informaci\u00f3n personal se registra de forma precisa y segura. Toda la informaci\u00f3n personal se destruye cuando su almacenamiento ya no es necesario o cuando lo exige la ley.<\/p>\n\n\n\n<p>No garantizamos la seguridad de ninguna informaci\u00f3n que se nos transmita por Internet. Toda la informaci\u00f3n se transmite bajo su propia responsabilidad. Sin embargo, una vez que recibamos la informaci\u00f3n transmitida, tomaremos todas las medidas razonables para proteger su informaci\u00f3n personal contra el mal uso, la p\u00e9rdida o el acceso no autorizado.<\/p>\n\n\n\n<h2><span class=\"ez-toc-section\" id=\"Cookie_Policy\"><\/span>Pol\u00edtica de cookies<span class=\"ez-toc-section-end\"><\/span><\/h2>\n\n\n\n<p>Cuando usted accede a nuestros servicios, podemos almacenar informaci\u00f3n en su dispositivo con su permiso. Esta informaci\u00f3n se denomina COOKIES, que son peque\u00f1os archivos de texto que contienen letras y n\u00fameros que se almacenan en su dispositivo mientras utiliza nuestros servicios, cuando visita nuestros sitios web y p\u00e1ginas online, recordando sus preferencias.<\/p>\n\n\n\n<p>Tambi\u00e9n utilizamos objetos locales compartidos o \"flash cookies\". Las cookies flash son similares a las cookies del navegador. Nos permiten recordar sus visitas a nuestros sitios web.<\/p>\n\n\n\n<p>Ni las cookies ni las flash cookies pueden utilizarse para acceder a su dispositivo o utilizar la informaci\u00f3n de su ordenador.<\/p>\n\n\n\n<p>Utilizamos cookies y flash cookies s\u00f3lo con fines de control.<\/p>\n\n\n\n<p>S\u00f3lo utilizamos estos controles para hacer un seguimiento de su uso de nuestros servicios recordando sus preferencias.<\/p>\n\n\n\n<p>Las cookies de Flash nos ayudan a rastrear su tr\u00e1fico en nuestro sitio web, a mejorar nuestros servicios para usted, y a facilitar su acceso y aumentar su inter\u00e9s en nuestros servicios.<\/p>\n\n\n\n<p>Utilizamos cookies de flash y otras cookies para mostrarle anuncios m\u00e1s relevantes y deseables.<\/p>\n\n\n\n<p>Utilizamos cookies esenciales y necesarias para que cualquier usuario de nuestro sitio de informaci\u00f3n o de juegos pueda navegar y utilizar las funciones del sitio web, como el acceso a \u00e1reas seguras del sitio web o la realizaci\u00f3n de transacciones financieras. Sin estas cookies, usted no podr\u00e1 operar eficientemente en nuestros sitios.<\/p>","protected":false},"excerpt":{"rendered":"<p>This Privacy Policy describes how 22bet uses the information and data you provide to enable us to manage your relationship with 22bet. We will process personal information provided by you through the 22bet website (the \u201cSite\u201d) or otherwise as set out in this Privacy Policy. By submitting information to us through the Website, you agree <a href=\"https:\/\/xxbet-company.com\/es\/privacy-policy\/\" class=\"more-link\">&#8230;<\/a><\/p>","protected":false},"author":1,"featured_media":0,"parent":0,"menu_order":0,"comment_status":"closed","ping_status":"closed","template":"","meta":[],"amp_enabled":true,"_links":{"self":[{"href":"https:\/\/xxbet-company.com\/es\/wp-json\/wp\/v2\/pages\/51"}],"collection":[{"href":"https:\/\/xxbet-company.com\/es\/wp-json\/wp\/v2\/pages"}],"about":[{"href":"https:\/\/xxbet-company.com\/es\/wp-json\/wp\/v2\/types\/page"}],"author":[{"embeddable":true,"href":"https:\/\/xxbet-company.com\/es\/wp-json\/wp\/v2\/users\/1"}],"replies":[{"embeddable":true,"href":"https:\/\/xxbet-company.com\/es\/wp-json\/wp\/v2\/comments?post=51"}],"version-history":[{"count":0,"href":"https:\/\/xxbet-company.com\/es\/wp-json\/wp\/v2\/pages\/51\/revisions"}],"wp:attachment":[{"href":"https:\/\/xxbet-company.com\/es\/wp-json\/wp\/v2\/media?parent=51"}],"curies":[{"name":"wp","href":"https:\/\/api.w.org\/{rel}","templated":true}]}}