{"id":53,"date":"2021-05-07T01:15:26","date_gmt":"2021-05-06T22:15:26","guid":{"rendered":"https:\/\/xxbet-company.com\/?page_id=53"},"modified":"2021-05-17T12:58:31","modified_gmt":"2021-05-17T09:58:31","slug":"app","status":"publish","type":"page","link":"https:\/\/xxbet-company.com\/es\/app\/","title":{"rendered":"22Bet mobile app"},"content":{"rendered":"<div id=\"ez-toc-container\" class=\"ez-toc-v2_0_34 counter-flat ez-toc-counter ez-toc-transparent ez-toc-container-direction\">\n<div class=\"ez-toc-title-container\">\n<p class=\"ez-toc-title\">Tabla de contenidos<\/p>\n<span class=\"ez-toc-title-toggle\"><\/span><\/div>\n<nav><ul class='ez-toc-list ez-toc-list-level-1'><li class='ez-toc-page-1'><a class=\"ez-toc-link ez-toc-heading-1\" href=\"https:\/\/xxbet-company.com\/es\/app\/#Why_do_I_need_the_22Bet_mobile\" title=\"\u00bfPor qu\u00e9 necesito el m\u00f3vil 22Bet?\">\u00bfPor qu\u00e9 necesito el m\u00f3vil 22Bet?<\/a><\/li><li class='ez-toc-page-1'><a class=\"ez-toc-link ez-toc-heading-2\" href=\"https:\/\/xxbet-company.com\/es\/app\/#How_to_download_22BET_on_IOS\" title=\"C\u00f3mo descargar 22BET en IOS\">C\u00f3mo descargar 22BET en IOS<\/a><\/li><li class='ez-toc-page-1'><a class=\"ez-toc-link ez-toc-heading-3\" href=\"https:\/\/xxbet-company.com\/es\/app\/#22BET_download_for_ANDROID\" title=\"22BET descargar para ANDROID\">22BET descargar para ANDROID<\/a><\/li><\/ul><\/nav><\/div>\n\n<p>Los jugadores pueden realizar sus apuestas de forma r\u00e1pida y c\u00f3moda en la aplicaci\u00f3n m\u00f3vil oficial de 22Bet. Para ello, basta con descargar la app de 22Bet en su tel\u00e9fono m\u00f3vil. Gracias a la aplicaci\u00f3n, podr\u00e1 realizar apuestas en cualquier entorno utilizando el navegador de su smartphone o tableta.<\/p>\n\n\n\n<div class=\"wp-block-image\"><figure class=\"aligncenter size-full is-resized\"><img loading=\"lazy\" src=\"https:\/\/xxbet-company.com\/wp-content\/uploads\/2021\/05\/IMG_20210430_124441.jpg\" alt=\"22Bet Mobile App\" class=\"wp-image-93\" width=\"399\" height=\"600\" title=\"\"><figcaption>M\u00f3vil 22Bet<\/figcaption><\/figure><\/div>\n\n\n\n<h2><span class=\"ez-toc-section\" id=\"Why_do_I_need_the_22Bet_mobile\"><\/span><strong>\u00bfPor qu\u00e9 necesito el m\u00f3vil 22Bet?<\/strong><span class=\"ez-toc-section-end\"><\/span><\/h2>\n\n\n\n<p>No siempre es posible abrir el navegador en un ordenador o port\u00e1til. Es para estos casos que los desarrolladores de 22Bet lanzaron la versi\u00f3n m\u00f3vil del sitio principal. Ahora puedes apostar en deportes desde tu tel\u00e9fono desde cualquier lugar - incluso si est\u00e1s atrapado en un atasco o almorzando en un caf\u00e9. Apostar ser\u00e1 m\u00e1s r\u00e1pido, m\u00e1s f\u00e1cil y m\u00e1s c\u00f3modo con la aplicaci\u00f3n m\u00f3vil de 22Bet.<\/p>\n\n\n\n<h2><span class=\"ez-toc-section\" id=\"How_to_download_22BET_on_IOS\"><\/span><strong>C\u00f3mo descargar 22BET en IOS<\/strong><span class=\"ez-toc-section-end\"><\/span><\/h2>\n\n\n\n<p>Puede descargar la aplicaci\u00f3n 22 Bet en su tel\u00e9fono m\u00f3vil directamente desde la App Store. Si la descarga falla, es probable que el problema est\u00e9 en su zona de residencia. Si vives en un pa\u00eds en el que las apuestas deportivas internacionales en casa est\u00e1n prohibidas por cualquier motivo, sigue estos pasos para descargar 22 apuestas en iOS.<\/p>\n\n\n\n<ul><li>Abre los ajustes de iTunes y App Store en tu dispositivo.<\/li><li>Seleccione la secci\u00f3n ID de Apple (su ID de Apple).<\/li><li>Haz clic en Ver ID de Apple e introduce tu contrase\u00f1a.<\/li><li>Seleccione su pa\u00eds\/regi\u00f3n y haga clic en Cambiar pa\u00eds o regi\u00f3n.<\/li><li>Seleccione un pa\u00eds en el que est\u00e9n permitidas las apuestas deportivas.<\/li><\/ul>\n\n\n\n<div class=\"wp-block-image\"><figure class=\"aligncenter size-full is-resized\"><img loading=\"lazy\" src=\"https:\/\/xxbet-company.com\/wp-content\/uploads\/2021\/05\/Screenshot_2021-04-30-12-45-07-495_com.android.chrome.jpg\" alt=\"22Bet mobile\" class=\"wp-image-97\" width=\"400\" height=\"600\" title=\"\"><figcaption>Elige tu dispositivo para descargar 22Bet<\/figcaption><\/figure><\/div>\n\n\n\n<p>Ahora puedes descargar 22Bet para <a href=\"https:\/\/www.apple.com\/ios\/ios-14\/\" class=\"rank-math-link\" rel=\"nofollow noopener\" target=\"_blank\">iOS<\/a> de forma gratuita. Acepta los t\u00e9rminos del acuerdo de usuario antes de instalarlo. Cuando hayas terminado, entra en tu cuenta personal con el nombre de usuario y la contrase\u00f1a que has proporcionado antes, o crea una cuenta de juego directamente desde tu tel\u00e9fono m\u00f3vil.<\/p>\n\n\n\n<h2><span class=\"ez-toc-section\" id=\"22BET_download_for_ANDROID\"><\/span><strong>22BET descargar para ANDROID<\/strong><span class=\"ez-toc-section-end\"><\/span><\/h2>\n\n\n\n<p>Android es uno de los sistemas operativos m\u00f3viles m\u00e1s populares para los que tambi\u00e9n se ha desarrollado un software de apuestas deportivas. Puedes descargar 22Bet para Android directamente desde la web oficial de la casa de apuestas. El plan de acci\u00f3n es el siguiente:<\/p>\n\n\n\n<ul><li>Ve a la p\u00e1gina web de la casa de apuestas desde tu gadget m\u00f3vil y haz clic en 22Bet Mobile Apps (situada en la p\u00e1gina principal a la derecha y arriba).<\/li><li>Haz clic en el bot\u00f3n \"Descargar 22Bet para Android\".<\/li><li>Para la descarga, haga clic en Aceptar en la ventana que aparece si la descarga no se ha iniciado autom\u00e1ticamente. Cuando se complete la descarga, haga clic en \"Abrir\".<\/li><\/ul>\n\n\n\n<p>En la mayor\u00eda de los casos, la instalaci\u00f3n es autom\u00e1tica y no se requiere ninguna otra acci\u00f3n.<\/p>\n\n\n\n<p>Si tu dispositivo bloquea la instalaci\u00f3n de aplicaciones de fuentes desconocidas, sigue estos pasos para descargar 22Bet mobile con \u00e9xito en <a href=\"https:\/\/www.android.com\/\" class=\"rank-math-link\" rel=\"nofollow noopener\" target=\"_blank\">Android<\/a>:<\/p>\n\n\n\n<ul><li>Vaya a la configuraci\u00f3n del tel\u00e9fono y permita la instalaci\u00f3n de aplicaciones de fuentes desconocidas (en la mayor\u00eda de los casos, la funci\u00f3n est\u00e1 en modo de seguridad).<\/li><li>Vuelva al archivo descargado y haga clic en Instalar.<\/li><li>Cuando est\u00e9 listo y aparezca en la pantalla un mensaje con un bot\u00f3n \"Abrir\", significa que 22Bet se ha cargado con \u00e9xito.<\/li><\/ul>\n\n\n\n<p>Si\u00e9ntase libre de entrar en la aplicaci\u00f3n, iniciar sesi\u00f3n en su cuenta personal o <a href=\"https:\/\/xxbet-company.com\/es\/registration\/\" class=\"rank-math-link\">crear una cuenta de juego<\/a>.<\/p>","protected":false},"excerpt":{"rendered":"<p>Players can place their bets quickly and conveniently on the official 22Bet mobile app. To do this, simply download the 22Bet app on your mobile phone. Thanks to the application, you can place bets in any environment using the browser of your smartphone or tablet. Why do I need the 22Bet mobile? It is not <a href=\"https:\/\/xxbet-company.com\/es\/app\/\" class=\"more-link\">&#8230;<\/a><\/p>","protected":false},"author":1,"featured_media":0,"parent":0,"menu_order":0,"comment_status":"closed","ping_status":"closed","template":"","meta":[],"amp_enabled":true,"_links":{"self":[{"href":"https:\/\/xxbet-company.com\/es\/wp-json\/wp\/v2\/pages\/53"}],"collection":[{"href":"https:\/\/xxbet-company.com\/es\/wp-json\/wp\/v2\/pages"}],"about":[{"href":"https:\/\/xxbet-company.com\/es\/wp-json\/wp\/v2\/types\/page"}],"author":[{"embeddable":true,"href":"https:\/\/xxbet-company.com\/es\/wp-json\/wp\/v2\/users\/1"}],"replies":[{"embeddable":true,"href":"https:\/\/xxbet-company.com\/es\/wp-json\/wp\/v2\/comments?post=53"}],"version-history":[{"count":0,"href":"https:\/\/xxbet-company.com\/es\/wp-json\/wp\/v2\/pages\/53\/revisions"}],"wp:attachment":[{"href":"https:\/\/xxbet-company.com\/es\/wp-json\/wp\/v2\/media?parent=53"}],"curies":[{"name":"wp","href":"https:\/\/api.w.org\/{rel}","templated":true}]}}