{"id":16,"date":"2021-05-05T15:37:18","date_gmt":"2021-05-05T12:37:18","guid":{"rendered":"https:\/\/xxbet-company.com\/?page_id=16"},"modified":"2021-05-17T16:06:19","modified_gmt":"2021-05-17T13:06:19","slug":"22bet-online-sports-betting-and-best-odds","status":"publish","type":"page","link":"https:\/\/xxbet-company.com\/nb\/","title":{"rendered":"22Bet &#8211; the best conditions for betting"},"content":{"rendered":"<div id=\"ez-toc-container\" class=\"ez-toc-v2_0_34 counter-flat ez-toc-counter ez-toc-transparent ez-toc-container-direction\">\n<div class=\"ez-toc-title-container\">\n<p class=\"ez-toc-title\">Innholdsfortegnelse<\/p>\n<span class=\"ez-toc-title-toggle\"><\/span><\/div>\n<nav><ul class='ez-toc-list ez-toc-list-level-1'><li class='ez-toc-page-1'><a class=\"ez-toc-link ez-toc-heading-1\" href=\"https:\/\/xxbet-company.com\/nb\/#Pros_of_22bet\" title=\"Fordeler med 22bet\">Fordeler med 22bet<\/a><\/li><li class='ez-toc-page-1'><a class=\"ez-toc-link ez-toc-heading-2\" href=\"https:\/\/xxbet-company.com\/nb\/#Registration_and_bonuses_at_22Bet\" title=\"Registrering og bonuser p\u00e5 22Bet\">Registrering og bonuser p\u00e5 22Bet<\/a><\/li><li class='ez-toc-page-1'><a class=\"ez-toc-link ez-toc-heading-3\" href=\"https:\/\/xxbet-company.com\/nb\/#Line_and_painting\" title=\"Linje og maling\">Linje og maling<\/a><\/li><li class='ez-toc-page-1'><a class=\"ez-toc-link ez-toc-heading-4\" href=\"https:\/\/xxbet-company.com\/nb\/#Mobile_app_22Bet\" title=\"Mobilapp 22Bet\">Mobilapp 22Bet<\/a><\/li><li class='ez-toc-page-1'><a class=\"ez-toc-link ez-toc-heading-5\" href=\"https:\/\/xxbet-company.com\/nb\/#Deposit_and_withdrawal_of_money\" title=\"Innskudd og uttak av penger\">Innskudd og uttak av penger<\/a><\/li><li class='ez-toc-page-1'><a class=\"ez-toc-link ez-toc-heading-6\" href=\"https:\/\/xxbet-company.com\/nb\/#22Bet_Support\" title=\"22Bet-st\u00f8tte\">22Bet-st\u00f8tte<\/a><\/li><\/ul><\/nav><\/div>\n\n<p>Bookmaker 22Bet ble grunnlagt i 2017 i Storbritannia og har hovedkontor p\u00e5 Kypros. 22Bet opererer under en offisiell lisens fra Curacao og har ogs\u00e5 lokale lisenser i mange afrikanske land som Nigeria og Kenya. Merket utvidet sin ber\u00f8mmelse med tillegg av tidligere fotballspillere Nuno Gomes og Kevin Kuranyi som ambassad\u00f8rer. Denne 22Bet-gjennomgangen vil fortelle deg alt om bookmakerenes h\u00f8ye odds, et bredt utvalg av betalingsm\u00e5ter og veldig attraktive og l\u00f8nnsomme kampanjer.<\/p>\n\n\n\n<figure class=\"wp-block-image size-full\"><img loading=\"lazy\" width=\"1358\" height=\"724\" src=\"https:\/\/xxbet-company.com\/wp-content\/uploads\/2021\/05\/22bet-site-en.png\" alt=\"Official site 22Bet\" class=\"wp-image-73\" srcset=\"https:\/\/xxbet-company.com\/wp-content\/uploads\/2021\/05\/22bet-site-en.png 1358w, https:\/\/xxbet-company.com\/wp-content\/uploads\/2021\/05\/22bet-site-en-300x160.png 300w, https:\/\/xxbet-company.com\/wp-content\/uploads\/2021\/05\/22bet-site-en-1024x546.png 1024w, https:\/\/xxbet-company.com\/wp-content\/uploads\/2021\/05\/22bet-site-en-16x9.png 16w\" sizes=\"(max-width: 1358px) 100vw, 1358px\" title=\"\"><figcaption>Offisiell side 22Bet<\/figcaption><\/figure>\n\n\n\n<h2><span class=\"ez-toc-section\" id=\"Pros_of_22bet\"><\/span><strong>Fordeler med 22bet<\/strong><span class=\"ez-toc-section-end\"><\/span><\/h2>\n\n\n\n<ul><li>40+ sportsgrener tilgjengelig<\/li><li>mer enn 2000 hendelser f\u00f8r kampen daglig<\/li><li>95% utbetaling p\u00e5 topp 5 ligaer<\/li><li>450+ sidespill<\/li><li>\u00f8yeblikkelig uttak<\/li><li>Mange live streams<\/li><li>Raskt bud \/ Rediger budet mitt<\/li><li>Mobilapplikasjoner<\/li><li>100+ betalingsm\u00e5ter<\/li><\/ul>\n\n\n\n<h2><span class=\"ez-toc-section\" id=\"Registration_and_bonuses_at_22Bet\"><\/span><strong>Registrering og bonuser p\u00e5 22Bet<\/strong><span class=\"ez-toc-section-end\"><\/span><\/h2>\n\n\n\n<p>Nye kunder kan se frem til \u20ac 122 p\u00e5 deres f\u00f8rste innskudd p\u00e5 en sportsbettingkonto og \u20ac 300 p\u00e5 et casinoinnskudd, samt en bonus p\u00e5 \u20ac 50 p\u00e5 gjentatte innskudd. 22bet kan klassifiseres som en ny b\u00f8lge av bookmakere, hvorav det er mange n\u00e5, og som vanlig ligner den i programvaren en av markedslederne. En veldig rask, men ikke regnbue design, en enorm <a href=\"https:\/\/en.wikipedia.org\/wiki\/Payment_system#:~:text=A%20payment%20system%20is%20any,that%20make%20its%20exchange%20possible.\" class=\"rank-math-link\" rel=\"nofollow noopener\" target=\"_blank\">valg av betalingsm\u00e5ter<\/a>, odds p\u00e5 midten av markedet og en uendelig spredning - slik kan 22bet oppsummeres i et n\u00f8tteskall.<\/p>\n\n\n\n<h2><span class=\"ez-toc-section\" id=\"Line_and_painting\"><\/span><strong>Linje og maling<\/strong><span class=\"ez-toc-section-end\"><\/span><\/h2>\n\n\n\n<p>22Bets sportsbetting-seksjon tilbyr 95% + utbetalinger p\u00e5 de viktigste idrettene som fotball, basketball og tennis.<\/p>\n\n\n\n<p>Online sportsbook 22Bet tilbyr over 60 000 arrangementer f\u00f8r kampen per m\u00e5ned fra 40+ sportsgrener. Bookmakeren tilbyr ogs\u00e5 over 450 sidespill p\u00e5 hver fotballkamp, for eksempel uavgjort i en av de to halvdelene, totalene og mer. Basketball- og tennisfans vil finne mange alternative begivenheter, s\u00e5 vel som 100+ eksotiske spill som periodebet, 1. \/ 2. omgang og l\u00f8p til visse poeng. Funksjoner som \u201cEdit Bet\u201d og \u201cRedemption Bet\u201d lar deg satse p\u00e5 penger online nesten uten risiko, noe som spesielt vil appellere til nybegynnere.<\/p>\n\n\n\n<figure class=\"wp-block-image size-full\"><img loading=\"lazy\" width=\"1040\" height=\"725\" src=\"https:\/\/xxbet-company.com\/wp-content\/uploads\/2021\/05\/22bet-sport.png\" alt=\"22Bet sports\" class=\"wp-image-75\" srcset=\"https:\/\/xxbet-company.com\/wp-content\/uploads\/2021\/05\/22bet-sport.png 1040w, https:\/\/xxbet-company.com\/wp-content\/uploads\/2021\/05\/22bet-sport-300x209.png 300w, https:\/\/xxbet-company.com\/wp-content\/uploads\/2021\/05\/22bet-sport-1024x714.png 1024w, https:\/\/xxbet-company.com\/wp-content\/uploads\/2021\/05\/22bet-sport-16x12.png 16w\" sizes=\"(max-width: 1040px) 100vw, 1040px\" title=\"\"><figcaption>Alle topparrangementer p\u00e5 22Bet<\/figcaption><\/figure>\n\n\n\n<p>22Bet Live s betting-seksjon er mer enn konkurransedyktig, og tilbyr over 1000 live-arrangementer hver m\u00e5ned fra et bredt spekter av idretter. I tillegg til de viktigste idrettene, kan spillerne satse p\u00e5 ganske eksotiske: hesteveddel\u00f8p, cricket og innebandy. I alle st\u00f8rre markeder forventer spillerne utbetalinger over gjennomsnittet av 95%, og det er 250+ sidespill tilgjengelig for hver fotballkamp, som asiatiske handicap og totaler, neste m\u00e5l og hvilket lag som scorer det siste m\u00e5let.<\/p>\n\n\n\n<p>Live Stream fra 22Bet inkluderer mange kamper fra de beste ligaene som Serie A, La Liga og Bundesliga, samt Multi Live-funksjonen.<\/p>\n\n\n\n<h2><span class=\"ez-toc-section\" id=\"Mobile_app_22Bet\"><\/span><strong>Mobilapp 22Bet<\/strong><span class=\"ez-toc-section-end\"><\/span><\/h2>\n\n\n\n<p>P\u00e5 22Bet kan du plassere innsatser ikke bare p\u00e5 nettstedet, men i applikasjonen for enheter basert p\u00e5 Android og iOS, samt \u00e5 bruke et optimalisert mobilnettsted.<\/p>\n\n\n\n<p>Det er enda enklere og mer praktisk \u00e5 plassere spill gjennom mobilversjonen. N\u00e5r det gjelder funksjonalitet, er det p\u00e5 ingen m\u00e5te d\u00e5rligere enn hovedsiden. BK 22Bet-mobilapplikasjonen, utviklet for Android- og IOS-enheter, lar brukerne:<\/p>\n\n\n\n<ul><li>spill p\u00e5 Live-arrangementer, linjer og 22Bet super express;<\/li><li>legg til favoritthendelser til favoritter;<\/li><li>studere sportsstatistikk og kampresultater;<\/li><li>aktiver kampanjekoder i seksjonen og vinn enda mer;<\/li><li>fyll opp kontoen din med alle popul\u00e6re betalingsm\u00e5ter;<\/li><li>kontakt support.<\/li><\/ul>\n\n\n\n<figure class=\"wp-block-image size-full\"><img loading=\"lazy\" width=\"833\" height=\"511\" src=\"https:\/\/xxbet-company.com\/wp-content\/uploads\/2021\/05\/22bet-mob-en.png\" alt=\"22Bet mobile\" class=\"wp-image-78\" srcset=\"https:\/\/xxbet-company.com\/wp-content\/uploads\/2021\/05\/22bet-mob-en.png 833w, https:\/\/xxbet-company.com\/wp-content\/uploads\/2021\/05\/22bet-mob-en-300x184.png 300w, https:\/\/xxbet-company.com\/wp-content\/uploads\/2021\/05\/22bet-mob-en-16x10.png 16w\" sizes=\"(max-width: 833px) 100vw, 833px\" title=\"\"><figcaption>Mobilapp 22Bet<\/figcaption><\/figure>\n\n\n\n<p><a href=\"https:\/\/xxbet-company.com\/nb\/app\/\" class=\"rank-math-link\">For \u00e5 laste ned 22Bet gratis<\/a> p\u00e5 mobilenheten din, m\u00e5 du f\u00f8lge noen f\u00e5 enkle trinn - hele installasjonsprosedyren tar 2 minutter.<\/p>\n\n\n\n<h2><span class=\"ez-toc-section\" id=\"Deposit_and_withdrawal_of_money\"><\/span><strong>Innskudd og uttak av penger<\/strong><span class=\"ez-toc-section-end\"><\/span><\/h2>\n\n\n\n<p>Spillere kan finansiere kontoen sin ved hjelp av mer enn 100 betalingsm\u00e5ter. I tillegg til vanlige som kort, bankoverf\u00f8ringer og e-lommeb\u00f8ker, er lokale systemer som Qiwi og Yandex ogs\u00e5 p\u00e5 spill, samt et bredt spekter av kryptovalutaer. Uttak utf\u00f8res i l\u00f8pet av f\u00e5 minutter, spesielt n\u00e5r det gjelder e-lommeb\u00f8ker og kryptovalutaer.<\/p>\n\n\n\n<h2><span class=\"ez-toc-section\" id=\"22Bet_Support\"><\/span><strong>22Bet-st\u00f8tte<\/strong><span class=\"ez-toc-section-end\"><\/span><\/h2>\n\n\n\n<p>22BET kundesupport st\u00e5r til tjeneste 24 timer i d\u00f8gnet, 7 dager i uken. Du kan bruke nettpraten p\u00e5 nettstedet v\u00e5rt eller kontakte oss via e-post. En komplett liste over m\u00e5ter \u00e5 kontakte 22BET p\u00e5 finner du p\u00e5 KONTAKTS-siden. Vi vil gjerne h\u00f8re sp\u00f8rsm\u00e5l og forslag n\u00e5r som helst.<\/p>\n\n\n\n<figure class=\"wp-block-table\"><table><tbody><tr><td>\u00c5pningstider<\/td><td>24\/7<\/td><\/tr><tr><td>Hvordan kontakte<\/td><td>e-post, telefon, nettprat<\/td><\/tr><tr><td>Epostadresse<\/td><td>support-no@22bet.com<\/td><\/tr><tr><td>Tilgjengelige spr\u00e5k<\/td><td>Russisk, aserbajdsjansk, spansk, japansk, tysk, engelsk, polsk osv.<\/td><\/tr><\/tbody><\/table><\/figure>","protected":false},"excerpt":{"rendered":"<p>Bookmaker 22Bet was founded in 2017 in the UK and is headquartered in Cyprus. 22Bet operates under an official license from Curacao and also has local licenses in many African countries such as Nigeria and Kenya. The brand expanded its notoriety with the addition of former footballers Nuno Gomes and Kevin Kuranyi as ambassadors. This <a href=\"https:\/\/xxbet-company.com\/nb\/\" class=\"more-link\">&#8230;<\/a><\/p>","protected":false},"author":1,"featured_media":0,"parent":0,"menu_order":0,"comment_status":"closed","ping_status":"closed","template":"","meta":[],"amp_enabled":true,"_links":{"self":[{"href":"https:\/\/xxbet-company.com\/nb\/wp-json\/wp\/v2\/pages\/16"}],"collection":[{"href":"https:\/\/xxbet-company.com\/nb\/wp-json\/wp\/v2\/pages"}],"about":[{"href":"https:\/\/xxbet-company.com\/nb\/wp-json\/wp\/v2\/types\/page"}],"author":[{"embeddable":true,"href":"https:\/\/xxbet-company.com\/nb\/wp-json\/wp\/v2\/users\/1"}],"replies":[{"embeddable":true,"href":"https:\/\/xxbet-company.com\/nb\/wp-json\/wp\/v2\/comments?post=16"}],"version-history":[{"count":0,"href":"https:\/\/xxbet-company.com\/nb\/wp-json\/wp\/v2\/pages\/16\/revisions"}],"wp:attachment":[{"href":"https:\/\/xxbet-company.com\/nb\/wp-json\/wp\/v2\/media?parent=16"}],"curies":[{"name":"wp","href":"https:\/\/api.w.org\/{rel}","templated":true}]}}