{"id":41,"date":"2021-05-07T00:53:54","date_gmt":"2021-05-06T21:53:54","guid":{"rendered":"https:\/\/xxbet-company.com\/?page_id=41"},"modified":"2021-05-17T11:21:16","modified_gmt":"2021-05-17T08:21:16","slug":"bonus","status":"publish","type":"page","link":"https:\/\/xxbet-company.com\/nb\/bonus\/","title":{"rendered":"22Bet bonus  promo code and free bet"},"content":{"rendered":"<div id=\"ez-toc-container\" class=\"ez-toc-v2_0_34 counter-flat ez-toc-counter ez-toc-transparent ez-toc-container-direction\">\n<div class=\"ez-toc-title-container\">\n<p class=\"ez-toc-title\">Innholdsfortegnelse<\/p>\n<span class=\"ez-toc-title-toggle\"><\/span><\/div>\n<nav><ul class='ez-toc-list ez-toc-list-level-1'><li class='ez-toc-page-1'><a class=\"ez-toc-link ez-toc-heading-1\" href=\"https:\/\/xxbet-company.com\/nb\/bonus\/#How_to_get_welcome_22Bet_bonus\" title=\"Hvordan f\u00e5 velkomst 22Bet bonus \">Hvordan f\u00e5 velkomst 22Bet bonus <\/a><\/li><li class='ez-toc-page-1'><a class=\"ez-toc-link ez-toc-heading-2\" href=\"https:\/\/xxbet-company.com\/nb\/bonus\/#Promotions_and_bonuses_22bet\" title=\"Kampanjer og bonuser 22bet\">Kampanjer og bonuser 22bet<\/a><\/li><li class='ez-toc-page-1'><a class=\"ez-toc-link ez-toc-heading-3\" href=\"https:\/\/xxbet-company.com\/nb\/bonus\/#22Bet_promo_code_how_to_activate\" title=\"22Bet kampanjekode: hvordan du aktiverer\">22Bet kampanjekode: hvordan du aktiverer<\/a><\/li><\/ul><\/nav><\/div>\n\n<p>Bookmakeren 22Bet har et bredt spekter av bonustilbud. 22Bet-bonusen er en fin m\u00e5te \u00e5 \u00f8yeblikkelig \u00f8ke gevinsten din og til og med spille gratis p\u00e5 kasinoet. Blant dem er det forskjellige formater for kampanjer: velkomst, innskudd, bursdagsgaver, forbedrede vilk\u00e5r for ekspressspill, gratis spill for en serie med d\u00e5rlige spill og andre tilbud. Hver kampanje har originale vilk\u00e5r for deltakelse. De fleste tilbudene har lojale regler for \u00e5 satse mottatte bonuser.<\/p>\n\n\n\n<div class=\"wp-block-image\"><figure class=\"aligncenter size-full\"><img loading=\"lazy\" width=\"643\" height=\"231\" src=\"https:\/\/xxbet-company.com\/wp-content\/uploads\/2021\/05\/22bet-bonus-en.png\" alt=\"Welcome 22Bet bonus\" class=\"wp-image-82\" srcset=\"https:\/\/xxbet-company.com\/wp-content\/uploads\/2021\/05\/22bet-bonus-en.png 643w, https:\/\/xxbet-company.com\/wp-content\/uploads\/2021\/05\/22bet-bonus-en-300x108.png 300w, https:\/\/xxbet-company.com\/wp-content\/uploads\/2021\/05\/22bet-bonus-en-16x6.png 16w\" sizes=\"(max-width: 643px) 100vw, 643px\" title=\"\"><figcaption>Start bonus 22Bet<\/figcaption><\/figure><\/div>\n\n\n\n<h2><span class=\"ez-toc-section\" id=\"How_to_get_welcome_22Bet_bonus\"><\/span><strong>Hvordan f\u00e5 velkomst 22Bet bonus <\/strong><span class=\"ez-toc-section-end\"><\/span><\/h2>\n\n\n\n<p>Den f\u00f8rste innskuddet p\u00e5 22Bet er for nybegynnere som nylig har opprettet en konto. S\u00e5 hvis du nylig har \u00e5pnet en spillkonto og enn\u00e5 ikke har foretatt en sikkerhetskopiering av innskuddsaktivering, er denne bel\u00f8nningen noe for deg.<\/p>\n\n\n\n<p>Etter <a href=\"https:\/\/xxbet-company.com\/nb\/registration\/\" class=\"rank-math-link\">registrering<\/a>, <a href=\"https:\/\/en.wikipedia.org\/wiki\/Payment_system#:~:text=A%20payment%20system%20is%20any,that%20make%20its%20exchange%20possible.\" class=\"rank-math-link\" rel=\"nofollow noopener\" target=\"_blank\">velg et betalingssystem <\/a>og sett inn penger p\u00e5 spillkontoen din. Hos 22Bet kan du f\u00f8rst motta en innskuddsbonus etter at du har fylt ut skjemaet med dine personlige data p\u00e5 kontoen din. V\u00e6r oppmerksom p\u00e5 at hver linje m\u00e5 v\u00e6re fullf\u00f8rt, ellers kan du miste retten til prisen.<\/p>\n\n\n\n<p>N\u00e5r alt er klart, velg et betalingssystem og foreta et innskudd. En euro eller en dollar er nok til \u00e5 aktivere bonusen, men vi anbefaler \u00e5 ikke v\u00e6re gr\u00e5dig. Bel\u00f8pet p\u00e5 bel\u00f8nningen avhenger direkte av bel\u00f8pet du setter inn p\u00e5 spillkontoen din. Hvis du setter inn $ 1, er bonusen din $ 1. Hvis innskuddet ditt er 100 USD, er bel\u00f8nningen din den samme - 100 USD.<\/p>\n\n\n\n<p><strong>Maksimal bonus for nybegynnere p\u00e5 22Bet er 122 \u20ac.<\/strong><\/p>\n\n\n\n<p>I tillegg til pengedelen krediteres 22 spillpoeng (kampanjepoeng) p\u00e5 spillerens spillkonto, som senere kan byttes mot gaver p\u00e5 bookmakerkontoret.<\/p>\n\n\n\n<p>Som alle bookmakere krever 22-innsatsbonusen omsetning. Se vilk\u00e5rene for dette p\u00e5 den offisielle nettsiden.<\/p>\n\n\n\n<p>22bets f\u00f8rste innskuddsbonus kan kreves innen de f\u00f8rste 7 dagene fra det f\u00f8rste innskuddet til spillkontoen f\u00f8r innsatsen.<\/p>\n\n\n\n<h2><span class=\"ez-toc-section\" id=\"Promotions_and_bonuses_22bet\"><\/span><strong>Kampanjer og bonuser 22bet<\/strong><span class=\"ez-toc-section-end\"><\/span><\/h2>\n\n\n\n<p>22Bet tilbyr ogs\u00e5 en RELOAD Friday-bonus. Du kan f\u00e5 det hvis du setter inn p\u00e5 fredag, hvis du satser med 22Bet i l\u00f8pet av uken, og hvis du ikke trekker ut p\u00e5 torsdag og fredag. Bonusen er lik 100% av fredagsinnskuddet opp til 5000 rubler. Du kan satse p\u00e5 det tre ganger i et multiplum av tre eller flere arrangementer med odds p\u00e5 1,4 eller h\u00f8yere. Men fra det \u00f8yeblikket du tar drivstoff, tar det bare 24 timer. Hvis spilleren ikke klarer \u00e5 fjerne bonusen i l\u00f8pet av denne tidsperioden, vil bonusen bli kansellert sammen med gevinsten mottatt p\u00e5 kontoen hans.<\/p>\n\n\n\n<div class=\"wp-block-image\"><figure class=\"aligncenter size-full\"><img loading=\"lazy\" width=\"1368\" height=\"465\" src=\"https:\/\/xxbet-company.com\/wp-content\/uploads\/2021\/05\/22bonuses-en.png\" alt=\"22Bet bonuses\" class=\"wp-image-120\" srcset=\"https:\/\/xxbet-company.com\/wp-content\/uploads\/2021\/05\/22bonuses-en.png 1368w, https:\/\/xxbet-company.com\/wp-content\/uploads\/2021\/05\/22bonuses-en-300x102.png 300w, https:\/\/xxbet-company.com\/wp-content\/uploads\/2021\/05\/22bonuses-en-1024x348.png 1024w, https:\/\/xxbet-company.com\/wp-content\/uploads\/2021\/05\/22bonuses-en-16x5.png 16w\" sizes=\"(max-width: 1368px) 100vw, 1368px\" title=\"\"><figcaption>Aktive bonuser p\u00e5 22Bet<\/figcaption><\/figure><\/div>\n\n\n\n<p>Her er bare noen f\u00e5 av de popul\u00e6re kampanjer og bonuser p\u00e5 22Bet:<\/p>\n\n\n\n<ul><li>Bonus for en serie mislykkede spill:<\/li><\/ul>\n\n\n\n<p>22Bet st\u00f8tter sine spillere i vanskelige tider og gir en bonus for en serie mislykkede spill!<\/p>\n\n\n\n<p>Mistet 20 spill p\u00e5 rad? Bli kompensert! For en serie p\u00e5 20 tapte spill kan du f\u00e5 opptil 10.000 bonuspoeng.<\/p>\n\n\n\n<ul><li>En kraftig bursdagsgave.<\/li><li>Express betting boost - f\u00e5 en bonus for minst en av de 7 vinnerkupongene.<\/li><li>22Bet Casino Weekly Race: Spill 22Bet Slots og konkurrer om en andel av premiepotten p\u00e5 EUR 5000!<\/li><\/ul>\n\n\n\n<h2><span class=\"ez-toc-section\" id=\"22Bet_promo_code_how_to_activate\"><\/span><strong>22Bet kampanjekode: hvordan du aktiverer<\/strong><span class=\"ez-toc-section-end\"><\/span><\/h2>\n\n\n\n<p>Free Bet 22Bet lar deg plassere en gratis innsats p\u00e5 ethvert arrangement. Hvis du taper, mister du ingenting, og pengene overf\u00f8res til kontoen din n\u00e5r du inng\u00e5r transaksjonen. Mengden av transaksjonen i dette tilfellet avhenger av spillerens niv\u00e5 i Lojalitetsprogrammet. Bonuser kan ikke kombineres med andre bonuser, inkludert innskuddsbonuser.<\/p>\n\n\n\n<div class=\"wp-block-image\"><figure class=\"aligncenter size-full\"><img loading=\"lazy\" width=\"1130\" height=\"603\" src=\"https:\/\/xxbet-company.com\/wp-content\/uploads\/2021\/05\/22bet-bonuscode.png\" alt=\"22Bet bonus code\" class=\"wp-image-123\" srcset=\"https:\/\/xxbet-company.com\/wp-content\/uploads\/2021\/05\/22bet-bonuscode.png 1130w, https:\/\/xxbet-company.com\/wp-content\/uploads\/2021\/05\/22bet-bonuscode-300x160.png 300w, https:\/\/xxbet-company.com\/wp-content\/uploads\/2021\/05\/22bet-bonuscode-1024x546.png 1024w, https:\/\/xxbet-company.com\/wp-content\/uploads\/2021\/05\/22bet-bonuscode-16x9.png 16w\" sizes=\"(max-width: 1130px) 100vw, 1130px\" title=\"\"><figcaption>22Bet bonuskode<\/figcaption><\/figure><\/div>\n\n\n\n<p>Vi anbefaler at du abonnerer p\u00e5 nyhetsbrevet fra 22Bet bookmakeren for \u00e5 v\u00e6re den f\u00f8rste til \u00e5 motta den n\u00e5v\u00e6rende kampanjekoden og de siste nyhetene fra bookmakeren.<\/p>","protected":false},"excerpt":{"rendered":"<p>The bookmaker 22Bet has a wide range of bonus offers. The 22Bet Bonus is a great way to instantly increase your winnings and even play for free at the casino. Among them there are different formats of promotions: welcome, deposit, birthday gifts, improved conditions for express bets, free bets for a series of bad bets, <a href=\"https:\/\/xxbet-company.com\/nb\/bonus\/\" class=\"more-link\">&#8230;<\/a><\/p>","protected":false},"author":1,"featured_media":0,"parent":0,"menu_order":0,"comment_status":"closed","ping_status":"closed","template":"","meta":[],"amp_enabled":true,"_links":{"self":[{"href":"https:\/\/xxbet-company.com\/nb\/wp-json\/wp\/v2\/pages\/41"}],"collection":[{"href":"https:\/\/xxbet-company.com\/nb\/wp-json\/wp\/v2\/pages"}],"about":[{"href":"https:\/\/xxbet-company.com\/nb\/wp-json\/wp\/v2\/types\/page"}],"author":[{"embeddable":true,"href":"https:\/\/xxbet-company.com\/nb\/wp-json\/wp\/v2\/users\/1"}],"replies":[{"embeddable":true,"href":"https:\/\/xxbet-company.com\/nb\/wp-json\/wp\/v2\/comments?post=41"}],"version-history":[{"count":0,"href":"https:\/\/xxbet-company.com\/nb\/wp-json\/wp\/v2\/pages\/41\/revisions"}],"wp:attachment":[{"href":"https:\/\/xxbet-company.com\/nb\/wp-json\/wp\/v2\/media?parent=41"}],"curies":[{"name":"wp","href":"https:\/\/api.w.org\/{rel}","templated":true}]}}