{"id":43,"date":"2021-05-07T00:58:22","date_gmt":"2021-05-06T21:58:22","guid":{"rendered":"https:\/\/xxbet-company.com\/?page_id=43"},"modified":"2021-05-17T12:52:43","modified_gmt":"2021-05-17T09:52:43","slug":"access","status":"publish","type":"page","link":"https:\/\/xxbet-company.com\/nb\/access\/","title":{"rendered":"22Bet mirror"},"content":{"rendered":"<div id=\"ez-toc-container\" class=\"ez-toc-v2_0_34 counter-flat ez-toc-counter ez-toc-transparent ez-toc-container-direction\">\n<div class=\"ez-toc-title-container\">\n<p class=\"ez-toc-title\">Innholdsfortegnelse<\/p>\n<span class=\"ez-toc-title-toggle\"><\/span><\/div>\n<nav><ul class='ez-toc-list ez-toc-list-level-1'><li class='ez-toc-page-1'><a class=\"ez-toc-link ez-toc-heading-1\" href=\"https:\/\/xxbet-company.com\/nb\/access\/#Why_use_22Bet_mirror\" title=\"Hvorfor bruke 22Bet speil?\">Hvorfor bruke 22Bet speil?<\/a><\/li><li class='ez-toc-page-1'><a class=\"ez-toc-link ez-toc-heading-2\" href=\"https:\/\/xxbet-company.com\/nb\/access\/#How_to_find_a_22bet_working_mirror\" title=\"Hvordan finne et 22bet arbeidsspeil?\">Hvordan finne et 22bet arbeidsspeil?<\/a><\/li><\/ul><\/nav><\/div>\n\n<p>I mange land hender det ofte at nettsteder med gambling og sportsbetting er blokkert. Sportsbatsentusiaster er allerede vant til dette problemet. Heldigvis er det en l\u00f8sning: bruk et 22Bet-speil for \u00e5 omg\u00e5 eventuelle blokkeringer. Vi vil forklare hva et speilnettsted er og hvordan du finner og bruker et 22Bet-speil.<\/p>\n\n\n\n<div class=\"wp-block-image\"><figure class=\"aligncenter size-full\"><img loading=\"lazy\" width=\"1369\" height=\"721\" src=\"https:\/\/xxbet-company.com\/wp-content\/uploads\/2021\/05\/22bet-mirror.png\" alt=\"22Bet mirror website\" class=\"wp-image-132\" srcset=\"https:\/\/xxbet-company.com\/wp-content\/uploads\/2021\/05\/22bet-mirror.png 1369w, https:\/\/xxbet-company.com\/wp-content\/uploads\/2021\/05\/22bet-mirror-300x158.png 300w, https:\/\/xxbet-company.com\/wp-content\/uploads\/2021\/05\/22bet-mirror-1024x539.png 1024w, https:\/\/xxbet-company.com\/wp-content\/uploads\/2021\/05\/22bet-mirror-16x8.png 16w\" sizes=\"(max-width: 1369px) 100vw, 1369px\" title=\"\"><figcaption>Sportsspill, statistikk og resultater - p\u00e5 22Bet-speilet<\/figcaption><\/figure><\/div>\n\n\n\n<p>Mirror 22bet er det samme nettstedet som prosjektet til den offisielle online bookmakeren <a href=\"https:\/\/xxbet-company.com\/nb\/official-site\/\" class=\"rank-math-link\">22bet com<\/a>, med samme innsatslinjer, odds, seksjoner, struktur og design, men med en forskjell - den ligger p\u00e5 en alternativ adresse.<\/p>\n\n\n\n<p>22Bet mirror gir brukeren de samme funksjonene og funksjonalitetene som den offisielle portalen. Den viktigste og eneste forskjellen mellom 22Bet speil og bookmakerens offisielle nettside er at speilet er plassert p\u00e5 en annen nettadresse, som kan sees i adressefeltet i nettleseren din.<\/p>\n\n\n\n<h2><span class=\"ez-toc-section\" id=\"Why_use_22Bet_mirror\"><\/span><strong>Hvorfor bruke 22Bet speil?<\/strong><span class=\"ez-toc-section-end\"><\/span><\/h2>\n\n\n\n<p>N\u00e5r du lager speil fra bookmakere som opererer p\u00e5 Internett, forf\u00f8lger de vanligvis flere m\u00e5l og m\u00e5l:<\/p>\n\n\n\n<ul><li>Gi bredere tilgang til nettstedet.<\/li><li>Redusere belastningen p\u00e5 serveren til hovedprosjektet.<\/li><li>Omg\u00e5 forskjellige begrensninger (l\u00e5ser) for tilgang til den offisielle ressursen.<\/li><\/ul>\n\n\n\n<p>Alt dette gj\u00f8res for \u00e5 sikre konstant og stabil brukertilgang til online-portalen til spilloperat\u00f8ren, noe som er ekstremt viktig innen betting og betting.<\/p>\n\n\n\n<p>For \u00e5 sikre tilgangen til brukerne og den stabile driften av bookmakerkontoret, er det opprettet n\u00e5v\u00e6rende 22bet speil som er logget inn fra andre nettadresser.<\/p>\n\n\n\n<p>Etter \u00e5 ha studert det ovennevnte, stiller alle sp\u00f8rsm\u00e5let: &quot;Hvor kan jeg finne et 22beta speil?&quot; Det er ikke lett \u00e5 svare p\u00e5 dette sp\u00f8rsm\u00e5let, siden bookmaker-speil er vanskelig \u00e5 finne i det offentlige rom, ellers hva er poenget med en slik alternativ adresse. Hvis speilene er fritt tilgjengelig for allmennheten, vil de ogs\u00e5 raskt komme til de relevante myndighetene og bli blokkert.<\/p>\n\n\n\n<h2><span class=\"ez-toc-section\" id=\"How_to_find_a_22bet_working_mirror\"><\/span><strong>Hvordan finne et 22bet arbeidsspeil?<\/strong><span class=\"ez-toc-section-end\"><\/span><\/h2>\n\n\n\n<p>Det er flere m\u00e5ter \u00e5 finne et 22bet speil p\u00e5:<\/p>\n\n\n\n<ul><li>Kontakt support ved hjelp av de tidligere lagrede kontaktene dine.<\/li><li>Se etter informasjon om spesialiserte fora og diskusjoner.<\/li><li>Ta kontakt med bookmakers offisielle sider og sosiale nettverk.<\/li><li>Bruk <a href=\"https:\/\/en.wikipedia.org\/wiki\/Web_search_query\" class=\"rank-math-link\" rel=\"nofollow noopener\" target=\"_blank\">s\u00f8ketjenester<\/a> som Yandex og Google.<\/li><\/ul>\n\n\n\n<p>Generelt trenger du ikke lete etter et speil for \u00e5 f\u00e5 tilgang til det blokkerte nettstedet, bare endre ip-adressen din til et annet land, bruk proxy-servere, anonymiserere, vpn-systemer osv. Men dette er en mer avansert m\u00e5te og krever noen ferdigheter. Hvis dette er vanskelig, er det best \u00e5 bruke dupliserte speil.<\/p>","protected":false},"excerpt":{"rendered":"<p>I mange land hender det ofte at nettsteder med gambling og sportsbetting er blokkert. Sportsbatsentusiaster er allerede vant til dette problemet. Heldigvis er det en l\u00f8sning: bruk et 22Bet-speil for \u00e5 omg\u00e5 eventuelle blokkeringer. Vi vil forklare hva et speilnettsted er og hvordan du finner og bruker et 22Bet-speil. <a href=\"https:\/\/xxbet-company.com\/nb\/access\/\" class=\"more-link\">&#8230;<\/a><\/p>","protected":false},"author":1,"featured_media":0,"parent":0,"menu_order":0,"comment_status":"closed","ping_status":"closed","template":"","meta":[],"amp_enabled":true,"_links":{"self":[{"href":"https:\/\/xxbet-company.com\/nb\/wp-json\/wp\/v2\/pages\/43"}],"collection":[{"href":"https:\/\/xxbet-company.com\/nb\/wp-json\/wp\/v2\/pages"}],"about":[{"href":"https:\/\/xxbet-company.com\/nb\/wp-json\/wp\/v2\/types\/page"}],"author":[{"embeddable":true,"href":"https:\/\/xxbet-company.com\/nb\/wp-json\/wp\/v2\/users\/1"}],"replies":[{"embeddable":true,"href":"https:\/\/xxbet-company.com\/nb\/wp-json\/wp\/v2\/comments?post=43"}],"version-history":[{"count":0,"href":"https:\/\/xxbet-company.com\/nb\/wp-json\/wp\/v2\/pages\/43\/revisions"}],"wp:attachment":[{"href":"https:\/\/xxbet-company.com\/nb\/wp-json\/wp\/v2\/media?parent=43"}],"curies":[{"name":"wp","href":"https:\/\/api.w.org\/{rel}","templated":true}]}}