{"id":47,"date":"2021-05-07T01:05:57","date_gmt":"2021-05-06T22:05:57","guid":{"rendered":"https:\/\/xxbet-company.com\/?page_id=47"},"modified":"2021-05-17T13:06:36","modified_gmt":"2021-05-17T10:06:36","slug":"reviews","status":"publish","type":"page","link":"https:\/\/xxbet-company.com\/nb\/reviews\/","title":{"rendered":"22Bet review"},"content":{"rendered":"<div id=\"ez-toc-container\" class=\"ez-toc-v2_0_34 counter-flat ez-toc-counter ez-toc-transparent ez-toc-container-direction\">\n<div class=\"ez-toc-title-container\">\n<p class=\"ez-toc-title\">Innholdsfortegnelse<\/p>\n<span class=\"ez-toc-title-toggle\"><\/span><\/div>\n<nav><ul class='ez-toc-list ez-toc-list-level-1'><li class='ez-toc-page-1'><a class=\"ez-toc-link ez-toc-heading-1\" href=\"https:\/\/xxbet-company.com\/nb\/reviews\/#Positive_feedback_from_players\" title=\"Positive tilbakemeldinger fra spillere\">Positive tilbakemeldinger fra spillere<\/a><\/li><li class='ez-toc-page-1'><a class=\"ez-toc-link ez-toc-heading-2\" href=\"https:\/\/xxbet-company.com\/nb\/reviews\/#Negative_22Bet_reviews\" title=\"Negative 22Bet-anmeldelser \">Negative 22Bet-anmeldelser <\/a><\/li><li class='ez-toc-page-1'><a class=\"ez-toc-link ez-toc-heading-3\" href=\"https:\/\/xxbet-company.com\/nb\/reviews\/#22Bet_reviews_feedback_on_withdrawing\" title=\"22Bet anmeldelser: tilbakemelding p\u00e5 tilbaketrekning\">22Bet anmeldelser: tilbakemelding p\u00e5 tilbaketrekning<\/a><\/li><\/ul><\/nav><\/div>\n\n<p>22Bet-anmeldelser er tilgjengelig p\u00e5 forskjellige nettsteder og analysert. Dette vil hjelpe deg med \u00e5 objektivt vurdere fordeler og ulemper med 22Bet.<\/p>\n\n\n\n<p><a href=\"https:\/\/xxbet-company.com\/nb\/\" class=\"rank-math-link\">22Bet er super popul\u00e6r <\/a>med erfarne spillere og sportsspillentusiaster. Ekte anmeldelser av bookmakeren viser hvor p\u00e5litelig og \u00e6rlig den er. N\u00e5r du velger et bookmakerkontor, er det veldig viktig \u00e5 kjenne meningen til vanlige spillere for ikke \u00e5 tape penger og tjene s\u00e5 mye som mulig. <\/p>\n\n\n\n<p>Du kan ogs\u00e5 legge igjen din egen anmeldelse av bookmakeren 22Bet selv. Administrasjonen overv\u00e5ker omd\u00f8mmet sitt, s\u00e5 hvis noe gikk galt, vil jeg definitivt takle problemet mitt.<\/p>\n\n\n\n<h2><span class=\"ez-toc-section\" id=\"Positive_feedback_from_players\"><\/span><strong>Positive tilbakemeldinger fra spillere<\/strong><span class=\"ez-toc-section-end\"><\/span><\/h2>\n\n\n\n<p>En analyse av \u00e5pne anmeldelser har f\u00f8rt til den konklusjonen at vanlige brukere av Betwinner verdsetter spesielt:<\/p>\n\n\n\n<ul><li>et stort utvalg av arrangementer og deres detaljerte dekning;<\/li><li>en rekke live-spill;<\/li><li>praktisk og gjennomtenkt grensesnitt for nettstedet og mobilapplikasjonen;<\/li><li>St\u00f8tte av h\u00f8y kvalitet, som alltid er klar til \u00e5 l\u00f8se ethvert problem;<\/li><li>et attraktivt bonusprogram som lar deg \u00f8ke gevinstene dine;<\/li><li>lite minimumsinnskudd, som er spesielt popul\u00e6rt blant nybegynnere.<\/li><\/ul>\n\n\n\n<p>Hvis du studerer temaforum og grupper, kan du forst\u00e5 at det er igjen mer positive anmeldelser om 22Bet. If\u00f8lge anmeldelser er det viktigste pluss for bookmakeren dens \u00e6rlighet. Det har ikke v\u00e6rt et eneste bevist tilfelle av svindel fra spillplattformens side.<\/p>\n\n\n\n<h2><span class=\"ez-toc-section\" id=\"Negative_22Bet_reviews\"><\/span>Negativ <strong>22Bet anmeldelser <\/strong><span class=\"ez-toc-section-end\"><\/span><\/h2>\n\n\n\n<p>Blant de positive 22Bet-vurderingene er det ogs\u00e5 negative, men dette er heller et unntak. De fleste av de negative vurderingene er relatert til regional blokkering (spillsider er ofte blokkert i <a href=\"https:\/\/en.wikipedia.org\/wiki\/Commonwealth_of_Independent_States\" class=\"rank-math-link\" rel=\"nofollow noopener\" target=\"_blank\">mange SNG-land<\/a>), men 22Bet overv\u00e5ker blokkerere og har alltid et speil klar til \u00e5 omg\u00e5 dem.<\/p>\n\n\n\n<p>I tillegg blir behovet for brukerverifisering ofte kommentert negativt, men dette er et vanlig krav fra alle st\u00f8rre bookmakerselskaper. Den vanligste negative tilbakemeldingen er at det tar lang tid \u00e5 ta ut store gevinster. Men det tar tid for en bookmaker \u00e5 ta ut store bel\u00f8p. Dette vil ikke stoppe arbeidet til spillklubben. Resten av portalen er helt forn\u00f8yd med spillerne.<\/p>\n\n\n\n<h2><span class=\"ez-toc-section\" id=\"22Bet_reviews_feedback_on_withdrawing\"><\/span><strong>22Bet<\/strong> anmeldelser<strong>: tilbakemelding p\u00e5 uttak<\/strong><span class=\"ez-toc-section-end\"><\/span><\/h2>\n\n\n\n<p>En bookmaker er ikke bare en mulighet til \u00e5 gamble, men ogs\u00e5 en veldig reell m\u00e5te \u00e5 tjene penger p\u00e5. Det er derfor spillernes meninger om \u00e6rligheten og hastigheten p\u00e5 uttak av gevinster er veldig viktige for alle andre.<\/p>\n\n\n\n<p>22Bet har standardregler for innskuddsomsetning og uttak av gevinster. Som regel gjennomf\u00f8res monet\u00e6re transaksjoner p\u00e5 et h\u00f8yt niv\u00e5. Alle innskudd gj\u00f8res umiddelbart, og betalinger skjer ogs\u00e5 raskt. Selv om reglene indikerer at gevinsten blir trukket tilbake innen to virkedager, men som regel er transaksjonene raskere - innen f\u00e5 timer. Hvis det er en forsinkelse, er det veldig sjelden. Dette skjer vanligvis p\u00e5 grunn av feil i utfyllingen av dataene under brukerregistreringen. Derfor er det viktig \u00e5 n\u00f8ye sjekke personlig informasjon.<\/p>\n\n\n\n<p>Du b\u00f8r ogs\u00e5 huske \u00e5 bruke det samme betalingssystemet for innskudd og uttak. Dette er et viktig krav som vil spare deg for tid i fremtiden.<\/p>","protected":false},"excerpt":{"rendered":"<p>22Bet reviews are available on various sites and analyzed. This will help you to objectively assess the pros and cons of 22Bet. 22Bet is super popular with experienced players and sports betting enthusiasts. Real reviews of the bookmaker show how reliable and honest it is. When choosing a bookmaker&#8217;s office, it is very important to <a href=\"https:\/\/xxbet-company.com\/nb\/reviews\/\" class=\"more-link\">&#8230;<\/a><\/p>","protected":false},"author":1,"featured_media":0,"parent":0,"menu_order":0,"comment_status":"closed","ping_status":"closed","template":"","meta":[],"amp_enabled":true,"_links":{"self":[{"href":"https:\/\/xxbet-company.com\/nb\/wp-json\/wp\/v2\/pages\/47"}],"collection":[{"href":"https:\/\/xxbet-company.com\/nb\/wp-json\/wp\/v2\/pages"}],"about":[{"href":"https:\/\/xxbet-company.com\/nb\/wp-json\/wp\/v2\/types\/page"}],"author":[{"embeddable":true,"href":"https:\/\/xxbet-company.com\/nb\/wp-json\/wp\/v2\/users\/1"}],"replies":[{"embeddable":true,"href":"https:\/\/xxbet-company.com\/nb\/wp-json\/wp\/v2\/comments?post=47"}],"version-history":[{"count":0,"href":"https:\/\/xxbet-company.com\/nb\/wp-json\/wp\/v2\/pages\/47\/revisions"}],"wp:attachment":[{"href":"https:\/\/xxbet-company.com\/nb\/wp-json\/wp\/v2\/media?parent=47"}],"curies":[{"name":"wp","href":"https:\/\/api.w.org\/{rel}","templated":true}]}}