{"id":53,"date":"2021-05-07T01:15:26","date_gmt":"2021-05-06T22:15:26","guid":{"rendered":"https:\/\/xxbet-company.com\/?page_id=53"},"modified":"2021-05-17T12:58:31","modified_gmt":"2021-05-17T09:58:31","slug":"app","status":"publish","type":"page","link":"https:\/\/xxbet-company.com\/nb\/app\/","title":{"rendered":"22Bet mobile app"},"content":{"rendered":"<div id=\"ez-toc-container\" class=\"ez-toc-v2_0_34 counter-flat ez-toc-counter ez-toc-transparent ez-toc-container-direction\">\n<div class=\"ez-toc-title-container\">\n<p class=\"ez-toc-title\">Innholdsfortegnelse<\/p>\n<span class=\"ez-toc-title-toggle\"><\/span><\/div>\n<nav><ul class='ez-toc-list ez-toc-list-level-1'><li class='ez-toc-page-1'><a class=\"ez-toc-link ez-toc-heading-1\" href=\"https:\/\/xxbet-company.com\/nb\/app\/#Why_do_I_need_the_22Bet_mobile\" title=\"Hvorfor trenger jeg 22Bet-mobilen?\">Hvorfor trenger jeg 22Bet-mobilen?<\/a><\/li><li class='ez-toc-page-1'><a class=\"ez-toc-link ez-toc-heading-2\" href=\"https:\/\/xxbet-company.com\/nb\/app\/#How_to_download_22BET_on_IOS\" title=\"Hvordan laste ned 22BET p\u00e5 IOS\">Hvordan laste ned 22BET p\u00e5 IOS<\/a><\/li><li class='ez-toc-page-1'><a class=\"ez-toc-link ez-toc-heading-3\" href=\"https:\/\/xxbet-company.com\/nb\/app\/#22BET_download_for_ANDROID\" title=\"22BET-nedlasting for ANDROID\">22BET-nedlasting for ANDROID<\/a><\/li><\/ul><\/nav><\/div>\n\n<p>Spillere kan plassere sine spill raskt og praktisk p\u00e5 den offisielle 22Bet mobilappen. For \u00e5 gj\u00f8re dette, bare last ned 22Bet-appen p\u00e5 mobiltelefonen din. Takket v\u00e6re applikasjonen kan du plassere spill i alle milj\u00f8er ved hjelp av nettleseren p\u00e5 smarttelefonen eller nettbrettet.<\/p>\n\n\n\n<div class=\"wp-block-image\"><figure class=\"aligncenter size-full is-resized\"><img loading=\"lazy\" src=\"https:\/\/xxbet-company.com\/wp-content\/uploads\/2021\/05\/IMG_20210430_124441.jpg\" alt=\"22Bet Mobile App\" class=\"wp-image-93\" width=\"399\" height=\"600\" title=\"\"><figcaption>Mobil 22Bet<\/figcaption><\/figure><\/div>\n\n\n\n<h2><span class=\"ez-toc-section\" id=\"Why_do_I_need_the_22Bet_mobile\"><\/span><strong>Hvorfor trenger jeg 22Bet-mobilen?<\/strong><span class=\"ez-toc-section-end\"><\/span><\/h2>\n\n\n\n<p>Det er ikke alltid mulig \u00e5 \u00e5pne nettleseren p\u00e5 en datamaskin eller b\u00e6rbar PC. Det er i slike tilfeller 22Bet-utviklere lanserte mobilversjonen av hovedsiden. N\u00e5 kan du satse p\u00e5 sport fra telefonen hvor som helst - selv om du sitter fast i en trafikkork eller spiser lunsj p\u00e5 en kaf\u00e9. Spill vil bli raskere, enklere og mer praktisk med 22Bet mobilappen!<\/p>\n\n\n\n<h2><span class=\"ez-toc-section\" id=\"How_to_download_22BET_on_IOS\"><\/span><strong>Hvordan laste ned 22BET p\u00e5 IOS<\/strong><span class=\"ez-toc-section-end\"><\/span><\/h2>\n\n\n\n<p>Du kan laste ned 22 Bet-appen til mobiltelefonen din direkte fra App Store. Hvis nedlastingen mislykkes, er problemet sannsynligvis i ditt bostedsomr\u00e5de. Hvis du bor i et land der internasjonal sportsspill er forbudt av en eller annen grunn, f\u00f8lg disse trinnene for \u00e5 laste ned 22 spill p\u00e5 iOS.<\/p>\n\n\n\n<ul><li>\u00c5pne iTunes- og App Store-innstillingene p\u00e5 enheten.<\/li><li>Velg Apple ID-delen (din Apple ID).<\/li><li>Klikk p\u00e5 Vis Apple ID og skriv inn passordet ditt.<\/li><li>Velg land \/ region, og klikk deretter Endre land eller region.<\/li><li>Velg et land der sportsspill er tillatt.<\/li><\/ul>\n\n\n\n<div class=\"wp-block-image\"><figure class=\"aligncenter size-full is-resized\"><img loading=\"lazy\" src=\"https:\/\/xxbet-company.com\/wp-content\/uploads\/2021\/05\/Screenshot_2021-04-30-12-45-07-495_com.android.chrome.jpg\" alt=\"22Bet mobile\" class=\"wp-image-97\" width=\"400\" height=\"600\" title=\"\"><figcaption>Velg enheten du vil laste ned 22Bet<\/figcaption><\/figure><\/div>\n\n\n\n<p>N\u00e5 kan du laste ned 22Bet for <a href=\"https:\/\/www.apple.com\/ios\/ios-14\/\" class=\"rank-math-link\" rel=\"nofollow noopener\" target=\"_blank\">iOS<\/a> gratis. Godta vilk\u00e5rene i brukeravtalen f\u00f8r du installerer. N\u00e5r du er ferdig, kan du logge p\u00e5 den personlige kontoen din ved hjelp av brukernavnet og passordet du oppga tidligere, eller opprette en spillkonto direkte fra mobiltelefonen.<\/p>\n\n\n\n<h2><span class=\"ez-toc-section\" id=\"22BET_download_for_ANDROID\"><\/span><strong>22BET-nedlasting for ANDROID<\/strong><span class=\"ez-toc-section-end\"><\/span><\/h2>\n\n\n\n<p>Android er et av de mest popul\u00e6re mobile operativsystemene som det ogs\u00e5 er utviklet sportsbook-programvare for. Du kan laste ned 22Bet for Android direkte fra bookmakeren. Handlingsplanen er som f\u00f8lger:<\/p>\n\n\n\n<ul><li>G\u00e5 til bookmakernettstedet fra din mobile gadget og klikk 22Bet Mobile Apps (plassert p\u00e5 hovedsiden til h\u00f8yre og over).<\/li><li>Klikk p\u00e5 &quot;Last ned 22Bet for Android&quot; -knappen.<\/li><li>For \u00e5 laste ned, klikk OK i vinduet som vises hvis nedlastingen ikke startet automatisk. N\u00e5r nedlastingen er fullf\u00f8rt, klikker du p\u00e5 \u201c\u00c5pne\u201d.<\/li><\/ul>\n\n\n\n<p>I de fleste tilfeller er installasjonen automatisk og ingen ytterligere tiltak er n\u00f8dvendig.<\/p>\n\n\n\n<p>Hvis enheten din blokkerer installasjonen av apper fra ukjente kilder, f\u00f8lger du disse trinnene for \u00e5 laste ned 22Bet mobile p\u00e5 <a href=\"https:\/\/www.android.com\/\" class=\"rank-math-link\" rel=\"nofollow noopener\" target=\"_blank\">Android<\/a>:<\/p>\n\n\n\n<ul><li>G\u00e5 til telefoninnstillingene og tillat installasjon av applikasjoner fra ukjente kilder (i de fleste tilfeller er funksjonen i sikkerhetsmodus).<\/li><li>G\u00e5 tilbake til den nedlastede filen og klikk p\u00e5 Installer.<\/li><li>N\u00e5r den er klar og en melding med en &quot;\u00c5pne&quot; -knapp vises p\u00e5 skjermen, betyr det at 22Bet er lastet inn.<\/li><\/ul>\n\n\n\n<p>Skriv gjerne inn applikasjonen, logg inn p\u00e5 din personlige konto eller <a href=\"https:\/\/xxbet-company.com\/nb\/registration\/\" class=\"rank-math-link\">opprette en spillkonto<\/a>.<\/p>","protected":false},"excerpt":{"rendered":"<p>Players can place their bets quickly and conveniently on the official 22Bet mobile app. To do this, simply download the 22Bet app on your mobile phone. Thanks to the application, you can place bets in any environment using the browser of your smartphone or tablet. Why do I need the 22Bet mobile? It is not <a href=\"https:\/\/xxbet-company.com\/nb\/app\/\" class=\"more-link\">&#8230;<\/a><\/p>","protected":false},"author":1,"featured_media":0,"parent":0,"menu_order":0,"comment_status":"closed","ping_status":"closed","template":"","meta":[],"amp_enabled":true,"_links":{"self":[{"href":"https:\/\/xxbet-company.com\/nb\/wp-json\/wp\/v2\/pages\/53"}],"collection":[{"href":"https:\/\/xxbet-company.com\/nb\/wp-json\/wp\/v2\/pages"}],"about":[{"href":"https:\/\/xxbet-company.com\/nb\/wp-json\/wp\/v2\/types\/page"}],"author":[{"embeddable":true,"href":"https:\/\/xxbet-company.com\/nb\/wp-json\/wp\/v2\/users\/1"}],"replies":[{"embeddable":true,"href":"https:\/\/xxbet-company.com\/nb\/wp-json\/wp\/v2\/comments?post=53"}],"version-history":[{"count":0,"href":"https:\/\/xxbet-company.com\/nb\/wp-json\/wp\/v2\/pages\/53\/revisions"}],"wp:attachment":[{"href":"https:\/\/xxbet-company.com\/nb\/wp-json\/wp\/v2\/media?parent=53"}],"curies":[{"name":"wp","href":"https:\/\/api.w.org\/{rel}","templated":true}]}}