{"id":55,"date":"2021-05-07T01:19:33","date_gmt":"2021-05-06T22:19:33","guid":{"rendered":"https:\/\/xxbet-company.com\/?page_id=55"},"modified":"2021-05-17T11:55:50","modified_gmt":"2021-05-17T08:55:50","slug":"registration","status":"publish","type":"page","link":"https:\/\/xxbet-company.com\/nb\/registration\/","title":{"rendered":"22Bet login and registration on the official website"},"content":{"rendered":"<div id=\"ez-toc-container\" class=\"ez-toc-v2_0_34 counter-flat ez-toc-counter ez-toc-transparent ez-toc-container-direction\">\n<div class=\"ez-toc-title-container\">\n<p class=\"ez-toc-title\">Innholdsfortegnelse<\/p>\n<span class=\"ez-toc-title-toggle\"><\/span><\/div>\n<nav><ul class='ez-toc-list ez-toc-list-level-1'><li class='ez-toc-page-1'><a class=\"ez-toc-link ez-toc-heading-1\" href=\"https:\/\/xxbet-company.com\/nb\/registration\/#Instructions_registration_22Bet\" title=\"Instruksjoner: registrering 22Bet&nbsp;\">Instruksjoner: registrering 22Bet&nbsp;<\/a><\/li><li class='ez-toc-page-1'><a class=\"ez-toc-link ez-toc-heading-2\" href=\"https:\/\/xxbet-company.com\/nb\/registration\/#How_to_register_at_22Bet_via_social_networks\" title=\"Hvordan registrere deg p\u00e5 22Bet via sosiale nettverk\">Hvordan registrere deg p\u00e5 22Bet via sosiale nettverk<\/a><\/li><\/ul><\/nav><\/div>\n\n<p>22bet p\u00e5logging og registrering er en forutsetning for \u00e5 bruke nettstedet. N\u00e5r du er logget inn, kan du spille gratis og med ekte penger. \u00c5 sette opp en spillkonto er det f\u00f8rste trinnet mot sportsspill hos en bookmaker. I denne artikkelen vil vi fortelle deg hvordan du registrerer deg p\u00e5 22Bet og analyserer alle finesser og regler for aktivering av kontoen din.<\/p>\n\n\n\n<div class=\"wp-block-image\"><figure class=\"aligncenter size-full\"><img loading=\"lazy\" width=\"643\" height=\"231\" src=\"https:\/\/xxbet-company.com\/wp-content\/uploads\/2021\/05\/22bet-bonus-en.png\" alt=\"Welcome bonus 22Bet\" class=\"wp-image-82\" srcset=\"https:\/\/xxbet-company.com\/wp-content\/uploads\/2021\/05\/22bet-bonus-en.png 643w, https:\/\/xxbet-company.com\/wp-content\/uploads\/2021\/05\/22bet-bonus-en-300x108.png 300w, https:\/\/xxbet-company.com\/wp-content\/uploads\/2021\/05\/22bet-bonus-en-16x6.png 16w\" sizes=\"(max-width: 643px) 100vw, 643px\" title=\"\"><figcaption>Registreringsbonus 22Bet<\/figcaption><\/figure><\/div>\n\n\n\n<h2><span class=\"ez-toc-section\" id=\"Instructions_registration_22Bet\"><\/span><strong>Instruksjoner: registrering 22Bet&nbsp;<\/strong><span class=\"ez-toc-section-end\"><\/span><\/h2>\n\n\n\n<p>Det er to registreringsmetoder p\u00e5 nettstedet 22Bet sportsbook: full registrering og gjennom sosiale nettverk. La oss starte med det f\u00f8rste alternativet for \u00e5 opprette en spillkonto.<\/p>\n\n\n\n<figure class=\"wp-block-image size-full\"><img loading=\"lazy\" width=\"1329\" height=\"88\" src=\"https:\/\/xxbet-company.com\/wp-content\/uploads\/2021\/05\/reg-22bet.png\" alt=\"22bet login and register\" class=\"wp-image-85\" srcset=\"https:\/\/xxbet-company.com\/wp-content\/uploads\/2021\/05\/reg-22bet.png 1329w, https:\/\/xxbet-company.com\/wp-content\/uploads\/2021\/05\/reg-22bet-300x20.png 300w, https:\/\/xxbet-company.com\/wp-content\/uploads\/2021\/05\/reg-22bet-1024x68.png 1024w, https:\/\/xxbet-company.com\/wp-content\/uploads\/2021\/05\/reg-22bet-16x1.png 16w\" sizes=\"(max-width: 1329px) 100vw, 1329px\" title=\"\"><figcaption>Klikk p\u00e5 &quot;Registrer&quot; -knappen<\/figcaption><\/figure>\n\n\n\n<p>For \u00e5 \u00e5pne en spillkonto, klikk p\u00e5 &quot;Registrering&quot; -knappen p\u00e5 <a href=\"https:\/\/xxbet-company.com\/nb\/official-site\/\" class=\"rank-math-link\">22Bet nettsted<\/a> eller <a href=\"https:\/\/en.wikipedia.org\/wiki\/Mirror_site\" class=\"rank-math-link\" rel=\"nofollow noopener\" target=\"_blank\">speil<\/a>. Etter det vil du se et skjema med f\u00f8lgende felt:<\/p>\n\n\n\n<ul><li>E-post;<\/li><li>Velg et passord;<\/li><li>etternavn og fornavn<\/li><li>landet du bor i;<\/li><li>konto valuta.<\/li><\/ul>\n\n\n\n<div class=\"wp-block-image\"><figure class=\"aligncenter size-full\"><img loading=\"lazy\" width=\"738\" height=\"476\" src=\"https:\/\/xxbet-company.com\/wp-content\/uploads\/2021\/05\/22bet-reg-en.png\" alt=\"22Bet login\" class=\"wp-image-87\" srcset=\"https:\/\/xxbet-company.com\/wp-content\/uploads\/2021\/05\/22bet-reg-en.png 738w, https:\/\/xxbet-company.com\/wp-content\/uploads\/2021\/05\/22bet-reg-en-300x193.png 300w, https:\/\/xxbet-company.com\/wp-content\/uploads\/2021\/05\/22bet-reg-en-16x10.png 16w\" sizes=\"(max-width: 738px) 100vw, 738px\" title=\"\"><figcaption>P\u00e5meldingsskjema p\u00e5 22Bet<\/figcaption><\/figure><\/div>\n\n\n\n<p>\u00c5 fullf\u00f8re linjene skal v\u00e6re grei. Vi anbefaler at du tar hensyn til feltet for \u00e5 skrive inn en e-postadresse. Det anbefales ikke \u00e5 oppgi en tilfeldig e-postadresse, da registrering av 22Bet bare er det f\u00f8rste trinnet for \u00e5 plassere spill. Etter at du har fylt ut skjemaet, vil du motta en melding med en lenke for \u00e5 aktivere kontoen din. Hvis du ikke bruker den, vil kontoen din v\u00e6re ugyldig.<\/p>\n\n\n\n<p>V\u00e6r oppmerksom p\u00e5 valget av valuta: i hvilken valuta det ville v\u00e6re lettere \u00e5 gj\u00f8re transaksjoner og motta gevinster, siden det ikke vil v\u00e6re mulig \u00e5 endre valget.<\/p>\n\n\n\n<h2><span class=\"ez-toc-section\" id=\"How_to_register_at_22Bet_via_social_networks\"><\/span><strong>Hvordan registrere deg p\u00e5 22Bet via sosiale nettverk<\/strong><span class=\"ez-toc-section-end\"><\/span><\/h2>\n\n\n\n<p>Den andre m\u00e5ten \u00e5 opprette en konto p\u00e5: registrering p\u00e5 22bet gjennom sosiale nettverk og direktemeldere. For \u00e5 aktivere en konto p\u00e5 denne m\u00e5ten, m\u00e5 spilleren velge et sosialt nettverk og bekrefte tillatelse til \u00e5 lese dataene og bruke dem som en registrering. Registrering p\u00e5 22Bet er for \u00f8yeblikket tilgjengelig p\u00e5 f\u00f8lgende plattformer:<\/p>\n\n\n\n<ul><li>I kontakt med;<\/li><li>Klassekamerater;<\/li><li>Google+;<\/li><li>Yandex;<\/li><li>Mail.ru<\/li><\/ul>\n\n\n\n<p>F\u00f8r du velger et sosialt nettverk, m\u00e5 du spesifisere kontoens valuta. Klikk deretter p\u00e5 Registrer deg, som oppretter en omdirigering og \u00e5pner en ny fane. Logg inn p\u00e5 kontoen din og godta vilk\u00e5rene. N\u00e5r alt er klart, vil bookmakeren generere et brukernavn og passord for deg, som du kan bruke til \u00e5 logge p\u00e5 kontoen din. Som med den forrige metoden, vil 22Bet-registrering bli ansett som fullf\u00f8rt n\u00e5r du har bekreftet e-postadressen din. 22bet p\u00e5logging kan skje via det sosiale nettverket du velger <\/p>\n\n\n\n<div class=\"wp-block-image\"><figure class=\"aligncenter size-full\"><img loading=\"lazy\" width=\"1347\" height=\"611\" src=\"https:\/\/xxbet-company.com\/wp-content\/uploads\/2021\/05\/lk-22bet.png\" alt=\"22bet account setting\" class=\"wp-image-90\" srcset=\"https:\/\/xxbet-company.com\/wp-content\/uploads\/2021\/05\/lk-22bet.png 1347w, https:\/\/xxbet-company.com\/wp-content\/uploads\/2021\/05\/lk-22bet-300x136.png 300w, https:\/\/xxbet-company.com\/wp-content\/uploads\/2021\/05\/lk-22bet-1024x464.png 1024w, https:\/\/xxbet-company.com\/wp-content\/uploads\/2021\/05\/lk-22bet-16x7.png 16w\" sizes=\"(max-width: 1347px) 100vw, 1347px\" title=\"\"><figcaption>Skriv inn alle dataene dine i din personlige konto<\/figcaption><\/figure><\/div>\n\n\n\n<p>N\u00e5r de grunnleggende trinnene er fullf\u00f8rt, g\u00e5r du til den virkelige kontoen din og skriver inn detaljene dine. All data vil v\u00e6re nyttig n\u00e5r du bekrefter identiteten din, n\u00e5r du tar ut midler eller for \u00e5 delta i kontorkampanjer. Du kan ogs\u00e5 konfigurere tofaktorautentisering i kontoen din for \u00e5 beskytte kontoen din mot uautoriserte bes\u00f8kende.<\/p>\n\n\n\n<p>Bookmaker 22 Bet tilbyr en fin <a href=\"https:\/\/xxbet-company.com\/nb\/bonus\/\" class=\"rank-math-link\">velkomstbonus<\/a> for hver nye spiller. Etter 22bet p\u00e5logging og registrering er en ny spiller garantert \u00e5 motta 100% av innskuddsbel\u00f8pet. Den maksimale gaven en nybegynner kan stole p\u00e5 er \u20ac 122.<\/p>","protected":false},"excerpt":{"rendered":"<p>22bet login and registration is a prerequisite for using the website. Once logged in, you can play for free and for real money. Setting up a betting account is the first step towards sports betting at a bookmaker. In this article, we will tell you how to register at 22Bet and analyze all the subtleties <a href=\"https:\/\/xxbet-company.com\/nb\/registration\/\" class=\"more-link\">&#8230;<\/a><\/p>","protected":false},"author":1,"featured_media":0,"parent":0,"menu_order":0,"comment_status":"closed","ping_status":"closed","template":"","meta":[],"amp_enabled":true,"_links":{"self":[{"href":"https:\/\/xxbet-company.com\/nb\/wp-json\/wp\/v2\/pages\/55"}],"collection":[{"href":"https:\/\/xxbet-company.com\/nb\/wp-json\/wp\/v2\/pages"}],"about":[{"href":"https:\/\/xxbet-company.com\/nb\/wp-json\/wp\/v2\/types\/page"}],"author":[{"embeddable":true,"href":"https:\/\/xxbet-company.com\/nb\/wp-json\/wp\/v2\/users\/1"}],"replies":[{"embeddable":true,"href":"https:\/\/xxbet-company.com\/nb\/wp-json\/wp\/v2\/comments?post=55"}],"version-history":[{"count":0,"href":"https:\/\/xxbet-company.com\/nb\/wp-json\/wp\/v2\/pages\/55\/revisions"}],"wp:attachment":[{"href":"https:\/\/xxbet-company.com\/nb\/wp-json\/wp\/v2\/media?parent=55"}],"curies":[{"name":"wp","href":"https:\/\/api.w.org\/{rel}","templated":true}]}}