{"id":57,"date":"2021-05-07T01:25:07","date_gmt":"2021-05-06T22:25:07","guid":{"rendered":"https:\/\/xxbet-company.com\/?page_id=57"},"modified":"2021-05-17T13:08:25","modified_gmt":"2021-05-17T10:08:25","slug":"official-site","status":"publish","type":"page","link":"https:\/\/xxbet-company.com\/nb\/official-site\/","title":{"rendered":"22Bet nettsted"},"content":{"rendered":"<div id=\"ez-toc-container\" class=\"ez-toc-v2_0_34 counter-flat ez-toc-counter ez-toc-transparent ez-toc-container-direction\">\n<div class=\"ez-toc-title-container\">\n<p class=\"ez-toc-title\">Innholdsfortegnelse<\/p>\n<span class=\"ez-toc-title-toggle\"><\/span><\/div>\n<nav><ul class='ez-toc-list ez-toc-list-level-1'><li class='ez-toc-page-1'><a class=\"ez-toc-link ez-toc-heading-1\" href=\"https:\/\/xxbet-company.com\/nb\/official-site\/#22Bet_account\" title=\"22Bet-konto\">22Bet-konto<\/a><\/li><li class='ez-toc-page-1'><a class=\"ez-toc-link ez-toc-heading-2\" href=\"https:\/\/xxbet-company.com\/nb\/official-site\/#What_to_do_if_22Bet_website_is_blocked\" title=\"Hva gj\u00f8r jeg hvis 22Bet-nettstedet er blokkert?\">Hva gj\u00f8r jeg hvis 22Bet-nettstedet er blokkert?<\/a><\/li><li class='ez-toc-page-1'><a class=\"ez-toc-link ez-toc-heading-3\" href=\"https:\/\/xxbet-company.com\/nb\/official-site\/#Payment_systems_on_22Bet_website\" title=\"Betalingssystemer p\u00e5 22Bet-nettstedet\">Betalingssystemer p\u00e5 22Bet-nettstedet<\/a><\/li><\/ul><\/nav><\/div>\n\n<p>De <a href=\"https:\/\/xxbet-company.com\/nb\/\" class=\"rank-math-link\">22Bet<\/a> nettstedet er balansert, er det ingen un\u00f8dvendige detaljer som vil distrahere oppmerksomheten. Navigasjonen er enkel og grei - kolonnen til venstre inneholder sportene du kan satse p\u00e5, og midten av siden er viet til de n\u00e5v\u00e6rende sjansene for de viktigste spillene og begivenhetene. Kupongen er til h\u00f8yre, s\u00e5 alt du trenger \u00e5 gj\u00f8re er \u00e5 fylle ut feltene. Dermed tilbyr hjemmesiden full tilgang til alle n\u00f8dvendige handlinger uten behov for grundig s\u00f8k.<\/p>\n\n\n\n<figure class=\"wp-block-image size-full\"><img loading=\"lazy\" width=\"1358\" height=\"724\" src=\"https:\/\/xxbet-company.com\/wp-content\/uploads\/2021\/05\/22bet-site-en.png\" alt=\"22bet website\" class=\"wp-image-73\" srcset=\"https:\/\/xxbet-company.com\/wp-content\/uploads\/2021\/05\/22bet-site-en.png 1358w, https:\/\/xxbet-company.com\/wp-content\/uploads\/2021\/05\/22bet-site-en-300x160.png 300w, https:\/\/xxbet-company.com\/wp-content\/uploads\/2021\/05\/22bet-site-en-1024x546.png 1024w, https:\/\/xxbet-company.com\/wp-content\/uploads\/2021\/05\/22bet-site-en-16x9.png 16w\" sizes=\"(max-width: 1358px) 100vw, 1358px\" title=\"\"><figcaption>Hjemmeside 22bet nettsted<\/figcaption><\/figure>\n\n\n\n<p>22Bet-nettstedet lastes raskt nok, det fryser ikke. Grensesnittet til selve spillelisten er vellykket, og i dette tilfellet er det viktig, fordi valg av spill er stort og lett \u00e5 finne - alle resultatene er delt inn i grupper, og du kan velge det du vil ha fra drop- ned-menyen. ... Som vanlig er dagens hovedhendelser fremhevet i en egen kolonne. Det er en stor seksjon om kasinoer og online spill.<\/p>\n\n\n\n<p>Nettstedet for sportsbetting er godt organisert slik at bes\u00f8kende raskt kan velge et arrangement og plassere et spill. Utformingen av nettstedet er enkel og kortfattet, men det er et pluss: det er ingen distraksjoner som bremser nettstedet.<\/p>\n\n\n\n<div class=\"wp-block-image\"><figure class=\"aligncenter size-full\"><img loading=\"lazy\" width=\"314\" height=\"602\" src=\"https:\/\/xxbet-company.com\/wp-content\/uploads\/2021\/05\/22bet-top-events.png\" alt=\"22bet online\" class=\"wp-image-107\" srcset=\"https:\/\/xxbet-company.com\/wp-content\/uploads\/2021\/05\/22bet-top-events.png 314w, https:\/\/xxbet-company.com\/wp-content\/uploads\/2021\/05\/22bet-top-events-156x300.png 156w, https:\/\/xxbet-company.com\/wp-content\/uploads\/2021\/05\/22bet-top-events-6x12.png 6w\" sizes=\"(max-width: 314px) 100vw, 314px\" title=\"\"><figcaption>Du kan satse p\u00e5 topparrangementer med ett klikk<\/figcaption><\/figure><\/div>\n\n\n\n<p>P\u00e5 hjemmesiden til 22 Bet com finner du et utvalg av de mest interessante sportsbegivenhetene, og i \u00f8vre h\u00f8yre hj\u00f8rne er det en kupong. P\u00e5 sidene er det informasjonsbannere: instruksjoner for \u00e5 installere bookmakerens mobilapplikasjon og selskapets underholdningstjenester. I kjelleren p\u00e5 siden kan du finne hjelpinformasjon. I overskriften p\u00e5 nettstedet tilbyr bookmakeren rask tilgang til hovedtjenestene til selskapet, det er seksjoner som:<\/p>\n\n\n\n<ul><li>linje;<\/li><li>bo;<\/li><li>kasino;<\/li><li>betalinger;<\/li><li>bonuser;<\/li><li>autorisasjon og registrering av klienter.<\/li><\/ul>\n\n\n\n<p>N\u00e5r vi snakker om 22Bets offisielle nettside, kan man ikke unnlate \u00e5 nevne underholdningsdelene p\u00e5 selskapets offisielle nettside. I tillegg til sportsbetting tilbyr bookmakeren \u00e5 bruke tid p\u00e5 \u00e5 bla gjennom forskjellige spilleautomater eller spill med live-forhandlere fra verdens beste leverand\u00f8rer.<\/p>\n\n\n\n<div class=\"wp-block-image\"><figure class=\"aligncenter size-full\"><img loading=\"lazy\" width=\"992\" height=\"622\" src=\"https:\/\/xxbet-company.com\/wp-content\/uploads\/2021\/05\/22bet-line-en.png\" alt=\"22 bet sport line\" class=\"wp-image-110\" srcset=\"https:\/\/xxbet-company.com\/wp-content\/uploads\/2021\/05\/22bet-line-en.png 992w, https:\/\/xxbet-company.com\/wp-content\/uploads\/2021\/05\/22bet-line-en-300x188.png 300w, https:\/\/xxbet-company.com\/wp-content\/uploads\/2021\/05\/22bet-line-en-16x10.png 16w\" sizes=\"(max-width: 992px) 100vw, 992px\" title=\"\"><figcaption>S\u00f8k enkelt etter arrangementer og spill p\u00e5 22Bet<\/figcaption><\/figure><\/div>\n\n\n\n<h2><span class=\"ez-toc-section\" id=\"22Bet_account\"><\/span><strong>22Bet-konto<\/strong><span class=\"ez-toc-section-end\"><\/span><\/h2>\n\n\n\n<p>Det offisielle nettstedet 22Bet skiller seg ut fra konkurrentene i sin raske lasting, enkle grensesnitt og brukervennlighet.<\/p>\n\n\n\n<p>Den personlige kontoen inneholder f\u00f8lgende funksjoner: avanserte innstillinger (utstyr i \u00f8vre h\u00f8yre hj\u00f8rne), systemmeldinger, samtaleh\u00e5ndtering, informasjon om gjeldende arbeidsspeil, nedlasting av applikasjonen til en PC og en mobiltelefon. De tre siste alternativene ligger \u00f8verst til venstre p\u00e5 hjemmesiden. I tillegg til den personlige kontoen, er det ogs\u00e5 et supportchatpanel (nederst til h\u00f8yre).<\/p>\n\n\n\n<h2><span class=\"ez-toc-section\" id=\"What_to_do_if_22Bet_website_is_blocked\"><\/span><strong>Hva gj\u00f8r jeg hvis 22Bet-nettstedet er blokkert?<\/strong><span class=\"ez-toc-section-end\"><\/span><\/h2>\n\n\n\n<p>For russiske spillere er nettstedet til 22Bet bookmakeren blokkert av Roskomnadzor. Hvis du vil spille p\u00e5 tjenesten, kan du bruke alternative metoder for \u00e5 omg\u00e5 blokkeringen. Vi anbefaler ikke \u00e5 bruke nettsteder til ulovlige bookmakere for \u00e5 satse.<\/p>\n\n\n\n<p>\u2753 Nettstedet er blokkert. Hvordan vedde p\u00e5 22Bet?<\/p>\n\n\n\n<p>Bruk en av f\u00f8lgende metoder:<\/p>\n\n\n\n<ul><li>nedlasting <a href=\"https:\/\/en.wikipedia.org\/wiki\/Tor_(anonymity_network)\" class=\"rank-math-link\" rel=\"nofollow noopener\" target=\"_blank\">TOR<\/a> nettleser,<\/li><li>bruk 22Bet <a href=\"https:\/\/xxbet-company.com\/nb\/access\/\" class=\"rank-math-link\">speil<\/a>,<\/li><li>endre proxy og port i tilkoblingsinnstillingene til anonym;<\/li><li>bruk en VPN for nettleseren.<\/li><\/ul>\n\n\n\n<div class=\"wp-block-image\"><figure class=\"aligncenter size-full\"><img loading=\"lazy\" width=\"1347\" height=\"611\" src=\"https:\/\/xxbet-company.com\/wp-content\/uploads\/2021\/05\/lk-22bet.png\" alt=\"\" class=\"wp-image-90\" srcset=\"https:\/\/xxbet-company.com\/wp-content\/uploads\/2021\/05\/lk-22bet.png 1347w, https:\/\/xxbet-company.com\/wp-content\/uploads\/2021\/05\/lk-22bet-300x136.png 300w, https:\/\/xxbet-company.com\/wp-content\/uploads\/2021\/05\/lk-22bet-1024x464.png 1024w, https:\/\/xxbet-company.com\/wp-content\/uploads\/2021\/05\/lk-22bet-16x7.png 16w\" sizes=\"(max-width: 1347px) 100vw, 1347px\" title=\"\"><figcaption>Ikke glem \u00e5 konfigurere kontoen din<\/figcaption><\/figure><\/div>\n\n\n\n<h2><span class=\"ez-toc-section\" id=\"Payment_systems_on_22Bet_website\"><\/span><strong>Betalingssystemer p\u00e5 22Bet-nettstedet<\/strong><span class=\"ez-toc-section-end\"><\/span><\/h2>\n\n\n\n<p>22BET arbeider n\u00f8ye for \u00e5 sikre at pengetransaksjonene dine er komfortable og raske. Du blir tilbudt en enorm liste over midler for \u00e5 fylle p\u00e5 kontoen din, og uttak utf\u00f8res s\u00e5 raskt som mulig. Videre er alle transaksjoner helt trygge og beskyttet av multippel elektronisk kryptering.<\/p>\n\n\n\n<p>Uttaksforesp\u00f8rsler behandles d\u00f8gnet rundt. Du kan bare ta ut midler ved hjelp av samme betalingsm\u00e5te som ble brukt til \u00e5 sette inn penger p\u00e5 kontoen din. Hvis du bruker forskjellige innskuddsmetoder, b\u00f8r uttak v\u00e6re proporsjonalt med investeringene som gj\u00f8res ved hjelp av denne metoden.<\/p>\n\n\n\n<div class=\"wp-block-image\"><figure class=\"aligncenter size-full\"><img loading=\"lazy\" width=\"769\" height=\"473\" src=\"https:\/\/xxbet-company.com\/wp-content\/uploads\/2021\/05\/22bet-payment.png\" alt=\"Payment on 22Bet\" class=\"wp-image-114\" srcset=\"https:\/\/xxbet-company.com\/wp-content\/uploads\/2021\/05\/22bet-payment.png 769w, https:\/\/xxbet-company.com\/wp-content\/uploads\/2021\/05\/22bet-payment-300x185.png 300w, https:\/\/xxbet-company.com\/wp-content\/uploads\/2021\/05\/22bet-payment-16x10.png 16w\" sizes=\"(max-width: 769px) 100vw, 769px\" title=\"\"><figcaption>Popul\u00e6re betalingssystemer p\u00e5 22Bet-nettstedet<\/figcaption><\/figure><\/div>","protected":false},"excerpt":{"rendered":"<p>The 22Bet website is balanced, there are no unnecessary details that would distract attention. The navigation is simple and straightforward &#8211; the column on the left contains the sports you can bet on, and the center of the page is dedicated to the current chances of the most important games and events. The coupon is <a href=\"https:\/\/xxbet-company.com\/nb\/official-site\/\" class=\"more-link\">&#8230;<\/a><\/p>","protected":false},"author":1,"featured_media":0,"parent":0,"menu_order":0,"comment_status":"closed","ping_status":"closed","template":"","meta":[],"amp_enabled":true,"_links":{"self":[{"href":"https:\/\/xxbet-company.com\/nb\/wp-json\/wp\/v2\/pages\/57"}],"collection":[{"href":"https:\/\/xxbet-company.com\/nb\/wp-json\/wp\/v2\/pages"}],"about":[{"href":"https:\/\/xxbet-company.com\/nb\/wp-json\/wp\/v2\/types\/page"}],"author":[{"embeddable":true,"href":"https:\/\/xxbet-company.com\/nb\/wp-json\/wp\/v2\/users\/1"}],"replies":[{"embeddable":true,"href":"https:\/\/xxbet-company.com\/nb\/wp-json\/wp\/v2\/comments?post=57"}],"version-history":[{"count":0,"href":"https:\/\/xxbet-company.com\/nb\/wp-json\/wp\/v2\/pages\/57\/revisions"}],"wp:attachment":[{"href":"https:\/\/xxbet-company.com\/nb\/wp-json\/wp\/v2\/media?parent=57"}],"curies":[{"name":"wp","href":"https:\/\/api.w.org\/{rel}","templated":true}]}}