{"id":16,"date":"2021-05-05T15:37:18","date_gmt":"2021-05-05T12:37:18","guid":{"rendered":"https:\/\/xxbet-company.com\/?page_id=16"},"modified":"2021-05-17T16:06:19","modified_gmt":"2021-05-17T13:06:19","slug":"22bet-online-sports-betting-and-best-odds","status":"publish","type":"page","link":"https:\/\/xxbet-company.com\/pl\/","title":{"rendered":"22Bet &#8211; the best conditions for betting"},"content":{"rendered":"<div id=\"ez-toc-container\" class=\"ez-toc-v2_0_34 counter-flat ez-toc-counter ez-toc-transparent ez-toc-container-direction\">\n<div class=\"ez-toc-title-container\">\n<p class=\"ez-toc-title\">Spis tre\u015bci<\/p>\n<span class=\"ez-toc-title-toggle\"><\/span><\/div>\n<nav><ul class='ez-toc-list ez-toc-list-level-1'><li class='ez-toc-page-1'><a class=\"ez-toc-link ez-toc-heading-1\" href=\"https:\/\/xxbet-company.com\/pl\/#Pros_of_22bet\" title=\"Zalety 22bet\">Zalety 22bet<\/a><\/li><li class='ez-toc-page-1'><a class=\"ez-toc-link ez-toc-heading-2\" href=\"https:\/\/xxbet-company.com\/pl\/#Registration_and_bonuses_at_22Bet\" title=\"Rejestracja i bonusy w 22Bet\">Rejestracja i bonusy w 22Bet<\/a><\/li><li class='ez-toc-page-1'><a class=\"ez-toc-link ez-toc-heading-3\" href=\"https:\/\/xxbet-company.com\/pl\/#Line_and_painting\" title=\"Linia\">Linia<\/a><\/li><li class='ez-toc-page-1'><a class=\"ez-toc-link ez-toc-heading-4\" href=\"https:\/\/xxbet-company.com\/pl\/#Mobile_app_22Bet\" title=\"Aplikacja mobilna 22Bet\">Aplikacja mobilna 22Bet<\/a><\/li><li class='ez-toc-page-1'><a class=\"ez-toc-link ez-toc-heading-5\" href=\"https:\/\/xxbet-company.com\/pl\/#Deposit_and_withdrawal_of_money\" title=\"22Bet metody p\u0142atno\u015bci \u2014 wp\u0142aty i wyp\u0142aty\">22Bet metody p\u0142atno\u015bci \u2014 wp\u0142aty i wyp\u0142aty<\/a><\/li><li class='ez-toc-page-1'><a class=\"ez-toc-link ez-toc-heading-6\" href=\"https:\/\/xxbet-company.com\/pl\/#22Bet_Support\" title=\"22Bet Support\">22Bet Support<\/a><\/li><\/ul><\/nav><\/div>\n\n<p>Bukmacher 22Bet zosta\u0142 za\u0142o\u017cony w 2017 roku w Wielkiej Brytanii, a jego g\u0142\u00f3wna siedziba znajduje si\u0119 na Cyprze. 22Bet dzia\u0142a na oficjalnej licencji z Curacao, a tak\u017ce posiada lokalne licencje w wielu krajach afryka\u0144skich, takich jak Nigeria i Kenia. Marka rozszerzy\u0142a swoj\u0105 s\u0142aw\u0119 dzi\u0119ki dodaniu by\u0142ych pi\u0142karzy Nuno Gomes i Kevin Kuranyi jako ambasador\u00f3w. W tej recenzji 22Bet dowiesz si\u0119 wszystkiego o wysokich kursach bukmachera, szerokim wyborze metod p\u0142atno\u015bci oraz bardzo atrakcyjnych i op\u0142acalnych promocjach.<\/p>\n\n\n\n<figure class=\"wp-block-image size-full\"><img loading=\"lazy\" width=\"1358\" height=\"724\" src=\"https:\/\/xxbet-company.com\/wp-content\/uploads\/2021\/05\/22bet-site-en.png\" alt=\"Official site 22Bet\" class=\"wp-image-73\" srcset=\"https:\/\/xxbet-company.com\/wp-content\/uploads\/2021\/05\/22bet-site-en.png 1358w, https:\/\/xxbet-company.com\/wp-content\/uploads\/2021\/05\/22bet-site-en-300x160.png 300w, https:\/\/xxbet-company.com\/wp-content\/uploads\/2021\/05\/22bet-site-en-1024x546.png 1024w, https:\/\/xxbet-company.com\/wp-content\/uploads\/2021\/05\/22bet-site-en-16x9.png 16w\" sizes=\"(max-width: 1358px) 100vw, 1358px\" title=\"\"><figcaption>Oficjalna strona 22Bet<\/figcaption><\/figure>\n\n\n\n<h2><span class=\"ez-toc-section\" id=\"Pros_of_22bet\"><\/span><strong>Zalety 22bet<\/strong><span class=\"ez-toc-section-end\"><\/span><\/h2>\n\n\n\n<ul><li>40+ dost\u0119pnych dyscyplin sportowych<\/li><li>ponad 2,000 wydarze\u0144 przedmeczowych dziennie<\/li><li>95% wyp\u0142ata w 5 najlepszych ligach<\/li><li>450+ zak\u0142ad\u00f3w pobocznych<\/li><li>natychmiastowa wyp\u0142ata<\/li><li>Liczne transmisje na \u017cywo<\/li><li>Szybka oferta \/ Edytuj moj\u0105 ofert\u0119<\/li><li>Aplikacje mobilne<\/li><li>100+ metod p\u0142atno\u015bci<\/li><\/ul>\n\n\n\n<h2><span class=\"ez-toc-section\" id=\"Registration_and_bonuses_at_22Bet\"><\/span><strong>Rejestracja i bonusy w 22Bet<\/strong><span class=\"ez-toc-section-end\"><\/span><\/h2>\n\n\n\n<p>Nowi klienci mog\u0105 liczy\u0107 na 122\u20ac przy pierwszej wp\u0142acie na konto zak\u0142ad\u00f3w sportowych i 300\u20ac przy wp\u0142acie na konto kasyna, a tak\u017ce 50\u20ac bonusu przy powt\u00f3rnych wp\u0142atach. 22bet mo\u017cna zaliczy\u0107 do nowej fali bukmacher\u00f3w, kt\u00f3rych jest teraz wielu i jak zwykle w swoim oprogramowaniu przypomina jednego z lider\u00f3w rynku. Bardzo szybki, ale nie t\u0119czowy design, ogromny <a href=\"https:\/\/en.wikipedia.org\/wiki\/Payment_system#:~:text=A%20payment%20system%20is%20any,that%20make%20its%20exchange%20possible.\" class=\"rank-math-link\" rel=\"nofollow noopener\" target=\"_blank\">wyb\u00f3r metod p\u0142atno\u015bci<\/a>\u015aredni kurs rynkowy i niesko\u0144czony spread - tak w skr\u00f3cie mo\u017cna podsumowa\u0107 22bet.<\/p>\n\n\n\n<h2><span class=\"ez-toc-section\" id=\"Line_and_painting\"><\/span><strong>Linia<\/strong><span class=\"ez-toc-section-end\"><\/span><\/h2>\n\n\n\n<p>Sekcja zak\u0142ad\u00f3w sportowych w 22Bet oferuje 95% + wyp\u0142aty w najwa\u017cniejszych dyscyplinach sportowych, takich jak pi\u0142ka no\u017cna, koszyk\u00f3wka i tenis.<\/p>\n\n\n\n<p>Internetowy bukmacher 22Bet oferuje ponad 60.000 wydarze\u0144 przedmeczowych miesi\u0119cznie z ponad 40 dyscyplin sportowych. Bukmacher oferuje r\u00f3wnie\u017c ponad 450 zak\u0142ad\u00f3w pobocznych na ka\u017cdy mecz pi\u0142karski, takich jak remis w kt\u00f3rejkolwiek z po\u0142\u00f3wek, zak\u0142ady totalizatora i wiele innych. Fani koszyk\u00f3wki i tenisa znajd\u0105 wiele alternatywnych wydarze\u0144, a tak\u017ce ponad 100 egzotycznych zak\u0142ad\u00f3w, takich jak zak\u0142ady okresowe, 1. i 2. po\u0142owa oraz wy\u015bcig do okre\u015blonych punkt\u00f3w. Funkcje takie jak \"Edytuj zak\u0142ad\" i \"Zak\u0142ad odkupu\" pozwalaj\u0105 na obstawianie zak\u0142ad\u00f3w na pieni\u0105dze online prawie bez ryzyka, co szczeg\u00f3lnie spodoba si\u0119 pocz\u0105tkuj\u0105cym graczom.<\/p>\n\n\n\n<figure class=\"wp-block-image size-full\"><img loading=\"lazy\" width=\"1040\" height=\"725\" src=\"https:\/\/xxbet-company.com\/wp-content\/uploads\/2021\/05\/22bet-sport.png\" alt=\"22Bet sports\" class=\"wp-image-75\" srcset=\"https:\/\/xxbet-company.com\/wp-content\/uploads\/2021\/05\/22bet-sport.png 1040w, https:\/\/xxbet-company.com\/wp-content\/uploads\/2021\/05\/22bet-sport-300x209.png 300w, https:\/\/xxbet-company.com\/wp-content\/uploads\/2021\/05\/22bet-sport-1024x714.png 1024w, https:\/\/xxbet-company.com\/wp-content\/uploads\/2021\/05\/22bet-sport-16x12.png 16w\" sizes=\"(max-width: 1040px) 100vw, 1040px\" title=\"\"><figcaption>Wszystkie najwa\u017cniejsze wydarzenia w 22Bet<\/figcaption><\/figure>\n\n\n\n<p>Sekcja zak\u0142ad\u00f3w w 22Bet Live jest bardziej ni\u017c konkurencyjna, oferuj\u0105c ponad 1000 wydarze\u0144 na \u017cywo miesi\u0119cznie z szerokiej gamy dyscyplin sportowych. Opr\u00f3cz g\u0142\u00f3wnych sport\u00f3w, gracze mog\u0105 obstawia\u0107 do\u015b\u0107 egzotyczne dyscypliny: wy\u015bcigi konne, krykiet i unihokej. Na wszystkich g\u0142\u00f3wnych rynkach gracze mog\u0105 liczy\u0107 na wyp\u0142aty powy\u017cej \u015bredniej 95%, a do ka\u017cdego meczu pi\u0142karskiego dost\u0119pnych jest ponad 250 zak\u0142ad\u00f3w pobocznych, takich jak handicapy azjatyckie i totale, nast\u0119pna bramka i kt\u00f3ra dru\u017cyna strzeli ostatni\u0105 bramk\u0119.<\/p>\n\n\n\n<p>Live Stream od 22Bet zawiera wiele mecz\u00f3w z najlepszych lig, takich jak Serie A, La Liga i Bundesliga, a tak\u017ce funkcj\u0119 Multi Live.<\/p>\n\n\n\n<h2><span class=\"ez-toc-section\" id=\"Mobile_app_22Bet\"><\/span><strong>Aplikacja mobilna 22Bet<\/strong><span class=\"ez-toc-section-end\"><\/span><\/h2>\n\n\n\n<p>W 22Bet mobile app mo\u017cesz obstawia\u0107 zak\u0142ady nie tylko na stronie internetowej, ale tak\u017ce w aplikacji na urz\u0105dzenia z systemem Android i iOS, a tak\u017ce za pomoc\u0105 zoptymalizowanej strony mobilnej.<\/p>\n\n\n\n<p>Jeszcze \u0142atwiej i wygodniej jest obstawia\u0107 zak\u0142ady za po\u015brednictwem wersji mobilnej. Pod wzgl\u0119dem funkcjonalno\u015bci w \u017caden spos\u00f3b nie ust\u0119puje ona stronie g\u0142\u00f3wnej. Aplikacja mobilna 22Bet mobile app, stworzona na urz\u0105dzenia z systemem Android oraz IOS, pozwala u\u017cytkownikom na:<\/p>\n\n\n\n<ul><li>obstawiaj zak\u0142ady na wydarzenia Live, linie i 22Bet super express;<\/li><li>dodaj ulubione wydarzenia do ulubionych;<\/li><li>studiowa\u0107 statystyki sportowe i wyniki mecz\u00f3w;<\/li><li>aktywuj kody promocyjne w dziale i wygraj jeszcze wi\u0119cej;<\/li><li>do\u0142aduj swoje konto wszystkimi popularnymi metodami p\u0142atno\u015bci;<\/li><li>pomoc w kontaktach.<\/li><\/ul>\n\n\n\n<figure class=\"wp-block-image size-full\"><img loading=\"lazy\" width=\"833\" height=\"511\" src=\"https:\/\/xxbet-company.com\/wp-content\/uploads\/2021\/05\/22bet-mob-en.png\" alt=\"22Bet mobile\" class=\"wp-image-78\" srcset=\"https:\/\/xxbet-company.com\/wp-content\/uploads\/2021\/05\/22bet-mob-en.png 833w, https:\/\/xxbet-company.com\/wp-content\/uploads\/2021\/05\/22bet-mob-en-300x184.png 300w, https:\/\/xxbet-company.com\/wp-content\/uploads\/2021\/05\/22bet-mob-en-16x10.png 16w\" sizes=\"(max-width: 833px) 100vw, 833px\" title=\"\"><figcaption>Aplikacja mobilna 22Bet<\/figcaption><\/figure>\n\n\n\n<p><a href=\"https:\/\/xxbet-company.com\/pl\/app\/\" class=\"rank-math-link\">Aby pobra\u0107 22Bet mobile app za darmo<\/a> na swoim urz\u0105dzeniu mobilnym, nale\u017cy wykona\u0107 kilka prostych krok\u00f3w - ca\u0142a procedura instalacji trwa 2 minuty.<\/p>\n\n\n\n<h2><span class=\"ez-toc-section\" id=\"Deposit_and_withdrawal_of_money\"><\/span><strong>22Bet metody p\u0142atno\u015bci \u2014 wp\u0142aty i wyp\u0142aty<\/strong><span class=\"ez-toc-section-end\"><\/span><\/h2>\n\n\n\n<p>Gracze mog\u0105 zasili\u0107 swoje konto za pomoc\u0105 ponad 100 metod p\u0142atno\u015bci. Opr\u00f3cz popularnych, takich jak karty, przelewy bankowe i e-wallety, w gr\u0119 wchodz\u0105 r\u00f3wnie\u017c lokalne systemy, takie jak Qiwi i Yandex, a tak\u017ce szeroka gama kryptowalut. Wyp\u0142aty s\u0105 realizowane w ci\u0105gu kilku minut, zw\u0142aszcza je\u015bli chodzi o e-wallety i kryptowaluty.<\/p>\n\n\n\n<h2><span class=\"ez-toc-section\" id=\"22Bet_Support\"><\/span><strong>22Bet Support<\/strong><span class=\"ez-toc-section-end\"><\/span><\/h2>\n\n\n\n<p>Obs\u0142uga klienta 22BET jest do Twojej dyspozycji 24 godziny na dob\u0119, 7 dni w tygodniu. Mo\u017cesz skorzysta\u0107 z czatu online na naszej stronie internetowej lub skontaktowa\u0107 si\u0119 z nami za po\u015brednictwem poczty elektronicznej. Pe\u0142na lista sposob\u00f3w kontaktu z 22BET znajduje si\u0119 na stronie KONTAKTY. W ka\u017cdej chwili ch\u0119tnie wys\u0142uchamy Twoich pyta\u0144 i sugestii.<\/p>\n\n\n\n<figure class=\"wp-block-table\"><table><tbody><tr><td>Godziny otwarcia<\/td><td>24\/7<\/td><\/tr><tr><td>Jak si\u0119 skontaktowa\u0107<\/td><td>e-mail, telefon, czat online<\/td><\/tr><tr><td>Adres e-mail<\/td><td>support-en@22bet.com<\/td><\/tr><tr><td>Dost\u0119pne j\u0119zyki<\/td><td>Rosyjski, azerbejd\u017ca\u0144ski, hiszpa\u0144ski, japo\u0144ski, niemiecki, angielski, polski itd.<\/td><\/tr><\/tbody><\/table><\/figure>","protected":false},"excerpt":{"rendered":"<p>Bookmaker 22Bet was founded in 2017 in the UK and is headquartered in Cyprus. 22Bet operates under an official license from Curacao and also has local licenses in many African countries such as Nigeria and Kenya. The brand expanded its notoriety with the addition of former footballers Nuno Gomes and Kevin Kuranyi as ambassadors. This <a href=\"https:\/\/xxbet-company.com\/pl\/\" class=\"more-link\">&#8230;<\/a><\/p>","protected":false},"author":1,"featured_media":0,"parent":0,"menu_order":0,"comment_status":"closed","ping_status":"closed","template":"","meta":[],"amp_enabled":true,"_links":{"self":[{"href":"https:\/\/xxbet-company.com\/pl\/wp-json\/wp\/v2\/pages\/16"}],"collection":[{"href":"https:\/\/xxbet-company.com\/pl\/wp-json\/wp\/v2\/pages"}],"about":[{"href":"https:\/\/xxbet-company.com\/pl\/wp-json\/wp\/v2\/types\/page"}],"author":[{"embeddable":true,"href":"https:\/\/xxbet-company.com\/pl\/wp-json\/wp\/v2\/users\/1"}],"replies":[{"embeddable":true,"href":"https:\/\/xxbet-company.com\/pl\/wp-json\/wp\/v2\/comments?post=16"}],"version-history":[{"count":0,"href":"https:\/\/xxbet-company.com\/pl\/wp-json\/wp\/v2\/pages\/16\/revisions"}],"wp:attachment":[{"href":"https:\/\/xxbet-company.com\/pl\/wp-json\/wp\/v2\/media?parent=16"}],"curies":[{"name":"wp","href":"https:\/\/api.w.org\/{rel}","templated":true}]}}