{"id":43,"date":"2021-05-07T00:58:22","date_gmt":"2021-05-06T21:58:22","guid":{"rendered":"https:\/\/xxbet-company.com\/?page_id=43"},"modified":"2021-05-17T12:52:43","modified_gmt":"2021-05-17T09:52:43","slug":"access","status":"publish","type":"page","link":"https:\/\/xxbet-company.com\/pl\/access\/","title":{"rendered":"22Bet mirror"},"content":{"rendered":"<div id=\"ez-toc-container\" class=\"ez-toc-v2_0_34 counter-flat ez-toc-counter ez-toc-transparent ez-toc-container-direction\">\n<div class=\"ez-toc-title-container\">\n<p class=\"ez-toc-title\">Spis tre\u015bci<\/p>\n<span class=\"ez-toc-title-toggle\"><\/span><\/div>\n<nav><ul class='ez-toc-list ez-toc-list-level-1'><li class='ez-toc-page-1'><a class=\"ez-toc-link ez-toc-heading-1\" href=\"https:\/\/xxbet-company.com\/pl\/access\/#Why_use_22Bet_mirror\" title=\"Dlaczego warto skorzysta\u0107 z 22Bet mirror?\">Dlaczego warto skorzysta\u0107 z 22Bet mirror?<\/a><\/li><li class='ez-toc-page-1'><a class=\"ez-toc-link ez-toc-heading-2\" href=\"https:\/\/xxbet-company.com\/pl\/access\/#How_to_find_a_22bet_working_mirror\" title=\"Jak znale\u017a\u0107 dzia\u0142aj\u0105ce lustro 22bet?\">Jak znale\u017a\u0107 dzia\u0142aj\u0105ce lustro 22bet?<\/a><\/li><\/ul><\/nav><\/div>\n\n<p>W wielu krajach cz\u0119sto zdarza si\u0119, \u017ce strony z grami hazardowymi i zak\u0142adami sportowymi s\u0105 blokowane. Entuzja\u015bci zak\u0142ad\u00f3w sportowych s\u0105 ju\u017c przyzwyczajeni do tego problemu. Na szcz\u0119\u015bcie jest na to rozwi\u0105zanie: u\u017cyj lustra 22Bet, aby obej\u015b\u0107 blokady. Wyja\u015bnimy, czym jest strona lustrzana oraz jak znale\u017a\u0107 i u\u017cywa\u0107 mirror 22Bet.<\/p>\n\n\n\n<div class=\"wp-block-image\"><figure class=\"aligncenter size-full\"><img loading=\"lazy\" width=\"1369\" height=\"721\" src=\"https:\/\/xxbet-company.com\/wp-content\/uploads\/2021\/05\/22bet-mirror.png\" alt=\"22Bet mirror website\" class=\"wp-image-132\" srcset=\"https:\/\/xxbet-company.com\/wp-content\/uploads\/2021\/05\/22bet-mirror.png 1369w, https:\/\/xxbet-company.com\/wp-content\/uploads\/2021\/05\/22bet-mirror-300x158.png 300w, https:\/\/xxbet-company.com\/wp-content\/uploads\/2021\/05\/22bet-mirror-1024x539.png 1024w, https:\/\/xxbet-company.com\/wp-content\/uploads\/2021\/05\/22bet-mirror-16x8.png 16w\" sizes=\"(max-width: 1369px) 100vw, 1369px\" title=\"\"><figcaption>Zak\u0142ady sportowe, statystyki i wyniki - na lustrze 22Bet<\/figcaption><\/figure><\/div>\n\n\n\n<p>Mirror 22bet to ta sama strona, co projekt oficjalnego bukmachera online <a href=\"https:\/\/xxbet-company.com\/pl\/official-site\/\" class=\"rank-math-link\">22bet com<\/a>, z tymi samymi liniami zak\u0142ad\u00f3w, kursami, sekcjami, struktur\u0105 i wygl\u0105dem, ale z jedn\u0105 r\u00f3\u017cnic\u0105 - znajduje si\u0119 pod innym adresem.<\/p>\n\n\n\n<p>22Bet mirror udost\u0119pnia u\u017cytkownikowi te same cechy i funkcjonalno\u015bci, co oficjalny portal. G\u0142\u00f3wn\u0105 i jedyn\u0105 r\u00f3\u017cnic\u0105 pomi\u0119dzy 22Bet mirror a oficjaln\u0105 stron\u0105 bukmachera jest to, \u017ce mirror znajduje si\u0119 pod innym adresem internetowym, kt\u00f3ry jest widoczny w pasku adresu przegl\u0105darki.<\/p>\n\n\n\n<h2><span class=\"ez-toc-section\" id=\"Why_use_22Bet_mirror\"><\/span><strong>Dlaczego warto skorzysta\u0107 z 22Bet mirror?<\/strong><span class=\"ez-toc-section-end\"><\/span><\/h2>\n\n\n\n<p>Tworz\u0105c mirrory bukmacher\u00f3w dzia\u0142aj\u0105cych w Internecie, zwykle d\u0105\u017c\u0105 do kilku cel\u00f3w i za\u0142o\u017ce\u0144:<\/p>\n\n\n\n<ul><li>Zapewnienie szerszego dost\u0119pu do terenu.<\/li><li>Zmniejszenie obci\u0105\u017cenia serwera g\u0142\u00f3wnego projektu.<\/li><li>Obchodzenie r\u00f3\u017cnego rodzaju ogranicze\u0144 (blokad) dost\u0119pu do oficjalnego zasobu.<\/li><\/ul>\n\n\n\n<p>Wszystko po to, aby zapewni\u0107 u\u017cytkownikom sta\u0142y i stabilny dost\u0119p do portalu online operatora gier hazardowych, co jest niezwykle wa\u017cne w dziedzinie zak\u0142ad\u00f3w i bukmacherki.<\/p>\n\n\n\n<p>Aby zapewni\u0107 dost\u0119p swoim u\u017cytkownikom i stabilne dzia\u0142anie biura bukmachera, stworzone zosta\u0142y aktualne mirrory 22bet, do kt\u00f3rych logujemy si\u0119 z innych adres\u00f3w internetowych.<\/p>\n\n\n\n<p>Po zapoznaniu si\u0119 z powy\u017cszym, ka\u017cdy zadaje pytanie: \"Gdzie mog\u0119 znale\u017a\u0107 mirror 22beta?\". Nie jest \u0142atwo odpowiedzie\u0107 na to pytanie, poniewa\u017c mirrory bukmacher\u00f3w trudno znale\u017a\u0107 w domenie publicznej, w przeciwnym razie jaki jest sens w takim alternatywnym adresie. Je\u017celi mirrory s\u0105 og\u00f3lnodost\u0119pne, to r\u00f3wnie\u017c one szybko zwr\u00f3c\u0105 uwag\u0119 odpowiednich organ\u00f3w i zostan\u0105 zablokowane.<\/p>\n\n\n\n<h2><span class=\"ez-toc-section\" id=\"How_to_find_a_22bet_working_mirror\"><\/span><strong>Jak znale\u017a\u0107 dzia\u0142aj\u0105ce lustro 22bet?<\/strong><span class=\"ez-toc-section-end\"><\/span><\/h2>\n\n\n\n<p>Istnieje kilka sposob\u00f3w na znalezienie lustra 22bet:<\/p>\n\n\n\n<ul><li>Skontaktuj si\u0119 z pomoc\u0105 techniczn\u0105, korzystaj\u0105c z wcze\u015bniej zapisanych kontakt\u00f3w.<\/li><li>Poszukaj informacji na specjalistycznych forach i dyskusjach.<\/li><li>Kontaktuj si\u0119 z oficjalnymi stronami bukmachera i sieciami spo\u0142eczno\u015bciowymi.<\/li><li>U\u017cyj <a href=\"https:\/\/en.wikipedia.org\/wiki\/Web_search_query\" class=\"rank-math-link\" rel=\"nofollow noopener\" target=\"_blank\">us\u0142ugi wyszukiwania<\/a> takich jak Yandex i Google.<\/li><\/ul>\n\n\n\n<p>Og\u00f3lnie rzecz bior\u0105c, nie musisz szuka\u0107 lustra, aby uzyska\u0107 dost\u0119p do zablokowanej strony, wystarczy zmieni\u0107 adres ip na inny kraj, u\u017cywa\u0107 serwer\u00f3w proxy, anonimizator\u00f3w, system\u00f3w vpn itp. Jest to jednak bardziej zaawansowany spos\u00f3b i wymaga pewnych umiej\u0119tno\u015bci. Je\u015bli jest to trudne, najlepiej u\u017cy\u0107 duplikat\u00f3w mirror\u00f3w.<\/p>","protected":false},"excerpt":{"rendered":"<p>W wielu krajach cz\u0119sto zdarza si\u0119, \u017ce strony z grami hazardowymi i zak\u0142adami sportowymi s\u0105 blokowane. Entuzja\u015bci zak\u0142ad\u00f3w sportowych s\u0105 ju\u017c przyzwyczajeni do tego problemu. Na szcz\u0119\u015bcie jest na to rozwi\u0105zanie: u\u017cyj lustra 22Bet, aby obej\u015b\u0107 blokady. Wyja\u015bnimy, czym jest strona lustrzana oraz jak znale\u017a\u0107 i u\u017cywa\u0107 mirror 22Bet. <a href=\"https:\/\/xxbet-company.com\/pl\/access\/\" class=\"more-link\">&#8230;<\/a><\/p>","protected":false},"author":1,"featured_media":0,"parent":0,"menu_order":0,"comment_status":"closed","ping_status":"closed","template":"","meta":[],"amp_enabled":true,"_links":{"self":[{"href":"https:\/\/xxbet-company.com\/pl\/wp-json\/wp\/v2\/pages\/43"}],"collection":[{"href":"https:\/\/xxbet-company.com\/pl\/wp-json\/wp\/v2\/pages"}],"about":[{"href":"https:\/\/xxbet-company.com\/pl\/wp-json\/wp\/v2\/types\/page"}],"author":[{"embeddable":true,"href":"https:\/\/xxbet-company.com\/pl\/wp-json\/wp\/v2\/users\/1"}],"replies":[{"embeddable":true,"href":"https:\/\/xxbet-company.com\/pl\/wp-json\/wp\/v2\/comments?post=43"}],"version-history":[{"count":0,"href":"https:\/\/xxbet-company.com\/pl\/wp-json\/wp\/v2\/pages\/43\/revisions"}],"wp:attachment":[{"href":"https:\/\/xxbet-company.com\/pl\/wp-json\/wp\/v2\/media?parent=43"}],"curies":[{"name":"wp","href":"https:\/\/api.w.org\/{rel}","templated":true}]}}