{"id":47,"date":"2021-05-07T01:05:57","date_gmt":"2021-05-06T22:05:57","guid":{"rendered":"https:\/\/xxbet-company.com\/?page_id=47"},"modified":"2021-05-17T13:06:36","modified_gmt":"2021-05-17T10:06:36","slug":"reviews","status":"publish","type":"page","link":"https:\/\/xxbet-company.com\/pl\/reviews\/","title":{"rendered":"22Bet review"},"content":{"rendered":"<div id=\"ez-toc-container\" class=\"ez-toc-v2_0_34 counter-flat ez-toc-counter ez-toc-transparent ez-toc-container-direction\">\n<div class=\"ez-toc-title-container\">\n<p class=\"ez-toc-title\">Spis tre\u015bci<\/p>\n<span class=\"ez-toc-title-toggle\"><\/span><\/div>\n<nav><ul class='ez-toc-list ez-toc-list-level-1'><li class='ez-toc-page-1'><a class=\"ez-toc-link ez-toc-heading-1\" href=\"https:\/\/xxbet-company.com\/pl\/reviews\/#Positive_feedback_from_players\" title=\"Pozytywne opinie graczy\">Pozytywne opinie graczy<\/a><\/li><li class='ez-toc-page-1'><a class=\"ez-toc-link ez-toc-heading-2\" href=\"https:\/\/xxbet-company.com\/pl\/reviews\/#Negative_22Bet_reviews\" title=\"Negatywne opinie o 22Bet \">Negatywne opinie o 22Bet <\/a><\/li><li class='ez-toc-page-1'><a class=\"ez-toc-link ez-toc-heading-3\" href=\"https:\/\/xxbet-company.com\/pl\/reviews\/#22Bet_reviews_feedback_on_withdrawing\" title=\"Opinie o 22Bet: opinie o wyp\u0142atach\">Opinie o 22Bet: opinie o wyp\u0142atach<\/a><\/li><\/ul><\/nav><\/div>\n\n<p>Recenzje 22Bet s\u0105 dost\u0119pne na r\u00f3\u017cnych stronach i analizowane. To pomo\u017ce Ci obiektywnie oceni\u0107 wady i zalety 22Bet.<\/p>\n\n\n\n<p><a href=\"https:\/\/xxbet-company.com\/pl\/\" class=\"rank-math-link\">22Bet jest super popularny <\/a>z do\u015bwiadczonymi graczami i entuzjastami zak\u0142ad\u00f3w sportowych. Prawdziwe opinie o bukmacherze pokazuj\u0105, jak bardzo jest on rzetelny i uczciwy. Przy wyborze biura bukmacherskiego bardzo wa\u017cne jest poznanie opinii sta\u0142ych graczy, aby nie straci\u0107 pieni\u0119dzy i zarobi\u0107 jak najwi\u0119cej. <\/p>\n\n\n\n<p>Mo\u017cesz r\u00f3wnie\u017c samemu zostawi\u0107 swoj\u0105 w\u0142asn\u0105 recenzj\u0119 bukmachera 22Bet. Administracja monitoruje swoj\u0105 reputacj\u0119, wi\u0119c je\u015bli co\u015b posz\u0142o nie tak, to na pewno zajm\u0105 si\u0119 moim problemem.<\/p>\n\n\n\n<h2><span class=\"ez-toc-section\" id=\"Positive_feedback_from_players\"><\/span><strong>Pozytywne opinie graczy<\/strong><span class=\"ez-toc-section-end\"><\/span><\/h2>\n\n\n\n<p>Analiza otwartych recenzji doprowadzi\u0142a do wniosku, \u017ce stali u\u017cytkownicy Betwinnera szczeg\u00f3lnie sobie ceni\u0105:<\/p>\n\n\n\n<ul><li>du\u017cy wyb\u00f3r wydarze\u0144 i ich szczeg\u00f3\u0142owe relacje;<\/li><li>r\u00f3\u017cnorodne zak\u0142ady na \u017cywo;<\/li><li>wygodny i przemy\u015blany interfejs strony internetowej i aplikacji mobilnej;<\/li><li>Wysokiej jako\u015bci wsparcie, kt\u00f3re jest zawsze gotowe rozwi\u0105za\u0107 ka\u017cdy problem;<\/li><li>atrakcyjny program bonusowy, kt\u00f3ry pozwala na zwi\u0119kszenie wygranych;<\/li><li>niewielki minimalny depozyt, co jest szczeg\u00f3lnie popularne w\u015br\u00f3d pocz\u0105tkuj\u0105cych graczy.<\/li><\/ul>\n\n\n\n<p>Je\u015bli przestudiowa\u0107 fora i grupy tematyczne, to mo\u017cna zrozumie\u0107, \u017ce o 22Bet jest wi\u0119cej pozytywnych opinii. Wed\u0142ug opinii, najwa\u017cniejsz\u0105 zalet\u0105 bukmachera jest jego uczciwo\u015b\u0107. Nie by\u0142o ani jednego udowodnionego przypadku oszustwa ze strony tej platformy hazardowej.<\/p>\n\n\n\n<h2><span class=\"ez-toc-section\" id=\"Negative_22Bet_reviews\"><\/span>Negatywny <strong>22Bet opinie <\/strong><span class=\"ez-toc-section-end\"><\/span><\/h2>\n\n\n\n<p>W\u015br\u00f3d pozytywnych opinii o 22Bet s\u0105 te\u017c negatywne, ale to raczej wyj\u0105tek. Wi\u0119kszo\u015b\u0107 negatywnych opinii jest zwi\u0105zana z blokad\u0105 regionaln\u0105 (strony hazardowe s\u0105 cz\u0119sto blokowane w <a href=\"https:\/\/en.wikipedia.org\/wiki\/Commonwealth_of_Independent_States\" class=\"rank-math-link\" rel=\"nofollow noopener\" target=\"_blank\">wiele kraj\u00f3w WNP<\/a>), ale 22Bet monitoruje blokery i zawsze ma gotowy mirror, aby je omin\u0105\u0107.<\/p>\n\n\n\n<p>Dodatkowo, cz\u0119sto negatywnie komentowana jest konieczno\u015b\u0107 weryfikacji u\u017cytkownika, ale jest to powszechny wym\u00f3g wszystkich wi\u0119kszych firm bukmacherskich. Najcz\u0119stsz\u0105 negatywn\u0105 opini\u0105 jest to, \u017ce wyp\u0142ata du\u017cych wygranych trwa d\u0142ugo. Ale wyp\u0142ata du\u017cych wygranych zajmuje bukmacherowi sporo czasu. To nie zatrzyma pracy klubu hazardowego. Pozosta\u0142a cz\u0119\u015b\u0107 portalu jest w pe\u0142ni zadowolona z graczy.<\/p>\n\n\n\n<h2><span class=\"ez-toc-section\" id=\"22Bet_reviews_feedback_on_withdrawing\"><\/span><strong>22Bet<\/strong> recenzje<strong>: informacja zwrotna na temat wycofania si\u0119<\/strong><span class=\"ez-toc-section-end\"><\/span><\/h2>\n\n\n\n<p>Bukmacher to nie tylko okazja do hazardu, ale tak\u017ce bardzo realny spos\u00f3b na zarabianie pieni\u0119dzy. Dlatego te\u017c opinie graczy o uczciwo\u015bci i szybko\u015bci wyp\u0142aty wygranych s\u0105 bardzo wa\u017cne dla wszystkich innych.<\/p>\n\n\n\n<p>22Bet posiada standardowe zasady obrotu depozytami i wyp\u0142aty wygranych. Z regu\u0142y transakcje pieni\u0119\u017cne przeprowadzane s\u0105 na wysokim poziomie. Wszystkie wp\u0142aty dokonywane s\u0105 b\u0142yskawicznie, podobnie jak i wyp\u0142aty. Co prawda regulamin wskazuje, \u017ce wygrane wyp\u0142acane s\u0105 w ci\u0105gu dw\u00f3ch dni roboczych, ale z regu\u0142y transakcje odbywaj\u0105 si\u0119 szybciej - w ci\u0105gu kilku godzin. Je\u015bli wyst\u0119puje jakie\u015b op\u00f3\u017anienie, to jest ono bardzo rzadkie. Zazwyczaj dzieje si\u0119 tak z powodu b\u0142\u0119d\u00f3w w wype\u0142nianiu danych podczas rejestracji u\u017cytkownika. Dlatego wa\u017cne jest, aby dok\u0142adnie sprawdza\u0107 dane osobowe.<\/p>\n\n\n\n<p>Powiniene\u015b r\u00f3wnie\u017c pami\u0119ta\u0107, aby u\u017cywa\u0107 tego samego systemu p\u0142atno\u015bci dla wp\u0142at i wyp\u0142at. Jest to wa\u017cny wym\u00f3g, kt\u00f3ry pozwoli Ci zaoszcz\u0119dzi\u0107 czas w przysz\u0142o\u015bci.<\/p>","protected":false},"excerpt":{"rendered":"<p>22Bet reviews are available on various sites and analyzed. This will help you to objectively assess the pros and cons of 22Bet. 22Bet is super popular with experienced players and sports betting enthusiasts. Real reviews of the bookmaker show how reliable and honest it is. When choosing a bookmaker&#8217;s office, it is very important to <a href=\"https:\/\/xxbet-company.com\/pl\/reviews\/\" class=\"more-link\">&#8230;<\/a><\/p>","protected":false},"author":1,"featured_media":0,"parent":0,"menu_order":0,"comment_status":"closed","ping_status":"closed","template":"","meta":[],"amp_enabled":true,"_links":{"self":[{"href":"https:\/\/xxbet-company.com\/pl\/wp-json\/wp\/v2\/pages\/47"}],"collection":[{"href":"https:\/\/xxbet-company.com\/pl\/wp-json\/wp\/v2\/pages"}],"about":[{"href":"https:\/\/xxbet-company.com\/pl\/wp-json\/wp\/v2\/types\/page"}],"author":[{"embeddable":true,"href":"https:\/\/xxbet-company.com\/pl\/wp-json\/wp\/v2\/users\/1"}],"replies":[{"embeddable":true,"href":"https:\/\/xxbet-company.com\/pl\/wp-json\/wp\/v2\/comments?post=47"}],"version-history":[{"count":0,"href":"https:\/\/xxbet-company.com\/pl\/wp-json\/wp\/v2\/pages\/47\/revisions"}],"wp:attachment":[{"href":"https:\/\/xxbet-company.com\/pl\/wp-json\/wp\/v2\/media?parent=47"}],"curies":[{"name":"wp","href":"https:\/\/api.w.org\/{rel}","templated":true}]}}