{"id":57,"date":"2021-05-07T01:25:07","date_gmt":"2021-05-06T22:25:07","guid":{"rendered":"https:\/\/xxbet-company.com\/?page_id=57"},"modified":"2021-05-17T13:08:25","modified_gmt":"2021-05-17T10:08:25","slug":"official-site","status":"publish","type":"page","link":"https:\/\/xxbet-company.com\/pl\/official-site\/","title":{"rendered":"22Bet website"},"content":{"rendered":"<div id=\"ez-toc-container\" class=\"ez-toc-v2_0_34 counter-flat ez-toc-counter ez-toc-transparent ez-toc-container-direction\">\n<div class=\"ez-toc-title-container\">\n<p class=\"ez-toc-title\">Spis tre\u015bci<\/p>\n<span class=\"ez-toc-title-toggle\"><\/span><\/div>\n<nav><ul class='ez-toc-list ez-toc-list-level-1'><li class='ez-toc-page-1'><a class=\"ez-toc-link ez-toc-heading-1\" href=\"https:\/\/xxbet-company.com\/pl\/official-site\/#22Bet_account\" title=\"Konto 22Bet\">Konto 22Bet<\/a><\/li><li class='ez-toc-page-1'><a class=\"ez-toc-link ez-toc-heading-2\" href=\"https:\/\/xxbet-company.com\/pl\/official-site\/#What_to_do_if_22Bet_website_is_blocked\" title=\"Co zrobi\u0107, je\u015bli strona 22Bet jest zablokowana?\">Co zrobi\u0107, je\u015bli strona 22Bet jest zablokowana?<\/a><\/li><li class='ez-toc-page-1'><a class=\"ez-toc-link ez-toc-heading-3\" href=\"https:\/\/xxbet-company.com\/pl\/official-site\/#Payment_systems_on_22Bet_website\" title=\"Systemy p\u0142atno\u015bci na stronie 22Bet\">Systemy p\u0142atno\u015bci na stronie 22Bet<\/a><\/li><\/ul><\/nav><\/div>\n\n<p>Strona <a href=\"https:\/\/xxbet-company.com\/pl\/\" class=\"rank-math-link\">22Bet<\/a> Strona jest wywa\u017cona, nie ma na niej zb\u0119dnych szczeg\u00f3\u0142\u00f3w, kt\u00f3re rozprasza\u0142yby uwag\u0119. Nawigacja jest prosta i nieskomplikowana - w kolumnie po lewej stronie znajduj\u0105 si\u0119 dyscypliny sportowe, kt\u00f3re mo\u017cna obstawia\u0107, a \u015brodek strony po\u015bwi\u0119cony jest aktualnym szansom na najwa\u017cniejsze mecze i wydarzenia. Kupon znajduje si\u0119 po prawej stronie, wi\u0119c wszystko, co musisz zrobi\u0107, to wype\u0142ni\u0107 pola. W ten spos\u00f3b strona g\u0142\u00f3wna oferuje pe\u0142ny dost\u0119p do wszystkich niezb\u0119dnych dzia\u0142a\u0144 bez konieczno\u015bci dok\u0142adnego wyszukiwania.<\/p>\n\n\n\n<figure class=\"wp-block-image size-full\"><img loading=\"lazy\" width=\"1358\" height=\"724\" src=\"https:\/\/xxbet-company.com\/wp-content\/uploads\/2021\/05\/22bet-site-en.png\" alt=\"22bet website\" class=\"wp-image-73\" srcset=\"https:\/\/xxbet-company.com\/wp-content\/uploads\/2021\/05\/22bet-site-en.png 1358w, https:\/\/xxbet-company.com\/wp-content\/uploads\/2021\/05\/22bet-site-en-300x160.png 300w, https:\/\/xxbet-company.com\/wp-content\/uploads\/2021\/05\/22bet-site-en-1024x546.png 1024w, https:\/\/xxbet-company.com\/wp-content\/uploads\/2021\/05\/22bet-site-en-16x9.png 16w\" sizes=\"(max-width: 1358px) 100vw, 1358px\" title=\"\"><figcaption>Strona g\u0142\u00f3wna 22bet<\/figcaption><\/figure>\n\n\n\n<p>Strona 22Bet \u0142aduje si\u0119 do\u015b\u0107 szybko, nie zawiesza si\u0119. Sam interfejs listy gier jest udany, a w tym przypadku jest to wa\u017cne, poniewa\u017c wyb\u00f3r zak\u0142ad\u00f3w jest ogromny i \u0142atwy do znalezienia - wszystkie wyniki s\u0105 podzielone na grupy, a ty mo\u017cesz wybra\u0107 ten, kt\u00f3ry chcesz z rozwijanego menu. ... Jak zwykle, g\u0142\u00f3wne wydarzenia dnia s\u0105 wyr\u00f3\u017cnione w osobnej kolumnie. Jest te\u017c spora sekcja po\u015bwi\u0119cona kasynom i grom online.<\/p>\n\n\n\n<p>Strona zak\u0142ad\u00f3w sportowych jest dobrze zorganizowana, dzi\u0119ki czemu odwiedzaj\u0105cy mog\u0105 szybko wybra\u0107 wydarzenie i postawi\u0107 zak\u0142ad. Wygl\u0105d strony jest prosty i zwi\u0119z\u0142y, ale to akurat jest plusem: nie ma tu \u017cadnych element\u00f3w rozpraszaj\u0105cych, kt\u00f3re spowalnia\u0142yby dzia\u0142anie strony.<\/p>\n\n\n\n<div class=\"wp-block-image\"><figure class=\"aligncenter size-full\"><img loading=\"lazy\" width=\"314\" height=\"602\" src=\"https:\/\/xxbet-company.com\/wp-content\/uploads\/2021\/05\/22bet-top-events.png\" alt=\"22bet online\" class=\"wp-image-107\" srcset=\"https:\/\/xxbet-company.com\/wp-content\/uploads\/2021\/05\/22bet-top-events.png 314w, https:\/\/xxbet-company.com\/wp-content\/uploads\/2021\/05\/22bet-top-events-156x300.png 156w, https:\/\/xxbet-company.com\/wp-content\/uploads\/2021\/05\/22bet-top-events-6x12.png 6w\" sizes=\"(max-width: 314px) 100vw, 314px\" title=\"\"><figcaption>Mo\u017cesz obstawia\u0107 zak\u0142ady na najwa\u017cniejsze wydarzenia za pomoc\u0105 jednego klikni\u0119cia<\/figcaption><\/figure><\/div>\n\n\n\n<p>Na stronie g\u0142\u00f3wnej 22 Bet com znajduje si\u0119 wyb\u00f3r najciekawszych wydarze\u0144 sportowych, a w prawym g\u00f3rnym rogu kupon do obstawiania. Po bokach znajduj\u0105 si\u0119 banery informacyjne: instrukcja instalacji aplikacji mobilnej bukmachera oraz serwisy rozrywkowe firmy. W podziemiach serwisu znajduj\u0105 si\u0119 informacje pomocnicze. W nag\u0142\u00f3wku strony bukmacher oferuje szybki dost\u0119p do g\u0142\u00f3wnych us\u0142ug firmy, znajduj\u0105 si\u0119 tam takie sekcje jak:<\/p>\n\n\n\n<ul><li>linia;<\/li><li>na \u017cywo;<\/li><li>kasyno;<\/li><li>p\u0142atno\u015bci;<\/li><li>bonusy;<\/li><li>autoryzacja i rejestracja klient\u00f3w.<\/li><\/ul>\n\n\n\n<p>M\u00f3wi\u0105c o oficjalnej stronie 22Bet, nie spos\u00f3b nie wspomnie\u0107 o dzia\u0142ach rozrywkowych na oficjalnej stronie firmy. Opr\u00f3cz zak\u0142ad\u00f3w sportowych, bukmacher oferuje sp\u0119dzenie czasu na przegl\u0105daniu r\u00f3\u017cnych slot\u00f3w czy gier z krupierami na \u017cywo od najlepszych \u015bwiatowych dostawc\u00f3w.<\/p>\n\n\n\n<div class=\"wp-block-image\"><figure class=\"aligncenter size-full\"><img loading=\"lazy\" width=\"992\" height=\"622\" src=\"https:\/\/xxbet-company.com\/wp-content\/uploads\/2021\/05\/22bet-line-en.png\" alt=\"22 bet sport line\" class=\"wp-image-110\" srcset=\"https:\/\/xxbet-company.com\/wp-content\/uploads\/2021\/05\/22bet-line-en.png 992w, https:\/\/xxbet-company.com\/wp-content\/uploads\/2021\/05\/22bet-line-en-300x188.png 300w, https:\/\/xxbet-company.com\/wp-content\/uploads\/2021\/05\/22bet-line-en-16x10.png 16w\" sizes=\"(max-width: 992px) 100vw, 992px\" title=\"\"><figcaption>Wygodne wyszukiwanie wydarze\u0144 i obstawianie zak\u0142ad\u00f3w w 22Bet<\/figcaption><\/figure><\/div>\n\n\n\n<h2><span class=\"ez-toc-section\" id=\"22Bet_account\"><\/span><strong>Konto 22Bet<\/strong><span class=\"ez-toc-section-end\"><\/span><\/h2>\n\n\n\n<p>Oficjalna strona 22Bet wyr\u00f3\u017cnia si\u0119 na tle konkurencji szybkim \u0142adowaniem, prostym interfejsem i \u0142atwo\u015bci\u0105 u\u017cytkowania.<\/p>\n\n\n\n<p>Konto osobiste zawiera nast\u0119puj\u0105ce funkcje: ustawienia zaawansowane (ko\u0142o z\u0119bate w prawym g\u00f3rnym rogu), komunikaty systemowe, zarz\u0105dzanie po\u0142\u0105czeniami, informacje o aktualnym lustrze roboczym, pobieranie aplikacji na komputer i telefon kom\u00f3rkowy. Trzy ostatnie opcje znajduj\u0105 si\u0119 w lewym g\u00f3rnym rogu strony g\u0142\u00f3wnej. Opr\u00f3cz konta osobistego dost\u0119pny jest r\u00f3wnie\u017c panel czatu pomocy technicznej (prawy dolny r\u00f3g).<\/p>\n\n\n\n<h2><span class=\"ez-toc-section\" id=\"What_to_do_if_22Bet_website_is_blocked\"><\/span><strong>Co zrobi\u0107, je\u015bli strona 22Bet jest zablokowana?<\/strong><span class=\"ez-toc-section-end\"><\/span><\/h2>\n\n\n\n<p>Dla graczy z Rosji strona bukmachera 22Bet jest zablokowana przez Roskomnadzor. Je\u015bli chcesz gra\u0107 w tym serwisie, skorzystaj z alternatywnych metod omini\u0119cia blokady. Nie zalecamy korzystania z serwis\u00f3w nielegalnych bukmacher\u00f3w do obstawiania zak\u0142ad\u00f3w.<\/p>\n\n\n\n<p>\u2753 Strona jest zablokowana. Jak obstawia\u0107 w 22Bet?<\/p>\n\n\n\n<p>U\u017cyj jednej z poni\u017cszych metod:<\/p>\n\n\n\n<ul><li>pobierz <a href=\"https:\/\/en.wikipedia.org\/wiki\/Tor_(anonymity_network)\" class=\"rank-math-link\" rel=\"nofollow noopener\" target=\"_blank\">TOR<\/a> przegl\u0105darka,<\/li><li>u\u017cywa\u0107 22Bet <a href=\"https:\/\/xxbet-company.com\/pl\/access\/\" class=\"rank-math-link\">lustro<\/a>,<\/li><li>w ustawieniach po\u0142\u0105czenia zmie\u0144 proxy i port na anonimowy;<\/li><li>u\u017cyj VPN dla przegl\u0105darki.<\/li><\/ul>\n\n\n\n<div class=\"wp-block-image\"><figure class=\"aligncenter size-full\"><img loading=\"lazy\" width=\"1347\" height=\"611\" src=\"https:\/\/xxbet-company.com\/wp-content\/uploads\/2021\/05\/lk-22bet.png\" alt=\"\" class=\"wp-image-90\" srcset=\"https:\/\/xxbet-company.com\/wp-content\/uploads\/2021\/05\/lk-22bet.png 1347w, https:\/\/xxbet-company.com\/wp-content\/uploads\/2021\/05\/lk-22bet-300x136.png 300w, https:\/\/xxbet-company.com\/wp-content\/uploads\/2021\/05\/lk-22bet-1024x464.png 1024w, https:\/\/xxbet-company.com\/wp-content\/uploads\/2021\/05\/lk-22bet-16x7.png 16w\" sizes=\"(max-width: 1347px) 100vw, 1347px\" title=\"\"><figcaption>Nie zapomnij skonfigurowa\u0107 swojego konta<\/figcaption><\/figure><\/div>\n\n\n\n<h2><span class=\"ez-toc-section\" id=\"Payment_systems_on_22Bet_website\"><\/span><strong>Systemy p\u0142atno\u015bci na stronie 22Bet<\/strong><span class=\"ez-toc-section-end\"><\/span><\/h2>\n\n\n\n<p>22BET dok\u0142ada wszelkich stara\u0144, aby transakcje na Twoich \u015brodkach by\u0142y wygodne i szybkie. Do Twojej dyspozycji jest ogromna lista funduszy, kt\u00f3rymi mo\u017cesz zasili\u0107 swoje konto, a wyp\u0142aty s\u0105 realizowane tak szybko, jak to tylko mo\u017cliwe. Co wi\u0119cej, wszystkie transakcje s\u0105 ca\u0142kowicie bezpieczne i chronione przez wielokrotne szyfrowanie elektroniczne.<\/p>\n\n\n\n<p>\u017b\u0105dania wyp\u0142at s\u0105 przetwarzane przez ca\u0142\u0105 dob\u0119. Mo\u017cesz wyp\u0142aci\u0107 \u015brodki tylko przy u\u017cyciu tej samej metody p\u0142atno\u015bci, kt\u00f3ra zosta\u0142a u\u017cyta do wp\u0142aty \u015brodk\u00f3w na Twoje konto. Je\u015bli u\u017cywasz r\u00f3\u017cnych metod wp\u0142aty, wyp\u0142aty powinny by\u0107 proporcjonalne do inwestycji dokonanych przy u\u017cyciu tej metody.<\/p>\n\n\n\n<div class=\"wp-block-image\"><figure class=\"aligncenter size-full\"><img loading=\"lazy\" width=\"769\" height=\"473\" src=\"https:\/\/xxbet-company.com\/wp-content\/uploads\/2021\/05\/22bet-payment.png\" alt=\"Payment on 22Bet\" class=\"wp-image-114\" srcset=\"https:\/\/xxbet-company.com\/wp-content\/uploads\/2021\/05\/22bet-payment.png 769w, https:\/\/xxbet-company.com\/wp-content\/uploads\/2021\/05\/22bet-payment-300x185.png 300w, https:\/\/xxbet-company.com\/wp-content\/uploads\/2021\/05\/22bet-payment-16x10.png 16w\" sizes=\"(max-width: 769px) 100vw, 769px\" title=\"\"><figcaption>Popularne systemy p\u0142atno\u015bci na stronie 22Bet<\/figcaption><\/figure><\/div>","protected":false},"excerpt":{"rendered":"<p>The 22Bet website is balanced, there are no unnecessary details that would distract attention. The navigation is simple and straightforward &#8211; the column on the left contains the sports you can bet on, and the center of the page is dedicated to the current chances of the most important games and events. The coupon is <a href=\"https:\/\/xxbet-company.com\/pl\/official-site\/\" class=\"more-link\">&#8230;<\/a><\/p>","protected":false},"author":1,"featured_media":0,"parent":0,"menu_order":0,"comment_status":"closed","ping_status":"closed","template":"","meta":[],"amp_enabled":true,"_links":{"self":[{"href":"https:\/\/xxbet-company.com\/pl\/wp-json\/wp\/v2\/pages\/57"}],"collection":[{"href":"https:\/\/xxbet-company.com\/pl\/wp-json\/wp\/v2\/pages"}],"about":[{"href":"https:\/\/xxbet-company.com\/pl\/wp-json\/wp\/v2\/types\/page"}],"author":[{"embeddable":true,"href":"https:\/\/xxbet-company.com\/pl\/wp-json\/wp\/v2\/users\/1"}],"replies":[{"embeddable":true,"href":"https:\/\/xxbet-company.com\/pl\/wp-json\/wp\/v2\/comments?post=57"}],"version-history":[{"count":0,"href":"https:\/\/xxbet-company.com\/pl\/wp-json\/wp\/v2\/pages\/57\/revisions"}],"wp:attachment":[{"href":"https:\/\/xxbet-company.com\/pl\/wp-json\/wp\/v2\/media?parent=57"}],"curies":[{"name":"wp","href":"https:\/\/api.w.org\/{rel}","templated":true}]}}